{"id":2780,"date":"2016-12-12T11:36:04","date_gmt":"2016-12-12T10:36:04","guid":{"rendered":"http:\/\/scanmodul.com\/fr\/?page_id=2780"},"modified":"2026-01-06T13:39:59","modified_gmt":"2026-01-06T12:39:59","slug":"management","status":"publish","type":"page","link":"https:\/\/scanmodul.com\/fr\/management\/","title":{"rendered":"Management"},"content":{"rendered":"<div class=\"wpb-content-wrapper\"><p>[vc_row][vc_column][vc_empty_space height=\u00a0\u00bb10px\u00a0\u00bb][vc_separator color=\u00a0\u00bbcustom\u00a0\u00bb accent_color=\u00a0\u00bb#002d5e\u00a0\u00bb][vc_empty_space height=\u00a0\u00bb40px\u00a0\u00bb][\/vc_column][\/vc_row][vc_row][vc_column width=\u00a0\u00bb1\/3&Prime;][vc_empty_space height=\u00a0\u00bb40px\u00a0\u00bb][vc_single_image image=\u00a0\u00bb6944&Prime; img_size=\u00a0\u00bb600&#215;800&Prime;][\/vc_column][vc_column width=\u00a0\u00bb2\/3&Prime;][vc_column_text css=\u00a0\u00bb\u00a0\u00bb]<\/p>\n<h2>Patrick Bark<\/h2>\n<h4><strong><b>PDG<\/b> ScanModul\u00ae International Holding B.V.<\/strong><\/h4>\n<p>[\/vc_column_text][vc_empty_space height=\u00a0\u00bb20px\u00a0\u00bb][vc_column_text css=\u00a0\u00bb\u00a0\u00bb]Avant de rejoindre ScanModul\u00ae, Patrick \u00e9tait PDG et actionnaire de Life Safety Products B.V., leader du march\u00e9 des marteaux de s\u00e9curit\u00e9 et des produits de s\u00e9curit\u00e9 pour l&rsquo;industrie automobile sous la marque LIFEHAMMER\u00ae. Avant Life Safety Products, Patrick a pass\u00e9 13 ans chez Poppers Holding B.V., un fabricant et distributeur d&rsquo;outils pneumatiques et de fixations. Chez Poppers, Patrick a occup\u00e9 plusieurs postes de membre du conseil d&rsquo;administration et est \u00e9galement devenu actionnaire. Patrick a commenc\u00e9 sa carri\u00e8re en 1991 en tant que stagiaire en gestion chez Metabowerke GmbH &amp; Co KG en Allemagne, un fabricant d&rsquo;outils \u00e9lectriques portatifs et stationnaires, et a occup\u00e9 divers postes dans la gestion des produits, les ventes et le marketing jusqu&rsquo;en 1998. Patrick est titulaire d&rsquo;une licence en administration des affaires de la Hogeschool Haarlem. Au cours de sa carri\u00e8re, Patrick a pass\u00e9 plus de 11 ans \u00e0 l&rsquo;\u00e9tranger et est devenu un chef d&rsquo;entreprise, comp\u00e9tent en mati\u00e8re de d\u00e9veloppement commercial international, de distribution, de fabrication et d&rsquo;approvisionnement, qui s&rsquo;est forg\u00e9 un solide palmar\u00e8s et une excellente r\u00e9putation.[\/vc_column_text][\/vc_column][\/vc_row][vc_row][vc_column][vc_empty_space height=\u00a0\u00bb40px\u00a0\u00bb][vc_separator color=\u00a0\u00bbcustom\u00a0\u00bb accent_color=\u00a0\u00bb#002d5e\u00a0\u00bb][vc_empty_space height=\u00a0\u00bb40px\u00a0\u00bb][\/vc_column][\/vc_row][vc_row][vc_column width=\u00a0\u00bb1\/3&Prime;][vc_empty_space height=\u00a0\u00bb40px\u00a0\u00bb][vc_single_image image=\u00a0\u00bb14044&Prime; img_size=\u00a0\u00bb600&#215;800&Prime; css=\u00a0\u00bb\u00a0\u00bb][\/vc_column][vc_column width=\u00a0\u00bb2\/3&Prime;][vc_column_text css=\u00a0\u00bb\u00a0\u00bb]<\/p>\n<h2><span lang=\"FR\">Guillaume Mamman<\/span><\/h2>\n<h4><b><span lang=\"FR\">Directeur des ventes et du marketing<\/span><\/b><\/h4>\n<p>[\/vc_column_text][vc_empty_space height=\u00a0\u00bb20px\u00a0\u00bb][vc_column_text css=\u00a0\u00bb\u00a0\u00bb]<span lang=\"FR\">Guillaume a plus de 20 ans d&rsquo;exp\u00e9rience dans le domaine des ventes et du marketing et poss\u00e8de une grande expertise dans l&rsquo;\u00e9laboration de strat\u00e9gies visant \u00e0 d\u00e9velopper les entreprises. Chez ScanModul\u00ae, il est charg\u00e9 de diriger les \u00e9quipes de vente et de marketing afin d&rsquo;\u00e9tablir des relations durables avec les clients et d&rsquo;obtenir des r\u00e9sultats commerciaux. Auparavant, il a g\u00e9r\u00e9 et optimis\u00e9 avec succ\u00e8s les activit\u00e9s de marketing et de vente au sein de plusieurs organisations, dont Manutan.<\/span><\/p>\n<p>Guillaume a obtenu un dipl\u00f4me HBO en marketing et communication et est un professionnel certifi\u00e9 du marketing et des ventes B2B. Il a approfondi ses connaissances en suivant une formation Post HBO en strat\u00e9gies num\u00e9riques.<\/p>\n<p>Sa passion est de relier efficacement les besoins des clients \u00e0 des solutions innovantes et de d\u00e9velopper des campagnes de marketing puissantes pour cr\u00e9er une valeur ajout\u00e9e durable.[\/vc_column_text][\/vc_column][\/vc_row][vc_row][vc_column][vc_empty_space height=\u00a0\u00bb40px\u00a0\u00bb][vc_separator color=\u00a0\u00bbcustom\u00a0\u00bb accent_color=\u00a0\u00bb#002d5e\u00a0\u00bb][vc_empty_space height=\u00a0\u00bb40px\u00a0\u00bb][\/vc_column][\/vc_row][vc_row][vc_column width=\u00a0\u00bb1\/3&Prime;][vc_empty_space height=\u00a0\u00bb40px\u00a0\u00bb][vc_single_image image=\u00a0\u00bb8035&Prime; img_size=\u00a0\u00bb600&#215;800&Prime;][\/vc_column][vc_column width=\u00a0\u00bb2\/3&Prime;][vc_column_text css=\u00a0\u00bb\u00a0\u00bb]<\/p>\n<h2>Robbert van Woerden<\/h2>\n<h4><strong>Directeur Financier<\/strong><\/h4>\n<p>[\/vc_column_text][vc_empty_space height=\u00a0\u00bb20px\u00a0\u00bb][vc_column_text css=\u00a0\u00bb\u00a0\u00bb]Robbert van Woerden a plus de 12 ans d&rsquo;exp\u00e9rience dans le domaine de l&rsquo;audit et des fusions et acquisitions. Avant de rejoindre ScanModul\u00ae, Robbert a travaill\u00e9 comme consultant en fusions et acquisitions pour BDO, au service d&rsquo;un large \u00e9ventail de clients op\u00e9rant dans les secteurs du commerce de gros, des TMT et de la construction. Robbert a commenc\u00e9 sa carri\u00e8re en tant qu&rsquo;auditeur stagiaire et a gravi les \u00e9chelons jusqu&rsquo;\u00e0 devenir manager sp\u00e9cialis\u00e9 dans les entreprises de taille moyenne. Il est titulaire d&rsquo;un Master of Science en comptabilit\u00e9 de la Nyenrode Business University aux Pays-Bas.[\/vc_column_text][\/vc_column][\/vc_row][vc_row disable_element=\u00a0\u00bbyes\u00a0\u00bb][vc_column][vc_empty_space height=\u00a0\u00bb40px\u00a0\u00bb][vc_separator color=\u00a0\u00bbcustom\u00a0\u00bb accent_color=\u00a0\u00bb#002d5e\u00a0\u00bb][vc_empty_space height=\u00a0\u00bb40px\u00a0\u00bb][\/vc_column][\/vc_row][vc_row disable_element=\u00a0\u00bbyes\u00a0\u00bb][vc_column width=\u00a0\u00bb1\/3&Prime;][vc_empty_space height=\u00a0\u00bb40px\u00a0\u00bb][vc_single_image image=\u00a0\u00bb9180&Prime; img_size=\u00a0\u00bb600&#215;800&Prime;][\/vc_column][vc_column width=\u00a0\u00bb2\/3&Prime;][vc_column_text css=\u00a0\u00bb\u00a0\u00bb]<\/p>\n<h2>Michel van Paassen<\/h2>\n<h4><strong><span lang=\"FR\">Directeur des op\u00e9rations<\/span><\/strong><\/h4>\n<p>[\/vc_column_text][vc_empty_space height=\u00a0\u00bb20px\u00a0\u00bb][vc_column_text css=\u00a0\u00bb\u00a0\u00bb]<\/p>\n<p style=\"font-weight: 400;\">Michel van Paassen poss\u00e8de une vaste exp\u00e9rience (plus de 25 ans) dans le domaine de la logistique, de l&rsquo;entreposage, de la production et du traitement de la qualit\u00e9. Il a commenc\u00e9 sa carri\u00e8re en tant que directeur d&rsquo;entrep\u00f4t chez Solar, une soci\u00e9t\u00e9 europ\u00e9enne d&rsquo;approvisionnement et de service en solutions \u00e9lectriques, de chauffage et de plomberie.<\/p>\n<p style=\"font-weight: 400;\">Avant de travailler chez ScanModul\u00ae, Michel \u00e9tait directeur de la logistique et de la production pour l&rsquo;organisation Kyocera Senco, anciennement connue sous le nom de Verpa Senco, le principal fournisseur expert de fixations et d&rsquo;outils dans la r\u00e9gion EMEA. Au cours de sa carri\u00e8re chez Kyocera, Michel a \u00e9galement occup\u00e9 les fonctions de responsable de la qualit\u00e9 (ISO 9001 et IATF 16949) et d&rsquo;utilisateur cl\u00e9 de SAP pour la logistique et la production. En tant qu&rsquo;utilisateur cl\u00e9 de SAP, il a fait partie de l&rsquo;\u00e9quipe de projet charg\u00e9e de la mise en \u0153uvre de SAP dans les diff\u00e9rents sites europ\u00e9ens.<\/p>\n<p style=\"font-weight: 400;\">Michel est titulaire d&rsquo;une licence en logistique et en \u00e9conomie de la Hogeschool voor Economische Studies de Rotterdam. Il est \u00e9galement titulaire d&rsquo;un dipl\u00f4me post-baccalaur\u00e9at en ing\u00e9nierie industrielle et en gestion.<\/p>\n<p>[\/vc_column_text][\/vc_column][\/vc_row][vc_row][vc_column][vc_empty_space height=\u00a0\u00bb40px\u00a0\u00bb][vc_separator color=\u00a0\u00bbcustom\u00a0\u00bb accent_color=\u00a0\u00bb#002d5e\u00a0\u00bb][vc_empty_space height=\u00a0\u00bb40px\u00a0\u00bb][\/vc_column][\/vc_row][vc_row][vc_column width=\u00a0\u00bb1\/3&Prime;][vc_empty_space height=\u00a0\u00bb40px\u00a0\u00bb][vc_single_image image=\u00a0\u00bb6002&Prime; img_size=\u00a0\u00bbfull\u00a0\u00bb][\/vc_column][vc_column width=\u00a0\u00bb2\/3&Prime;][vc_column_text css=\u00a0\u00bb\u00a0\u00bb]<\/p>\n<h2>Oded Yoseph<\/h2>\n<h4><strong>Directeur de la technologie<\/strong><\/h4>\n<p>[\/vc_column_text][vc_empty_space height=\u00a0\u00bb20px\u00a0\u00bb][vc_column_text css=\u00a0\u00bb\u00a0\u00bb]<\/p>\n<p style=\"font-weight: 400;\">Oded Yoseph poss\u00e8de une vaste exp\u00e9rience dans les domaines du d\u00e9veloppement de produits et de la strat\u00e9gie de production au sein d&rsquo;entreprises du secteur des soins de sant\u00e9.<\/p>\n<p style=\"font-weight: 400;\">En tant que responsable de l&rsquo;am\u00e9lioration continue, Oded surveille tous les produits de ScanModul\u00ae, encourageant l&rsquo;innovation et les normes de qualit\u00e9 \u00e9lev\u00e9es. Il assure \u00e9galement la communication quotidienne avec les fabricants de ScanModul\u00ae, aidant \u00e0 r\u00e9soudre les probl\u00e8mes et \u00e9tablissant des lignes directrices pour la production.<\/p>\n<p style=\"font-weight: 400;\">Oded est titulaire d&rsquo;une licence en design industriel de HIT IL et a suivi plusieurs cours de design, d&rsquo;ing\u00e9nierie et de production all\u00e9g\u00e9e.<\/p>\n<p>[\/vc_column_text][\/vc_column][\/vc_row][vc_row][vc_column][vc_empty_space height=\u00a0\u00bb40px\u00a0\u00bb][vc_separator color=\u00a0\u00bbcustom\u00a0\u00bb accent_color=\u00a0\u00bb#002d5e\u00a0\u00bb][vc_empty_space height=\u00a0\u00bb40px\u00a0\u00bb][\/vc_column][\/vc_row][vc_row][vc_column width=\u00a0\u00bb1\/3&Prime;][vc_empty_space height=\u00a0\u00bb40px\u00a0\u00bb][vc_single_image image=\u00a0\u00bb12854&Prime; img_size=\u00a0\u00bb600&#215;800&Prime; css=\u00a0\u00bb\u00a0\u00bb][\/vc_column][vc_column width=\u00a0\u00bb2\/3&Prime;][vc_column_text css=\u00a0\u00bb\u00a0\u00bb]<\/p>\n<h2>Charlotte Vanliefde<\/h2>\n<h4><b><span lang=\"FR\">Manager Innovation &amp; Products<\/span><\/b><\/h4>\n<p>[\/vc_column_text][vc_empty_space height=\u00a0\u00bb20px\u00a0\u00bb][vc_column_text css=\u00a0\u00bb\u00a0\u00bb]<\/p>\n<p style=\"font-weight: 400;\">Charlotte a rejoint Belintra en 2012 et est actuellement responsable de l&rsquo;innovation et des produits pour le portfolio combin\u00e9 de Belintra et ScanModul\u00ae.<\/p>\n<p style=\"font-weight: 400;\"><strong>Exp\u00e9rience<\/strong><\/p>\n<ul>\n<li style=\"font-weight: 400;\">Ing\u00e9nieur en d\u00e9veloppement de produits Belintra<\/li>\n<li style=\"font-weight: 400;\">Conseill\u00e8re en innovation Fedustria\/Optimo<\/li>\n<li style=\"font-weight: 400;\">D\u00e9veloppement de produits KBT NV<\/li>\n<li style=\"font-weight: 400;\">Msc Product Development Universit\u00e9 d&rsquo;Anvers<\/li>\n<\/ul>\n<p>[\/vc_column_text][\/vc_column][\/vc_row][vc_row][vc_column][vc_empty_space height=\u00a0\u00bb40px\u00a0\u00bb][vc_separator color=\u00a0\u00bbcustom\u00a0\u00bb accent_color=\u00a0\u00bb#002d5e\u00a0\u00bb][vc_empty_space height=\u00a0\u00bb40px\u00a0\u00bb][\/vc_column][\/vc_row][vc_row][vc_column width=\u00a0\u00bb1\/3&Prime;][vc_empty_space height=\u00a0\u00bb40px\u00a0\u00bb][vc_single_image image=\u00a0\u00bb5517&Prime; img_size=\u00a0\u00bbfull\u00a0\u00bb][\/vc_column][vc_column width=\u00a0\u00bb2\/3&Prime;][vc_column_text css=\u00a0\u00bb\u00a0\u00bb]<\/p>\n<h2>Christophe Boc\u00e9no<\/h2>\n<h4><strong>Directeur G\u00e9n\u00e9ral &#8211; France et Iberia<\/strong><\/h4>\n<p>[\/vc_column_text][vc_empty_space height=\u00a0\u00bb20px\u00a0\u00bb][vc_column_text css=\u00a0\u00bb\u00a0\u00bb]Christophe Boc\u00e9no a une longue exp\u00e9rience dans l&rsquo;organisation et la gestion des syst\u00e8mes d\u2019information dans le domaine de l\u2019Industrie, des Services et de la Sant\u00e9 avec une carri\u00e8re de plus de 20 ans. Christophe Boc\u00e9no poss\u00e8de une connaissance approfondie des solutions et des strat\u00e9gies d&rsquo;optimisation de la cha\u00eene logistique hospitali\u00e8re et de la gestion des produits \u00e0 usage pharmaceutique dans le respect des normes d\u2019accr\u00e9ditation en vigueur.<\/p>\n<p>En tant que Directeur G\u00e9n\u00e9ral de ScanModul\u00ae France, Christophe est responsable de la strat\u00e9gie, des ventes et de l&rsquo;ex\u00e9cution du plan directeur. Avant de rejoindre ScanModul\u00ae en 2004, Christophe \u00e9tait Directeur chez Cap G2AI, responsable de la conception et de la mise en \u0153uvre de divers syst\u00e8mes d\u2019informations avanc\u00e9s. Christophe Boc\u00e9no est titulaire d&rsquo;une Ma\u00eetrise en Economie.[\/vc_column_text][\/vc_column][\/vc_row][vc_row][vc_column][vc_empty_space height=\u00a0\u00bb40px\u00a0\u00bb][vc_separator color=\u00a0\u00bbcustom\u00a0\u00bb accent_color=\u00a0\u00bb#002d5e\u00a0\u00bb][vc_empty_space height=\u00a0\u00bb40px\u00a0\u00bb][\/vc_column][\/vc_row][vc_row][vc_column width=\u00a0\u00bb1\/3&Prime;][vc_empty_space height=\u00a0\u00bb40px\u00a0\u00bb][vc_single_image image=\u00a0\u00bb14182&Prime; img_size=\u00a0\u00bbfull\u00a0\u00bb css=\u00a0\u00bb\u00a0\u00bb][\/vc_column][vc_column width=\u00a0\u00bb2\/3&Prime;][vc_column_text css=\u00a0\u00bb\u00a0\u00bb]<\/p>\n<h2>Kim Lange<\/h2>\n<h4><strong>Directeur G\u00e9n\u00e9ral &#8211; Nordics<\/strong><\/h4>\n<p>[\/vc_column_text][vc_empty_space height=\u00a0\u00bb20px\u00a0\u00bb][vc_column_text]Kim Lange poss\u00e8de une vaste exp\u00e9rience dans le secteur de la Sant\u00e9.<\/p>\n<p>En tant que directeur g\u00e9n\u00e9ral de ScanModul\u00ae dans les pays nordiques, Kim Lange est responsable de la strat\u00e9gie, des ventes et de l&rsquo;ex\u00e9cution de la strat\u00e9gie des territoires ainsi que de la gestion des relations avec les partenaires internationaux de ScanModul\u00ae.<\/p>\n<p>Avant de se joindre \u00e0 ScanModul\u00ae, Kim Lange occupait diff\u00e9rents postes de vente et de gestion de projets aupr\u00e8s de soci\u00e9t\u00e9s ayant pour activit\u00e9 la cha\u00eene d&rsquo;approvisionnement pour les \u00e9tablissements de sant\u00e9 et des laboratoires, notamment avec Labflex, Byrum et ByrumLabflex, o\u00f9 il a g\u00e9r\u00e9 plusieurs des plus importants projets d\u00e9ploy\u00e9s en Scandinavie au cours des 10 derni\u00e8res ann\u00e9es.<\/p>\n<p>Kim Lange d\u00e9tient un dipl\u00f4me de l&rsquo;Acad\u00e9mie danoise des affaires et a obtenu un dipl\u00f4me de l&rsquo;\u00e9cole norv\u00e9gienne d&rsquo;affaires en \u00e9conomie d&rsquo;entreprise et gestion des ressources humaines.[\/vc_column_text][\/vc_column][\/vc_row][vc_row][vc_column][vc_empty_space height=\u00a0\u00bb40px\u00a0\u00bb][vc_separator color=\u00a0\u00bbcustom\u00a0\u00bb accent_color=\u00a0\u00bb#002d5e\u00a0\u00bb][vc_empty_space height=\u00a0\u00bb40px\u00a0\u00bb][\/vc_column][\/vc_row][vc_row][vc_column width=\u00a0\u00bb1\/3&Prime;][vc_empty_space height=\u00a0\u00bb40px\u00a0\u00bb][vc_single_image image=\u00a0\u00bb6047&Prime; img_size=\u00a0\u00bbfull\u00a0\u00bb][\/vc_column][vc_column width=\u00a0\u00bb2\/3&Prime;][vc_column_text css=\u00a0\u00bb\u00a0\u00bb]<\/p>\n<h2>Peter van der Hoorn<\/h2>\n<h4><strong>Directeur Commercial &#8211; Pays-Bas<\/strong><\/h4>\n<p>[\/vc_column_text][vc_empty_space height=\u00a0\u00bb20px\u00a0\u00bb][vc_column_text css=\u00a0\u00bb\u00a0\u00bb]Peter a plus de 20 ans d&rsquo;exp\u00e9rience dans le domaine de la Sant\u00e9, y compris dans l&rsquo;introduction et le d\u00e9veloppement de nouveaux produits sur le march\u00e9 pour des marques mondialement connues.<\/p>\n<p>En tant que Sales Manager des Pays-Bas, Peter van der Hoorn est Responsable des Strat\u00e9gies Commerciales pour ScanModul\u00ae BV ainsi que l&rsquo;ex\u00e9cution et la mise en \u0153uvre des projets.<\/p>\n<p>Peter van der Hoorn a suivi divers cours dans les domaines de la gestion, de l&rsquo;industrialisation et l&rsquo;administration des affaires.[\/vc_column_text][\/vc_column][\/vc_row][vc_row][vc_column][vc_empty_space height=\u00a0\u00bb40px\u00a0\u00bb][vc_separator color=\u00a0\u00bbcustom\u00a0\u00bb accent_color=\u00a0\u00bb#002d5e\u00a0\u00bb][vc_empty_space height=\u00a0\u00bb40px\u00a0\u00bb][\/vc_column][\/vc_row][vc_row][vc_column width=\u00a0\u00bb1\/3&Prime;][vc_empty_space height=\u00a0\u00bb40px\u00a0\u00bb][vc_single_image image=\u00a0\u00bb13029&Prime; img_size=\u00a0\u00bbfull\u00a0\u00bb css=\u00a0\u00bb\u00a0\u00bb][\/vc_column][vc_column width=\u00a0\u00bb2\/3&Prime;][vc_column_text css=\u00a0\u00bb\u00a0\u00bb]<\/p>\n<h2><b><span lang=\"FR\">Georgios Kopanidis<\/span><\/b><\/h2>\n<h4><strong><span lang=\"FR\">Directeur Commercial D-A-CH<\/span><\/strong><\/h4>\n<p>[\/vc_column_text][vc_empty_space height=\u00a0\u00bb20px\u00a0\u00bb][vc_column_text css=\u00a0\u00bb\u00a0\u00bb]Georgios est un professionnel de la vente exp\u00e9riment\u00e9 avec plus de 25 ans de succ\u00e8s dans la vente directe et la gestion des ventes dans les industries m\u00e9dicales, pharmaceutiques et chimiques. Sa vaste exp\u00e9rience de la navigation sur des march\u00e9s internationaux complexes et de la direction d&rsquo;\u00e9quipes internationales apporte \u00e0 l&rsquo;entreprise une grande expertise et une vision strat\u00e9gique. En tant que directeur des ventes de D-A-CH, il est responsable de la gestion du personnel de vente, du d\u00e9veloppement continu et de la mise en \u0153uvre de strat\u00e9gies de vente solides. Georgios est titulaire d&rsquo;un dipl\u00f4me en biologie de l&rsquo;universit\u00e9 d&rsquo;Erlangen.[\/vc_column_text][\/vc_column][\/vc_row]<\/p>\n<\/div>","protected":false},"excerpt":{"rendered":"<p>[vc_row][vc_column][vc_empty_space height=\u00a0\u00bb10px\u00a0\u00bb][vc_separator color=\u00a0\u00bbcustom\u00a0\u00bb accent_color=\u00a0\u00bb#002d5e\u00a0\u00bb][vc_empty_space height=\u00a0\u00bb40px\u00a0\u00bb][\/vc_column][\/vc_row][vc_row][vc_column width=\u00a0\u00bb1\/3&Prime;][vc_empty_space height=\u00a0\u00bb40px\u00a0\u00bb][vc_single_image image=\u00a0\u00bb6944&Prime; img_size=\u00a0\u00bb600&#215;800&Prime;][\/vc_column][vc_column width=\u00a0\u00bb2\/3&Prime;][vc_column_text css=\u00a0\u00bb\u00a0\u00bb] Patrick Bark PDG ScanModul\u00ae International Holding B.V. [\/vc_column_text][vc_empty_space height=\u00a0\u00bb20px\u00a0\u00bb][vc_column_text css=\u00a0\u00bb\u00a0\u00bb]Avant de rejoindre ScanModul\u00ae, Patrick \u00e9tait PDG et actionnaire de Life Safety Products B.V., leader du march\u00e9 des marteaux de s\u00e9curit\u00e9 et des produits de s\u00e9curit\u00e9 pour l&rsquo;industrie automobile sous la marque LIFEHAMMER\u00ae. Avant Life [&hellip;]<\/p>\n","protected":false},"author":14,"featured_media":0,"parent":0,"menu_order":0,"comment_status":"closed","ping_status":"closed","template":"","meta":{"_acf_changed":false,"footnotes":""},"class_list":["post-2780","page","type-page","status-publish","hentry"],"acf":[],"yoast_head":"<!-- This site is optimized with the Yoast SEO plugin v27.3 - https:\/\/yoast.com\/product\/yoast-seo-wordpress\/ -->\n<title>Management - Scanmodul<\/title>\n<meta name=\"robots\" content=\"index, follow, max-snippet:-1, max-image-preview:large, max-video-preview:-1\" \/>\n<link rel=\"canonical\" href=\"https:\/\/scanmodul.com\/fr\/management\/\" \/>\n<meta property=\"og:locale\" content=\"fr_FR\" \/>\n<meta property=\"og:type\" content=\"article\" \/>\n<meta property=\"og:title\" content=\"Management - Scanmodul\" \/>\n<meta property=\"og:description\" content=\"[vc_row][vc_column][vc_empty_space height=\u00a0\u00bb10px\u00a0\u00bb][vc_separator color=\u00a0\u00bbcustom\u00a0\u00bb accent_color=\u00a0\u00bb#002d5e\u00a0\u00bb][vc_empty_space height=\u00a0\u00bb40px\u00a0\u00bb][\/vc_column][\/vc_row][vc_row][vc_column width=\u00a0\u00bb1\/3&Prime;][vc_empty_space height=\u00a0\u00bb40px\u00a0\u00bb][vc_single_image image=\u00a0\u00bb6944&Prime; img_size=\u00a0\u00bb600&#215;800&Prime;][\/vc_column][vc_column width=\u00a0\u00bb2\/3&Prime;][vc_column_text css=\u00a0\u00bb\u00a0\u00bb] Patrick Bark PDG ScanModul\u00ae International Holding B.V. [\/vc_column_text][vc_empty_space height=\u00a0\u00bb20px\u00a0\u00bb][vc_column_text css=\u00a0\u00bb\u00a0\u00bb]Avant de rejoindre ScanModul\u00ae, Patrick \u00e9tait PDG et actionnaire de Life Safety Products B.V., leader du march\u00e9 des marteaux de s\u00e9curit\u00e9 et des produits de s\u00e9curit\u00e9 pour l&rsquo;industrie automobile sous la marque LIFEHAMMER\u00ae. Avant Life [&hellip;]\" \/>\n<meta property=\"og:url\" content=\"https:\/\/scanmodul.com\/fr\/management\/\" \/>\n<meta property=\"og:site_name\" content=\"Scanmodul\" \/>\n<meta property=\"article:modified_time\" content=\"2026-01-06T12:39:59+00:00\" \/>\n<meta name=\"twitter:card\" content=\"summary_large_image\" \/>\n<meta name=\"twitter:label1\" content=\"Dur\u00e9e de lecture estim\u00e9e\" \/>\n\t<meta name=\"twitter:data1\" content=\"9 minutes\" \/>\n<script type=\"application\/ld+json\" class=\"yoast-schema-graph\">{\"@context\":\"https:\\\/\\\/schema.org\",\"@graph\":[{\"@type\":\"WebPage\",\"@id\":\"https:\\\/\\\/scanmodul.com\\\/fr\\\/management\\\/\",\"url\":\"https:\\\/\\\/scanmodul.com\\\/fr\\\/management\\\/\",\"name\":\"Management - Scanmodul\",\"isPartOf\":{\"@id\":\"https:\\\/\\\/scanmodul.com\\\/#website\"},\"datePublished\":\"2016-12-12T10:36:04+00:00\",\"dateModified\":\"2026-01-06T12:39:59+00:00\",\"breadcrumb\":{\"@id\":\"https:\\\/\\\/scanmodul.com\\\/fr\\\/management\\\/#breadcrumb\"},\"inLanguage\":\"fr-FR\",\"potentialAction\":[{\"@type\":\"ReadAction\",\"target\":[\"https:\\\/\\\/scanmodul.com\\\/fr\\\/management\\\/\"]}]},{\"@type\":\"BreadcrumbList\",\"@id\":\"https:\\\/\\\/scanmodul.com\\\/fr\\\/management\\\/#breadcrumb\",\"itemListElement\":[{\"@type\":\"ListItem\",\"position\":1,\"name\":\"Startseite\",\"item\":\"https:\\\/\\\/scanmodul.com\\\/fr\\\/\"},{\"@type\":\"ListItem\",\"position\":2,\"name\":\"Management\"}]},{\"@type\":\"WebSite\",\"@id\":\"https:\\\/\\\/scanmodul.com\\\/#website\",\"url\":\"https:\\\/\\\/scanmodul.com\\\/\",\"name\":\"Scanmodul\",\"description\":\"\",\"potentialAction\":[{\"@type\":\"SearchAction\",\"target\":{\"@type\":\"EntryPoint\",\"urlTemplate\":\"https:\\\/\\\/scanmodul.com\\\/?s={search_term_string}\"},\"query-input\":{\"@type\":\"PropertyValueSpecification\",\"valueRequired\":true,\"valueName\":\"search_term_string\"}}],\"inLanguage\":\"fr-FR\"}]}<\/script>\n<!-- \/ Yoast SEO plugin. -->","yoast_head_json":{"title":"Management - Scanmodul","robots":{"index":"index","follow":"follow","max-snippet":"max-snippet:-1","max-image-preview":"max-image-preview:large","max-video-preview":"max-video-preview:-1"},"canonical":"https:\/\/scanmodul.com\/fr\/management\/","og_locale":"fr_FR","og_type":"article","og_title":"Management - Scanmodul","og_description":"[vc_row][vc_column][vc_empty_space height=\u00a0\u00bb10px\u00a0\u00bb][vc_separator color=\u00a0\u00bbcustom\u00a0\u00bb accent_color=\u00a0\u00bb#002d5e\u00a0\u00bb][vc_empty_space height=\u00a0\u00bb40px\u00a0\u00bb][\/vc_column][\/vc_row][vc_row][vc_column width=\u00a0\u00bb1\/3&Prime;][vc_empty_space height=\u00a0\u00bb40px\u00a0\u00bb][vc_single_image image=\u00a0\u00bb6944&Prime; img_size=\u00a0\u00bb600&#215;800&Prime;][\/vc_column][vc_column width=\u00a0\u00bb2\/3&Prime;][vc_column_text css=\u00a0\u00bb\u00a0\u00bb] Patrick Bark PDG ScanModul\u00ae International Holding B.V. [\/vc_column_text][vc_empty_space height=\u00a0\u00bb20px\u00a0\u00bb][vc_column_text css=\u00a0\u00bb\u00a0\u00bb]Avant de rejoindre ScanModul\u00ae, Patrick \u00e9tait PDG et actionnaire de Life Safety Products B.V., leader du march\u00e9 des marteaux de s\u00e9curit\u00e9 et des produits de s\u00e9curit\u00e9 pour l&rsquo;industrie automobile sous la marque LIFEHAMMER\u00ae. Avant Life [&hellip;]","og_url":"https:\/\/scanmodul.com\/fr\/management\/","og_site_name":"Scanmodul","article_modified_time":"2026-01-06T12:39:59+00:00","twitter_card":"summary_large_image","twitter_misc":{"Dur\u00e9e de lecture estim\u00e9e":"9 minutes"},"schema":{"@context":"https:\/\/schema.org","@graph":[{"@type":"WebPage","@id":"https:\/\/scanmodul.com\/fr\/management\/","url":"https:\/\/scanmodul.com\/fr\/management\/","name":"Management - Scanmodul","isPartOf":{"@id":"https:\/\/scanmodul.com\/#website"},"datePublished":"2016-12-12T10:36:04+00:00","dateModified":"2026-01-06T12:39:59+00:00","breadcrumb":{"@id":"https:\/\/scanmodul.com\/fr\/management\/#breadcrumb"},"inLanguage":"fr-FR","potentialAction":[{"@type":"ReadAction","target":["https:\/\/scanmodul.com\/fr\/management\/"]}]},{"@type":"BreadcrumbList","@id":"https:\/\/scanmodul.com\/fr\/management\/#breadcrumb","itemListElement":[{"@type":"ListItem","position":1,"name":"Startseite","item":"https:\/\/scanmodul.com\/fr\/"},{"@type":"ListItem","position":2,"name":"Management"}]},{"@type":"WebSite","@id":"https:\/\/scanmodul.com\/#website","url":"https:\/\/scanmodul.com\/","name":"Scanmodul","description":"","potentialAction":[{"@type":"SearchAction","target":{"@type":"EntryPoint","urlTemplate":"https:\/\/scanmodul.com\/?s={search_term_string}"},"query-input":{"@type":"PropertyValueSpecification","valueRequired":true,"valueName":"search_term_string"}}],"inLanguage":"fr-FR"}]}},"_links":{"self":[{"href":"https:\/\/scanmodul.com\/fr\/wp-json\/wp\/v2\/pages\/2780","targetHints":{"allow":["GET"]}}],"collection":[{"href":"https:\/\/scanmodul.com\/fr\/wp-json\/wp\/v2\/pages"}],"about":[{"href":"https:\/\/scanmodul.com\/fr\/wp-json\/wp\/v2\/types\/page"}],"author":[{"embeddable":true,"href":"https:\/\/scanmodul.com\/fr\/wp-json\/wp\/v2\/users\/14"}],"replies":[{"embeddable":true,"href":"https:\/\/scanmodul.com\/fr\/wp-json\/wp\/v2\/comments?post=2780"}],"version-history":[{"count":61,"href":"https:\/\/scanmodul.com\/fr\/wp-json\/wp\/v2\/pages\/2780\/revisions"}],"predecessor-version":[{"id":14542,"href":"https:\/\/scanmodul.com\/fr\/wp-json\/wp\/v2\/pages\/2780\/revisions\/14542"}],"wp:attachment":[{"href":"https:\/\/scanmodul.com\/fr\/wp-json\/wp\/v2\/media?parent=2780"}],"curies":[{"name":"wp","href":"https:\/\/api.w.org\/{rel}","templated":true}]}}