{"id":2777,"date":"2016-12-12T11:29:03","date_gmt":"2016-12-12T10:29:03","guid":{"rendered":"http:\/\/scanmodul.com\/fr\/?page_id=2777"},"modified":"2024-02-22T09:27:22","modified_gmt":"2024-02-22T08:27:22","slug":"board","status":"publish","type":"page","link":"https:\/\/scanmodul.com\/fr\/board\/","title":{"rendered":"Board"},"content":{"rendered":"<div class=\"wpb-content-wrapper\"><p>[vc_row][vc_column][vc_empty_space height=\u00a0\u00bb10px\u00a0\u00bb][vc_separator color=\u00a0\u00bbcustom\u00a0\u00bb accent_color=\u00a0\u00bb#002d5e\u00a0\u00bb][vc_empty_space height=\u00a0\u00bb20px\u00a0\u00bb][\/vc_column][\/vc_row][vc_row][vc_column width=\u00a0\u00bb1\/3&Prime;][vc_empty_space height=\u00a0\u00bb40px\u00a0\u00bb][vc_single_image image=\u00a0\u00bb6944&Prime; img_size=\u00a0\u00bb600&#215;800&Prime;][\/vc_column][vc_column width=\u00a0\u00bb2\/3&Prime;][vc_column_text]<\/p>\n<h2><span style=\"color: #002d5e;\">Patrick Bark<\/span><\/h2>\n<h4><span style=\"color: #333333;\">CEO Scan Modul International Holding B.V.<\/span><\/h4>\n<p>[\/vc_column_text][vc_empty_space height=\u00a0\u00bb20px\u00a0\u00bb][vc_column_text]Prior to joining Scan Modul, Patrick was CEO and shareholder of Life Safety Products B.V., market leader for safety hammers and safety products for the automotive industry under the brand LIFEHAMMER\u00ae. Prior to Life Safety Products, Patrick spent 13 years at Poppers Holding B.V., a manufacturer and distributor of pneumatic tools and fasteners. At Poppers, Patrick held various Board Member positions and also became shareholder. Patrick started his career in 1991 as a Management Trainee at Metabowerke GmbH &amp; Co KG in Germany, a manufacturer of electric hand held and stationary power tools, and served in various roles in product management, sales and marketing until 1998. Patrick holds a Bachelor in Business Administration from Hogeschool Haarlem. During his career Patrick spent more than 11 years abroad and developed himself into an entrepreneurial CEO, skilled in international business development, distribution, manufacturing and sourcing, building a solid track record and excellent reputation.<\/p>\n<p>[\/vc_column_text][\/vc_column][\/vc_row][vc_row][vc_column width=\u00a0\u00bb1\/3&Prime;][vc_empty_space height=\u00a0\u00bb40px\u00a0\u00bb][vc_single_image image=\u00a0\u00bb8032&Prime; img_size=\u00a0\u00bb600&#215;800&Prime;][\/vc_column][vc_column width=\u00a0\u00bb2\/3&Prime;][vc_column_text]<\/p>\n<h2><span style=\"color: #002d5e;\">Robbert van Woerden<\/span><\/h2>\n<h4><span style=\"color: #333333;\">CFO<\/span><\/h4>\n<p>[\/vc_column_text][vc_empty_space height=\u00a0\u00bb20px\u00a0\u00bb][vc_column_text]Robbert van Woerden har over 12 \u00e5rs erfaring inden for revision og M&amp;A. F\u00f8r han startede hos Scan Modul, arbejdede Robbert som M&amp;A-konsulent for BDO, der servicerede en bred vifte af kunder, indenfor engros-, TMT- og bygningsindustrien. Robbert startede sin karriere som revisorelev og arbejdede op til manager, med speciale i mellemstore virksomheder. Han har en kandidatgrad i regnskab fra Nyenrode Business University i Holland.[\/vc_column_text][\/vc_column][\/vc_row][vc_row disable_element=\u00a0\u00bbyes\u00a0\u00bb][vc_column width=\u00a0\u00bb1\/3&Prime;][vc_empty_space height=\u00a0\u00bb40px\u00a0\u00bb][vc_single_image image=\u00a0\u00bb2046&Prime; img_size=\u00a0\u00bbfull\u00a0\u00bb][\/vc_column][vc_column width=\u00a0\u00bb2\/3&Prime;][vc_column_text]<\/p>\n<h2>Ahikam Kaufman<\/h2>\n<p>[\/vc_column_text][vc_empty_space height=\u00a0\u00bb20px\u00a0\u00bb][vc_column_text]Ahikam a plus de 20 ans d&rsquo;exp\u00e9rience dans le domaine du financement des entreprises et des op\u00e9rations commerciales, y compris les op\u00e9rations de vente, analyse des affaires, fusions et acquisitions, rapports financiers et syst\u00e8mes financiers.<br \/>\nAhikam a \u00e9t\u00e9 le cofondateur et directeur financier de Check Inc. Check Inc. qui a \u00e9t\u00e9 acquis par Intuit (NASDAQ: INTU) en juin 2014.<br \/>\nAvant cela, Ahikam \u00e9tait le directeur g\u00e9n\u00e9ral de Stanley Healthcare Europe, une filiale de Stanley, Black &amp; Decker (NYSE : SWK) une soci\u00e9t\u00e9 S &amp; P 500, o\u00f9 il a g\u00e9r\u00e9 plus de 150 personnes et a \u00e9t\u00e9 responsable de plusieurs dizaines de millions de recettes annuelles. Avant Stanley, Ahikam \u00e9tait CFO d&rsquo;AeroScout, Inc. acquis\u00a0par Stanley Black &amp; Decker (NYSE\u00a0:SWK).<br \/>\nAhikam a \u00e9galement occup\u00e9 des r\u00f4les responsables financiers au sein de HP (NYSE : HPQ, Mercury Interactive (NASDAQ: MERQ)et CFO de Conduct Software Inc., une soci\u00e9t\u00e9 qui a \u00e9t\u00e9 acquise par Mercury Interactive en novembre 1999. Ahikam est Expert-Comptable certifi\u00e9 et d\u00e9tient un B.A. en Economie et un Master de Droit.[\/vc_column_text][\/vc_column][\/vc_row]<\/p>\n<\/div>","protected":false},"excerpt":{"rendered":"<p>[vc_row][vc_column][vc_empty_space height=\u00a0\u00bb10px\u00a0\u00bb][vc_separator color=\u00a0\u00bbcustom\u00a0\u00bb accent_color=\u00a0\u00bb#002d5e\u00a0\u00bb][vc_empty_space height=\u00a0\u00bb20px\u00a0\u00bb][\/vc_column][\/vc_row][vc_row][vc_column width=\u00a0\u00bb1\/3&Prime;][vc_empty_space height=\u00a0\u00bb40px\u00a0\u00bb][vc_single_image image=\u00a0\u00bb6944&Prime; img_size=\u00a0\u00bb600&#215;800&Prime;][\/vc_column][vc_column width=\u00a0\u00bb2\/3&Prime;][vc_column_text] Patrick Bark CEO Scan Modul International Holding B.V. [\/vc_column_text][vc_empty_space height=\u00a0\u00bb20px\u00a0\u00bb][vc_column_text]Prior to joining Scan Modul, Patrick was CEO and shareholder of Life Safety Products B.V., market leader for safety hammers and safety products for the automotive industry under the brand LIFEHAMMER\u00ae. Prior to Life Safety Products, [&hellip;]<\/p>\n","protected":false},"author":14,"featured_media":0,"parent":0,"menu_order":0,"comment_status":"closed","ping_status":"closed","template":"","meta":{"_acf_changed":false,"footnotes":""},"class_list":["post-2777","page","type-page","status-publish","hentry"],"acf":[],"yoast_head":"<!-- This site is optimized with the Yoast SEO plugin v27.4 - https:\/\/yoast.com\/product\/yoast-seo-wordpress\/ -->\n<title>Board - Scanmodul<\/title>\n<meta name=\"robots\" content=\"index, follow, max-snippet:-1, max-image-preview:large, max-video-preview:-1\" \/>\n<link rel=\"canonical\" href=\"https:\/\/scanmodul.com\/fr\/board\/\" \/>\n<meta property=\"og:locale\" content=\"fr_FR\" \/>\n<meta property=\"og:type\" content=\"article\" \/>\n<meta property=\"og:title\" content=\"Board - Scanmodul\" \/>\n<meta property=\"og:description\" content=\"[vc_row][vc_column][vc_empty_space height=\u00a0\u00bb10px\u00a0\u00bb][vc_separator color=\u00a0\u00bbcustom\u00a0\u00bb accent_color=\u00a0\u00bb#002d5e\u00a0\u00bb][vc_empty_space height=\u00a0\u00bb20px\u00a0\u00bb][\/vc_column][\/vc_row][vc_row][vc_column width=\u00a0\u00bb1\/3&Prime;][vc_empty_space height=\u00a0\u00bb40px\u00a0\u00bb][vc_single_image image=\u00a0\u00bb6944&Prime; img_size=\u00a0\u00bb600&#215;800&Prime;][\/vc_column][vc_column width=\u00a0\u00bb2\/3&Prime;][vc_column_text] Patrick Bark CEO Scan Modul International Holding B.V. [\/vc_column_text][vc_empty_space height=\u00a0\u00bb20px\u00a0\u00bb][vc_column_text]Prior to joining Scan Modul, Patrick was CEO and shareholder of Life Safety Products B.V., market leader for safety hammers and safety products for the automotive industry under the brand LIFEHAMMER\u00ae. Prior to Life Safety Products, [&hellip;]\" \/>\n<meta property=\"og:url\" content=\"https:\/\/scanmodul.com\/fr\/board\/\" \/>\n<meta property=\"og:site_name\" content=\"Scanmodul\" \/>\n<meta property=\"article:modified_time\" content=\"2024-02-22T08:27:22+00:00\" \/>\n<meta name=\"twitter:card\" content=\"summary_large_image\" \/>\n<meta name=\"twitter:label1\" content=\"Dur\u00e9e de lecture estim\u00e9e\" \/>\n\t<meta name=\"twitter:data1\" content=\"3 minutes\" \/>\n<script type=\"application\/ld+json\" class=\"yoast-schema-graph\">{\"@context\":\"https:\\\/\\\/schema.org\",\"@graph\":[{\"@type\":\"WebPage\",\"@id\":\"https:\\\/\\\/scanmodul.com\\\/fr\\\/board\\\/\",\"url\":\"https:\\\/\\\/scanmodul.com\\\/fr\\\/board\\\/\",\"name\":\"Board - Scanmodul\",\"isPartOf\":{\"@id\":\"https:\\\/\\\/scanmodul.com\\\/#website\"},\"datePublished\":\"2016-12-12T10:29:03+00:00\",\"dateModified\":\"2024-02-22T08:27:22+00:00\",\"breadcrumb\":{\"@id\":\"https:\\\/\\\/scanmodul.com\\\/fr\\\/board\\\/#breadcrumb\"},\"inLanguage\":\"fr-FR\",\"potentialAction\":[{\"@type\":\"ReadAction\",\"target\":[\"https:\\\/\\\/scanmodul.com\\\/fr\\\/board\\\/\"]}]},{\"@type\":\"BreadcrumbList\",\"@id\":\"https:\\\/\\\/scanmodul.com\\\/fr\\\/board\\\/#breadcrumb\",\"itemListElement\":[{\"@type\":\"ListItem\",\"position\":1,\"name\":\"Startseite\",\"item\":\"https:\\\/\\\/scanmodul.com\\\/fr\\\/\"},{\"@type\":\"ListItem\",\"position\":2,\"name\":\"Board\"}]},{\"@type\":\"WebSite\",\"@id\":\"https:\\\/\\\/scanmodul.com\\\/#website\",\"url\":\"https:\\\/\\\/scanmodul.com\\\/\",\"name\":\"Scanmodul\",\"description\":\"\",\"potentialAction\":[{\"@type\":\"SearchAction\",\"target\":{\"@type\":\"EntryPoint\",\"urlTemplate\":\"https:\\\/\\\/scanmodul.com\\\/?s={search_term_string}\"},\"query-input\":{\"@type\":\"PropertyValueSpecification\",\"valueRequired\":true,\"valueName\":\"search_term_string\"}}],\"inLanguage\":\"fr-FR\"}]}<\/script>\n<!-- \/ Yoast SEO plugin. -->","yoast_head_json":{"title":"Board - Scanmodul","robots":{"index":"index","follow":"follow","max-snippet":"max-snippet:-1","max-image-preview":"max-image-preview:large","max-video-preview":"max-video-preview:-1"},"canonical":"https:\/\/scanmodul.com\/fr\/board\/","og_locale":"fr_FR","og_type":"article","og_title":"Board - Scanmodul","og_description":"[vc_row][vc_column][vc_empty_space height=\u00a0\u00bb10px\u00a0\u00bb][vc_separator color=\u00a0\u00bbcustom\u00a0\u00bb accent_color=\u00a0\u00bb#002d5e\u00a0\u00bb][vc_empty_space height=\u00a0\u00bb20px\u00a0\u00bb][\/vc_column][\/vc_row][vc_row][vc_column width=\u00a0\u00bb1\/3&Prime;][vc_empty_space height=\u00a0\u00bb40px\u00a0\u00bb][vc_single_image image=\u00a0\u00bb6944&Prime; img_size=\u00a0\u00bb600&#215;800&Prime;][\/vc_column][vc_column width=\u00a0\u00bb2\/3&Prime;][vc_column_text] Patrick Bark CEO Scan Modul International Holding B.V. [\/vc_column_text][vc_empty_space height=\u00a0\u00bb20px\u00a0\u00bb][vc_column_text]Prior to joining Scan Modul, Patrick was CEO and shareholder of Life Safety Products B.V., market leader for safety hammers and safety products for the automotive industry under the brand LIFEHAMMER\u00ae. Prior to Life Safety Products, [&hellip;]","og_url":"https:\/\/scanmodul.com\/fr\/board\/","og_site_name":"Scanmodul","article_modified_time":"2024-02-22T08:27:22+00:00","twitter_card":"summary_large_image","twitter_misc":{"Dur\u00e9e de lecture estim\u00e9e":"3 minutes"},"schema":{"@context":"https:\/\/schema.org","@graph":[{"@type":"WebPage","@id":"https:\/\/scanmodul.com\/fr\/board\/","url":"https:\/\/scanmodul.com\/fr\/board\/","name":"Board - Scanmodul","isPartOf":{"@id":"https:\/\/scanmodul.com\/#website"},"datePublished":"2016-12-12T10:29:03+00:00","dateModified":"2024-02-22T08:27:22+00:00","breadcrumb":{"@id":"https:\/\/scanmodul.com\/fr\/board\/#breadcrumb"},"inLanguage":"fr-FR","potentialAction":[{"@type":"ReadAction","target":["https:\/\/scanmodul.com\/fr\/board\/"]}]},{"@type":"BreadcrumbList","@id":"https:\/\/scanmodul.com\/fr\/board\/#breadcrumb","itemListElement":[{"@type":"ListItem","position":1,"name":"Startseite","item":"https:\/\/scanmodul.com\/fr\/"},{"@type":"ListItem","position":2,"name":"Board"}]},{"@type":"WebSite","@id":"https:\/\/scanmodul.com\/#website","url":"https:\/\/scanmodul.com\/","name":"Scanmodul","description":"","potentialAction":[{"@type":"SearchAction","target":{"@type":"EntryPoint","urlTemplate":"https:\/\/scanmodul.com\/?s={search_term_string}"},"query-input":{"@type":"PropertyValueSpecification","valueRequired":true,"valueName":"search_term_string"}}],"inLanguage":"fr-FR"}]}},"_links":{"self":[{"href":"https:\/\/scanmodul.com\/fr\/wp-json\/wp\/v2\/pages\/2777","targetHints":{"allow":["GET"]}}],"collection":[{"href":"https:\/\/scanmodul.com\/fr\/wp-json\/wp\/v2\/pages"}],"about":[{"href":"https:\/\/scanmodul.com\/fr\/wp-json\/wp\/v2\/types\/page"}],"author":[{"embeddable":true,"href":"https:\/\/scanmodul.com\/fr\/wp-json\/wp\/v2\/users\/14"}],"replies":[{"embeddable":true,"href":"https:\/\/scanmodul.com\/fr\/wp-json\/wp\/v2\/comments?post=2777"}],"version-history":[{"count":11,"href":"https:\/\/scanmodul.com\/fr\/wp-json\/wp\/v2\/pages\/2777\/revisions"}],"predecessor-version":[{"id":11628,"href":"https:\/\/scanmodul.com\/fr\/wp-json\/wp\/v2\/pages\/2777\/revisions\/11628"}],"wp:attachment":[{"href":"https:\/\/scanmodul.com\/fr\/wp-json\/wp\/v2\/media?parent=2777"}],"curies":[{"name":"wp","href":"https:\/\/api.w.org\/{rel}","templated":true}]}}