{"id":2774,"date":"2016-12-12T11:11:00","date_gmt":"2016-12-12T10:11:00","guid":{"rendered":"http:\/\/scanmodul.com\/fr\/?page_id=2774"},"modified":"2017-01-30T15:06:28","modified_gmt":"2017-01-30T14:06:28","slug":"scanservices","status":"publish","type":"page","link":"https:\/\/scanmodul.com\/fr\/scanservices\/","title":{"rendered":"SCANservices"},"content":{"rendered":"<div class=\"wpb-content-wrapper\"><p>[vc_row][vc_column][vc_column_text]<\/p>\n<h2>SCAN<em>renta<\/em><em>l<\/em><\/h2>\n<p>[\/vc_column_text][vc_separator color=\u00a0\u00bbcustom\u00a0\u00bb accent_color=\u00a0\u00bb#002d5e\u00a0\u00bb][vc_empty_space height=\u00a0\u00bb20px\u00a0\u00bb][vc_column_text]<\/p>\n<h3>Louez les produits ScanModul\u00ae au lieu de les acheter<\/h3>\n<p>De nombreux produits de ScanModul\u00ae peuvent \u00eatre lou\u00e9s gr\u00e2ce \u00e0 un financement sans int\u00e9r\u00eat jusqu&rsquo;\u00e0 30 mois.<\/p>\n<p>SCANrental offre une occasion d&rsquo;obtenir des produits de haute qualit\u00e9 avec des conditions favorables. Apr\u00e8s la p\u00e9riode de Location-Vente, les produits peuvent \u00eatre retourn\u00e9s ou \u00e9chang\u00e9s contre de nouveaux.<\/p>\n<p>SCANrental vous permet d\u2019avoir en permanence les produits les mieux adapt\u00e9s \u00e0 votre activit\u00e9[\/vc_column_text][\/vc_column][\/vc_row][vc_row][vc_column][vc_empty_space height=\u00a0\u00bb40px\u00a0\u00bb][vc_column_text]<\/p>\n<h2>SCAN<em>guaranty<\/em><\/h2>\n<p>[\/vc_column_text][vc_separator color=\u00a0\u00bbcustom\u00a0\u00bb accent_color=\u00a0\u00bb#002d5e\u00a0\u00bb][vc_empty_space height=\u00a0\u00bb20px\u00a0\u00bb][vc_column_text]ScanModul\u00ae propose une garantie de 5 ans sur l\u2019ensemble de sa gamme dans des conditions normales d\u2019utilisation (Hors Roues).[\/vc_column_text][\/vc_column][\/vc_row]<\/p>\n<\/div>","protected":false},"excerpt":{"rendered":"<p>[vc_row][vc_column][vc_column_text] SCANrental [\/vc_column_text][vc_separator color=\u00a0\u00bbcustom\u00a0\u00bb accent_color=\u00a0\u00bb#002d5e\u00a0\u00bb][vc_empty_space height=\u00a0\u00bb20px\u00a0\u00bb][vc_column_text] Louez les produits ScanModul\u00ae au lieu de les acheter De nombreux produits de ScanModul\u00ae peuvent \u00eatre lou\u00e9s gr\u00e2ce \u00e0 un financement sans int\u00e9r\u00eat jusqu&rsquo;\u00e0 30 mois. SCANrental offre une occasion d&rsquo;obtenir des produits de haute qualit\u00e9 avec des conditions favorables. Apr\u00e8s la p\u00e9riode de Location-Vente, les produits peuvent \u00eatre [&hellip;]<\/p>\n","protected":false},"author":14,"featured_media":0,"parent":0,"menu_order":0,"comment_status":"closed","ping_status":"closed","template":"","meta":{"_acf_changed":false,"footnotes":""},"class_list":["post-2774","page","type-page","status-publish","hentry"],"acf":[],"yoast_head":"<!-- This site is optimized with the Yoast SEO plugin v27.4 - https:\/\/yoast.com\/product\/yoast-seo-wordpress\/ -->\n<title>SCANservices - Scanmodul<\/title>\n<meta name=\"robots\" content=\"index, follow, max-snippet:-1, max-image-preview:large, max-video-preview:-1\" \/>\n<link rel=\"canonical\" href=\"https:\/\/scanmodul.com\/fr\/scanservices\/\" \/>\n<meta property=\"og:locale\" content=\"fr_FR\" \/>\n<meta property=\"og:type\" content=\"article\" \/>\n<meta property=\"og:title\" content=\"SCANservices - Scanmodul\" \/>\n<meta property=\"og:description\" content=\"[vc_row][vc_column][vc_column_text] SCANrental [\/vc_column_text][vc_separator color=\u00a0\u00bbcustom\u00a0\u00bb accent_color=\u00a0\u00bb#002d5e\u00a0\u00bb][vc_empty_space height=\u00a0\u00bb20px\u00a0\u00bb][vc_column_text] Louez les produits ScanModul\u00ae au lieu de les acheter De nombreux produits de ScanModul\u00ae peuvent \u00eatre lou\u00e9s gr\u00e2ce \u00e0 un financement sans int\u00e9r\u00eat jusqu&rsquo;\u00e0 30 mois. SCANrental offre une occasion d&rsquo;obtenir des produits de haute qualit\u00e9 avec des conditions favorables. Apr\u00e8s la p\u00e9riode de Location-Vente, les produits peuvent \u00eatre [&hellip;]\" \/>\n<meta property=\"og:url\" content=\"https:\/\/scanmodul.com\/fr\/scanservices\/\" \/>\n<meta property=\"og:site_name\" content=\"Scanmodul\" \/>\n<meta property=\"article:modified_time\" content=\"2017-01-30T14:06:28+00:00\" \/>\n<meta name=\"twitter:card\" content=\"summary_large_image\" \/>\n<meta name=\"twitter:label1\" content=\"Dur\u00e9e de lecture estim\u00e9e\" \/>\n\t<meta name=\"twitter:data1\" content=\"1 minute\" \/>\n<script type=\"application\/ld+json\" class=\"yoast-schema-graph\">{\"@context\":\"https:\\\/\\\/schema.org\",\"@graph\":[{\"@type\":\"WebPage\",\"@id\":\"https:\\\/\\\/scanmodul.com\\\/fr\\\/scanservices\\\/\",\"url\":\"https:\\\/\\\/scanmodul.com\\\/fr\\\/scanservices\\\/\",\"name\":\"SCANservices - Scanmodul\",\"isPartOf\":{\"@id\":\"https:\\\/\\\/scanmodul.com\\\/#website\"},\"datePublished\":\"2016-12-12T10:11:00+00:00\",\"dateModified\":\"2017-01-30T14:06:28+00:00\",\"breadcrumb\":{\"@id\":\"https:\\\/\\\/scanmodul.com\\\/fr\\\/scanservices\\\/#breadcrumb\"},\"inLanguage\":\"fr-FR\",\"potentialAction\":[{\"@type\":\"ReadAction\",\"target\":[\"https:\\\/\\\/scanmodul.com\\\/fr\\\/scanservices\\\/\"]}]},{\"@type\":\"BreadcrumbList\",\"@id\":\"https:\\\/\\\/scanmodul.com\\\/fr\\\/scanservices\\\/#breadcrumb\",\"itemListElement\":[{\"@type\":\"ListItem\",\"position\":1,\"name\":\"Startseite\",\"item\":\"https:\\\/\\\/scanmodul.com\\\/fr\\\/\"},{\"@type\":\"ListItem\",\"position\":2,\"name\":\"SCANservices\"}]},{\"@type\":\"WebSite\",\"@id\":\"https:\\\/\\\/scanmodul.com\\\/#website\",\"url\":\"https:\\\/\\\/scanmodul.com\\\/\",\"name\":\"Scanmodul\",\"description\":\"\",\"potentialAction\":[{\"@type\":\"SearchAction\",\"target\":{\"@type\":\"EntryPoint\",\"urlTemplate\":\"https:\\\/\\\/scanmodul.com\\\/?s={search_term_string}\"},\"query-input\":{\"@type\":\"PropertyValueSpecification\",\"valueRequired\":true,\"valueName\":\"search_term_string\"}}],\"inLanguage\":\"fr-FR\"}]}<\/script>\n<!-- \/ Yoast SEO plugin. -->","yoast_head_json":{"title":"SCANservices - Scanmodul","robots":{"index":"index","follow":"follow","max-snippet":"max-snippet:-1","max-image-preview":"max-image-preview:large","max-video-preview":"max-video-preview:-1"},"canonical":"https:\/\/scanmodul.com\/fr\/scanservices\/","og_locale":"fr_FR","og_type":"article","og_title":"SCANservices - Scanmodul","og_description":"[vc_row][vc_column][vc_column_text] SCANrental [\/vc_column_text][vc_separator color=\u00a0\u00bbcustom\u00a0\u00bb accent_color=\u00a0\u00bb#002d5e\u00a0\u00bb][vc_empty_space height=\u00a0\u00bb20px\u00a0\u00bb][vc_column_text] Louez les produits ScanModul\u00ae au lieu de les acheter De nombreux produits de ScanModul\u00ae peuvent \u00eatre lou\u00e9s gr\u00e2ce \u00e0 un financement sans int\u00e9r\u00eat jusqu&rsquo;\u00e0 30 mois. SCANrental offre une occasion d&rsquo;obtenir des produits de haute qualit\u00e9 avec des conditions favorables. Apr\u00e8s la p\u00e9riode de Location-Vente, les produits peuvent \u00eatre [&hellip;]","og_url":"https:\/\/scanmodul.com\/fr\/scanservices\/","og_site_name":"Scanmodul","article_modified_time":"2017-01-30T14:06:28+00:00","twitter_card":"summary_large_image","twitter_misc":{"Dur\u00e9e de lecture estim\u00e9e":"1 minute"},"schema":{"@context":"https:\/\/schema.org","@graph":[{"@type":"WebPage","@id":"https:\/\/scanmodul.com\/fr\/scanservices\/","url":"https:\/\/scanmodul.com\/fr\/scanservices\/","name":"SCANservices - Scanmodul","isPartOf":{"@id":"https:\/\/scanmodul.com\/#website"},"datePublished":"2016-12-12T10:11:00+00:00","dateModified":"2017-01-30T14:06:28+00:00","breadcrumb":{"@id":"https:\/\/scanmodul.com\/fr\/scanservices\/#breadcrumb"},"inLanguage":"fr-FR","potentialAction":[{"@type":"ReadAction","target":["https:\/\/scanmodul.com\/fr\/scanservices\/"]}]},{"@type":"BreadcrumbList","@id":"https:\/\/scanmodul.com\/fr\/scanservices\/#breadcrumb","itemListElement":[{"@type":"ListItem","position":1,"name":"Startseite","item":"https:\/\/scanmodul.com\/fr\/"},{"@type":"ListItem","position":2,"name":"SCANservices"}]},{"@type":"WebSite","@id":"https:\/\/scanmodul.com\/#website","url":"https:\/\/scanmodul.com\/","name":"Scanmodul","description":"","potentialAction":[{"@type":"SearchAction","target":{"@type":"EntryPoint","urlTemplate":"https:\/\/scanmodul.com\/?s={search_term_string}"},"query-input":{"@type":"PropertyValueSpecification","valueRequired":true,"valueName":"search_term_string"}}],"inLanguage":"fr-FR"}]}},"_links":{"self":[{"href":"https:\/\/scanmodul.com\/fr\/wp-json\/wp\/v2\/pages\/2774","targetHints":{"allow":["GET"]}}],"collection":[{"href":"https:\/\/scanmodul.com\/fr\/wp-json\/wp\/v2\/pages"}],"about":[{"href":"https:\/\/scanmodul.com\/fr\/wp-json\/wp\/v2\/types\/page"}],"author":[{"embeddable":true,"href":"https:\/\/scanmodul.com\/fr\/wp-json\/wp\/v2\/users\/14"}],"replies":[{"embeddable":true,"href":"https:\/\/scanmodul.com\/fr\/wp-json\/wp\/v2\/comments?post=2774"}],"version-history":[{"count":7,"href":"https:\/\/scanmodul.com\/fr\/wp-json\/wp\/v2\/pages\/2774\/revisions"}],"predecessor-version":[{"id":3350,"href":"https:\/\/scanmodul.com\/fr\/wp-json\/wp\/v2\/pages\/2774\/revisions\/3350"}],"wp:attachment":[{"href":"https:\/\/scanmodul.com\/fr\/wp-json\/wp\/v2\/media?parent=2774"}],"curies":[{"name":"wp","href":"https:\/\/api.w.org\/{rel}","templated":true}]}}