{"id":2769,"date":"2016-12-12T10:57:07","date_gmt":"2016-12-12T09:57:07","guid":{"rendered":"http:\/\/scanmodul.com\/fr\/?page_id=2769"},"modified":"2024-06-25T14:18:39","modified_gmt":"2024-06-25T12:18:39","slug":"profile","status":"publish","type":"page","link":"https:\/\/scanmodul.com\/fr\/","title":{"rendered":"Profile"},"content":{"rendered":"<div class=\"wpb-content-wrapper\"><p>[vc_row disable_element=\u00a0\u00bbyes\u00a0\u00bb css=\u00a0\u00bb.vc_custom_1719318296216{margin-top: 5px !important;}\u00a0\u00bb][vc_column][vc_column_text]<\/p>\n<div class=\"tlid-input input\">\n<div class=\"source-wrap\">\n<div class=\"input-full-height-wrapper tlid-input-full-height-wrapper\">\n<div class=\"source-input\">\n<div class=\"source-footer-wrap source-or-target-footer\">\n<div class=\"character-count tlid-character-count\">\n<h1 class=\"cc-ctr normal\">Actualit\u00e9s<\/h1>\n<\/div>\n<\/div>\n<\/div>\n<\/div>\n<\/div>\n<\/div>\n<p>[\/vc_column_text][\/vc_column][\/vc_row][vc_row content_placement=\u00a0\u00bbmiddle\u00a0\u00bb disable_element=\u00a0\u00bbyes\u00a0\u00bb css=\u00a0\u00bb.vc_custom_1719318302453{background-color: #ececec !important;}\u00a0\u00bb el_id=\u00a0\u00bbActuel\u00a0\u00bb][vc_column][vc_single_image image=\u00a0\u00bb11011&Prime; img_size=\u00a0\u00bbfull\u00a0\u00bb onclick=\u00a0\u00bbcustom_link\u00a0\u00bb css_animation=\u00a0\u00bbnone\u00a0\u00bb link=\u00a0\u00bbhttps:\/\/scanmodul.com\/fr\/news\/scanmodul-certifie-iso-90012015\/\u00a0\u00bb][\/vc_column][\/vc_row][vc_row][vc_column][vc_column_text]<\/p>\n<h1>Le profil<\/h1>\n<p>[\/vc_column_text][vc_separator color=\u00a0\u00bbcustom\u00a0\u00bb css=\u00a0\u00bb.vc_custom_1460972310249{padding-top: 0px !important;}\u00a0\u00bb accent_color=\u00a0\u00bb#002d5e\u00a0\u00bb][\/vc_column][\/vc_row][vc_row][vc_column width=\u00a0\u00bb1\/3&Prime;][vc_single_image image=\u00a0\u00bb4591&Prime; img_size=\u00a0\u00bb400&#215;400&Prime;][vc_column_text el_class=\u00a0\u00bbmin-height-profile\u00a0\u00bb]<\/p>\n<h2>Exp\u00e9rience et valeurs<\/h2>\n<p>[\/vc_column_text][vc_empty_space height=\u00a0\u00bb10px\u00a0\u00bb][vc_separator color=\u00a0\u00bbcustom\u00a0\u00bb css=\u00a0\u00bb.vc_custom_1460972173208{padding-top: 0px !important;}\u00a0\u00bb accent_color=\u00a0\u00bb#002d5e\u00a0\u00bb][vc_empty_space height=\u00a0\u00bb10px\u00a0\u00bb][vc_column_text]Avec plus de 100 ans de pr\u00e9sence sur le march\u00e9 de la sant\u00e9 et 40 ann\u00e9es d\u2019exp\u00e9rience dans les syst\u00e8mes logistiques avec 2000 projets r\u00e9alis\u00e9s dans le monde parlent d&rsquo;eux-m\u00eames en ce qui concerne notre exp\u00e9rience et savoir-faire dans le domaine de l\u2019\u00e9quipement modulaire et de mise en place de projets logistiques complexes. Pour nous, la gestion de projet va de l&rsquo;analyse et de l&rsquo;\u00e9valuation \u00e0 la conception jusqu&rsquo;\u00e0 la r\u00e9alisation. Vous \u00eates toujours au centre de notre d\u00e9marche parce que votre satisfaction est notre enjeu.[\/vc_column_text][vc_empty_space height=\u00a0\u00bb20px\u00a0\u00bb][\/vc_column][vc_column width=\u00a0\u00bb1\/3&Prime;][vc_single_image image=\u00a0\u00bb5212&Prime; img_size=\u00a0\u00bbfull\u00a0\u00bb css=\u00a0\u00bb.vc_custom_1551688446459{padding-top: 0px !important;padding-bottom: 0px !important;}\u00a0\u00bb][vc_column_text el_class=\u00a0\u00bbmin-height-profile\u00a0\u00bb]<\/p>\n<h2>Leader du March\u00e9<\/h2>\n<p>[\/vc_column_text][vc_empty_space height=\u00a0\u00bb10px\u00a0\u00bb][vc_separator color=\u00a0\u00bbcustom\u00a0\u00bb css=\u00a0\u00bb.vc_custom_1460972187705{padding-top: 0px !important;}\u00a0\u00bb accent_color=\u00a0\u00bb#002d5e\u00a0\u00bb][vc_empty_space height=\u00a0\u00bb10px\u00a0\u00bb][vc_column_text]En tant qu\u2019inventeur du syst\u00e8me ISO 600*400 et du syst\u00e8me logistique hospitalier Plein \/ Vide, ScanModul Medi-Math est le plus important fournisseur dans le domaine du syst\u00e8me modulaire. Nous sommes pleinement conscients de la responsabilit\u00e9 que la position de leader du march\u00e9 implique. Nous acceptons les d\u00e9fis quotidiens en termes de qualit\u00e9 et d\u2019innovation qui en d\u00e9coulent avec un engagement total.[\/vc_column_text][vc_empty_space height=\u00a0\u00bb20px\u00a0\u00bb][\/vc_column][vc_column width=\u00a0\u00bb1\/3&Prime;][vc_single_image image=\u00a0\u00bb4598&Prime; img_size=\u00a0\u00bbfull\u00a0\u00bb css=\u00a0\u00bb.vc_custom_1551688458524{padding-top: 0px !important;padding-bottom: 0px !important;}\u00a0\u00bb][vc_column_text el_class=\u00a0\u00bbmin-height-profile\u00a0\u00bb]<\/p>\n<h2>Qualit\u00e9 et R\u00e9f\u00e9rence Produit<\/h2>\n<p>[\/vc_column_text][vc_empty_space height=\u00a0\u00bb10px\u00a0\u00bb][vc_separator color=\u00a0\u00bbcustom\u00a0\u00bb css=\u00a0\u00bb.vc_custom_1460972197077{padding-top: 0px !important;}\u00a0\u00bb accent_color=\u00a0\u00bb#002d5e\u00a0\u00bb][vc_empty_space height=\u00a0\u00bb10px\u00a0\u00bb][vc_column_text]ScanModul Medi-Math est synonyme d\u2019excellence pour la qualit\u00e9 de ces produits et a aujourd\u2019hui le portefeuille produit le plus large de l&rsquo;industrie du modulaire. Nous continuons \u00e0 innover et \u00e0 d\u00e9velopper notre gamme tout en maintenant le plus haut niveau de qualit\u00e9. Notre objectif est de couvrir l\u2019ensemble de vos besoins de stockage avec un niveau de service engag\u00e9. Une large gamme de produits, une qualit\u00e9 sup\u00e9rieure et un service r\u00e9pondant \u00e0 vos attentes sont ce que vous pouvez attendre de nous \u00e0 tout Moment.[\/vc_column_text][vc_empty_space height=\u00a0\u00bb20px\u00a0\u00bb][\/vc_column][\/vc_row][vc_row][vc_column][vc_column_text]<\/p>\n<h1>Si\u00e8ge et Site de Production<\/h1>\n<p>[\/vc_column_text][vc_separator color=\u00a0\u00bbcustom\u00a0\u00bb css=\u00a0\u00bb.vc_custom_1460972310249{padding-top: 0px !important;}\u00a0\u00bb accent_color=\u00a0\u00bb#002d5e\u00a0\u00bb][vc_empty_space height=\u00a0\u00bb40px\u00a0\u00bb][vc_images_carousel images=\u00a0\u00bb1727,1728,1729,1730&Prime; img_size=\u00a0\u00bbfull\u00a0\u00bb onclick=\u00a0\u00bblink_no\u00a0\u00bb speed=\u00a0\u00bb3000&Prime; autoplay=\u00a0\u00bbyes\u00a0\u00bb hide_pagination_control=\u00a0\u00bbyes\u00a0\u00bb hide_prev_next_buttons=\u00a0\u00bbyes\u00a0\u00bb wrap=\u00a0\u00bbyes\u00a0\u00bb][vc_empty_space height=\u00a0\u00bb20px\u00a0\u00bb][vc_column_text]Notre entrep\u00f4t g\u00e9n\u00e9ral et les installations de production ScanModul\u00ae sont situ\u00e9s \u00e0 Houten, aux Pays-Bas. Il abrite 4200 m\u00b2 de rangements et 1950 emplacements pour palettes, ne surface de production de 700 m\u00b2 pour notre gamme ScanCell est \u00e9galement situ\u00e9e sur se site. Nous exp\u00e9dions dans le monde entier directement depuis notre centre logistique \u00e0 Houten.[\/vc_column_text][\/vc_column][\/vc_row]<\/p>\n<\/div>","protected":false},"excerpt":{"rendered":"<p>[vc_row disable_element=\u00a0\u00bbyes\u00a0\u00bb css=\u00a0\u00bb.vc_custom_1719318296216{margin-top: 5px !important;}\u00a0\u00bb][vc_column][vc_column_text] Actualit\u00e9s [\/vc_column_text][\/vc_column][\/vc_row][vc_row content_placement=\u00a0\u00bbmiddle\u00a0\u00bb disable_element=\u00a0\u00bbyes\u00a0\u00bb css=\u00a0\u00bb.vc_custom_1719318302453{background-color: #ececec !important;}\u00a0\u00bb el_id=\u00a0\u00bbActuel\u00a0\u00bb][vc_column][vc_single_image image=\u00a0\u00bb11011&Prime; img_size=\u00a0\u00bbfull\u00a0\u00bb onclick=\u00a0\u00bbcustom_link\u00a0\u00bb css_animation=\u00a0\u00bbnone\u00a0\u00bb link=\u00a0\u00bbhttps:\/\/scanmodul.com\/fr\/news\/scanmodul-certifie-iso-90012015\/\u00a0\u00bb][\/vc_column][\/vc_row][vc_row][vc_column][vc_column_text] Le profil [\/vc_column_text][vc_separator color=\u00a0\u00bbcustom\u00a0\u00bb css=\u00a0\u00bb.vc_custom_1460972310249{padding-top: 0px !important;}\u00a0\u00bb accent_color=\u00a0\u00bb#002d5e\u00a0\u00bb][\/vc_column][\/vc_row][vc_row][vc_column width=\u00a0\u00bb1\/3&Prime;][vc_single_image image=\u00a0\u00bb4591&Prime; img_size=\u00a0\u00bb400&#215;400&Prime;][vc_column_text el_class=\u00a0\u00bbmin-height-profile\u00a0\u00bb] Exp\u00e9rience et valeurs [\/vc_column_text][vc_empty_space height=\u00a0\u00bb10px\u00a0\u00bb][vc_separator color=\u00a0\u00bbcustom\u00a0\u00bb css=\u00a0\u00bb.vc_custom_1460972173208{padding-top: 0px !important;}\u00a0\u00bb accent_color=\u00a0\u00bb#002d5e\u00a0\u00bb][vc_empty_space height=\u00a0\u00bb10px\u00a0\u00bb][vc_column_text]Avec plus de 100 ans de pr\u00e9sence sur le march\u00e9 de la sant\u00e9 et 40 [&hellip;]<\/p>\n","protected":false},"author":14,"featured_media":0,"parent":0,"menu_order":0,"comment_status":"closed","ping_status":"closed","template":"","meta":{"_acf_changed":false,"footnotes":""},"class_list":["post-2769","page","type-page","status-publish","hentry"],"acf":[],"yoast_head":"<!-- This site is optimized with the Yoast SEO plugin v27.5 - https:\/\/yoast.com\/product\/yoast-seo-wordpress\/ -->\n<title>Profile - Scanmodul<\/title>\n<meta name=\"robots\" content=\"index, follow, max-snippet:-1, max-image-preview:large, max-video-preview:-1\" \/>\n<link rel=\"canonical\" href=\"https:\/\/scanmodul.com\/fr\/\" \/>\n<meta property=\"og:locale\" content=\"fr_FR\" \/>\n<meta property=\"og:type\" content=\"article\" \/>\n<meta property=\"og:title\" content=\"Profile - Scanmodul\" \/>\n<meta property=\"og:description\" content=\"[vc_row disable_element=\u00a0\u00bbyes\u00a0\u00bb css=\u00a0\u00bb.vc_custom_1719318296216{margin-top: 5px !important;}\u00a0\u00bb][vc_column][vc_column_text] Actualit\u00e9s [\/vc_column_text][\/vc_column][\/vc_row][vc_row content_placement=\u00a0\u00bbmiddle\u00a0\u00bb disable_element=\u00a0\u00bbyes\u00a0\u00bb css=\u00a0\u00bb.vc_custom_1719318302453{background-color: #ececec !important;}\u00a0\u00bb el_id=\u00a0\u00bbActuel\u00a0\u00bb][vc_column][vc_single_image image=\u00a0\u00bb11011&Prime; img_size=\u00a0\u00bbfull\u00a0\u00bb onclick=\u00a0\u00bbcustom_link\u00a0\u00bb css_animation=\u00a0\u00bbnone\u00a0\u00bb link=\u00a0\u00bbhttps:\/\/scanmodul.com\/fr\/news\/scanmodul-certifie-iso-90012015\/\u00a0\u00bb][\/vc_column][\/vc_row][vc_row][vc_column][vc_column_text] Le profil [\/vc_column_text][vc_separator color=\u00a0\u00bbcustom\u00a0\u00bb css=\u00a0\u00bb.vc_custom_1460972310249{padding-top: 0px !important;}\u00a0\u00bb accent_color=\u00a0\u00bb#002d5e\u00a0\u00bb][\/vc_column][\/vc_row][vc_row][vc_column width=\u00a0\u00bb1\/3&Prime;][vc_single_image image=\u00a0\u00bb4591&Prime; img_size=\u00a0\u00bb400&#215;400&Prime;][vc_column_text el_class=\u00a0\u00bbmin-height-profile\u00a0\u00bb] Exp\u00e9rience et valeurs [\/vc_column_text][vc_empty_space height=\u00a0\u00bb10px\u00a0\u00bb][vc_separator color=\u00a0\u00bbcustom\u00a0\u00bb css=\u00a0\u00bb.vc_custom_1460972173208{padding-top: 0px !important;}\u00a0\u00bb accent_color=\u00a0\u00bb#002d5e\u00a0\u00bb][vc_empty_space height=\u00a0\u00bb10px\u00a0\u00bb][vc_column_text]Avec plus de 100 ans de pr\u00e9sence sur le march\u00e9 de la sant\u00e9 et 40 [&hellip;]\" \/>\n<meta property=\"og:url\" content=\"https:\/\/scanmodul.com\/fr\/\" \/>\n<meta property=\"og:site_name\" content=\"Scanmodul\" \/>\n<meta property=\"article:modified_time\" content=\"2024-06-25T12:18:39+00:00\" \/>\n<meta name=\"twitter:card\" content=\"summary_large_image\" \/>\n<meta name=\"twitter:label1\" content=\"Dur\u00e9e de lecture estim\u00e9e\" \/>\n\t<meta name=\"twitter:data1\" content=\"4 minutes\" \/>\n<script type=\"application\/ld+json\" class=\"yoast-schema-graph\">{\"@context\":\"https:\\\/\\\/schema.org\",\"@graph\":[{\"@type\":\"WebPage\",\"@id\":\"https:\\\/\\\/scanmodul.com\\\/fr\\\/\",\"url\":\"https:\\\/\\\/scanmodul.com\\\/fr\\\/\",\"name\":\"Profile - Scanmodul\",\"isPartOf\":{\"@id\":\"https:\\\/\\\/scanmodul.com\\\/#website\"},\"datePublished\":\"2016-12-12T09:57:07+00:00\",\"dateModified\":\"2024-06-25T12:18:39+00:00\",\"breadcrumb\":{\"@id\":\"https:\\\/\\\/scanmodul.com\\\/fr\\\/#breadcrumb\"},\"inLanguage\":\"fr-FR\",\"potentialAction\":[{\"@type\":\"ReadAction\",\"target\":[\"https:\\\/\\\/scanmodul.com\\\/fr\\\/\"]}]},{\"@type\":\"BreadcrumbList\",\"@id\":\"https:\\\/\\\/scanmodul.com\\\/fr\\\/#breadcrumb\",\"itemListElement\":[{\"@type\":\"ListItem\",\"position\":1,\"name\":\"Startseite\",\"item\":\"https:\\\/\\\/scanmodul.com\\\/fr\\\/\"},{\"@type\":\"ListItem\",\"position\":2,\"name\":\"Profile\"}]},{\"@type\":\"WebSite\",\"@id\":\"https:\\\/\\\/scanmodul.com\\\/#website\",\"url\":\"https:\\\/\\\/scanmodul.com\\\/\",\"name\":\"Scanmodul\",\"description\":\"\",\"potentialAction\":[{\"@type\":\"SearchAction\",\"target\":{\"@type\":\"EntryPoint\",\"urlTemplate\":\"https:\\\/\\\/scanmodul.com\\\/?s={search_term_string}\"},\"query-input\":{\"@type\":\"PropertyValueSpecification\",\"valueRequired\":true,\"valueName\":\"search_term_string\"}}],\"inLanguage\":\"fr-FR\"}]}<\/script>\n<!-- \/ Yoast SEO plugin. -->","yoast_head_json":{"title":"Profile - Scanmodul","robots":{"index":"index","follow":"follow","max-snippet":"max-snippet:-1","max-image-preview":"max-image-preview:large","max-video-preview":"max-video-preview:-1"},"canonical":"https:\/\/scanmodul.com\/fr\/","og_locale":"fr_FR","og_type":"article","og_title":"Profile - Scanmodul","og_description":"[vc_row disable_element=\u00a0\u00bbyes\u00a0\u00bb css=\u00a0\u00bb.vc_custom_1719318296216{margin-top: 5px !important;}\u00a0\u00bb][vc_column][vc_column_text] Actualit\u00e9s [\/vc_column_text][\/vc_column][\/vc_row][vc_row content_placement=\u00a0\u00bbmiddle\u00a0\u00bb disable_element=\u00a0\u00bbyes\u00a0\u00bb css=\u00a0\u00bb.vc_custom_1719318302453{background-color: #ececec !important;}\u00a0\u00bb el_id=\u00a0\u00bbActuel\u00a0\u00bb][vc_column][vc_single_image image=\u00a0\u00bb11011&Prime; img_size=\u00a0\u00bbfull\u00a0\u00bb onclick=\u00a0\u00bbcustom_link\u00a0\u00bb css_animation=\u00a0\u00bbnone\u00a0\u00bb link=\u00a0\u00bbhttps:\/\/scanmodul.com\/fr\/news\/scanmodul-certifie-iso-90012015\/\u00a0\u00bb][\/vc_column][\/vc_row][vc_row][vc_column][vc_column_text] Le profil [\/vc_column_text][vc_separator color=\u00a0\u00bbcustom\u00a0\u00bb css=\u00a0\u00bb.vc_custom_1460972310249{padding-top: 0px !important;}\u00a0\u00bb accent_color=\u00a0\u00bb#002d5e\u00a0\u00bb][\/vc_column][\/vc_row][vc_row][vc_column width=\u00a0\u00bb1\/3&Prime;][vc_single_image image=\u00a0\u00bb4591&Prime; img_size=\u00a0\u00bb400&#215;400&Prime;][vc_column_text el_class=\u00a0\u00bbmin-height-profile\u00a0\u00bb] Exp\u00e9rience et valeurs [\/vc_column_text][vc_empty_space height=\u00a0\u00bb10px\u00a0\u00bb][vc_separator color=\u00a0\u00bbcustom\u00a0\u00bb css=\u00a0\u00bb.vc_custom_1460972173208{padding-top: 0px !important;}\u00a0\u00bb accent_color=\u00a0\u00bb#002d5e\u00a0\u00bb][vc_empty_space height=\u00a0\u00bb10px\u00a0\u00bb][vc_column_text]Avec plus de 100 ans de pr\u00e9sence sur le march\u00e9 de la sant\u00e9 et 40 [&hellip;]","og_url":"https:\/\/scanmodul.com\/fr\/","og_site_name":"Scanmodul","article_modified_time":"2024-06-25T12:18:39+00:00","twitter_card":"summary_large_image","twitter_misc":{"Dur\u00e9e de lecture estim\u00e9e":"4 minutes"},"schema":{"@context":"https:\/\/schema.org","@graph":[{"@type":"WebPage","@id":"https:\/\/scanmodul.com\/fr\/","url":"https:\/\/scanmodul.com\/fr\/","name":"Profile - Scanmodul","isPartOf":{"@id":"https:\/\/scanmodul.com\/#website"},"datePublished":"2016-12-12T09:57:07+00:00","dateModified":"2024-06-25T12:18:39+00:00","breadcrumb":{"@id":"https:\/\/scanmodul.com\/fr\/#breadcrumb"},"inLanguage":"fr-FR","potentialAction":[{"@type":"ReadAction","target":["https:\/\/scanmodul.com\/fr\/"]}]},{"@type":"BreadcrumbList","@id":"https:\/\/scanmodul.com\/fr\/#breadcrumb","itemListElement":[{"@type":"ListItem","position":1,"name":"Startseite","item":"https:\/\/scanmodul.com\/fr\/"},{"@type":"ListItem","position":2,"name":"Profile"}]},{"@type":"WebSite","@id":"https:\/\/scanmodul.com\/#website","url":"https:\/\/scanmodul.com\/","name":"Scanmodul","description":"","potentialAction":[{"@type":"SearchAction","target":{"@type":"EntryPoint","urlTemplate":"https:\/\/scanmodul.com\/?s={search_term_string}"},"query-input":{"@type":"PropertyValueSpecification","valueRequired":true,"valueName":"search_term_string"}}],"inLanguage":"fr-FR"}]}},"_links":{"self":[{"href":"https:\/\/scanmodul.com\/fr\/wp-json\/wp\/v2\/pages\/2769","targetHints":{"allow":["GET"]}}],"collection":[{"href":"https:\/\/scanmodul.com\/fr\/wp-json\/wp\/v2\/pages"}],"about":[{"href":"https:\/\/scanmodul.com\/fr\/wp-json\/wp\/v2\/types\/page"}],"author":[{"embeddable":true,"href":"https:\/\/scanmodul.com\/fr\/wp-json\/wp\/v2\/users\/14"}],"replies":[{"embeddable":true,"href":"https:\/\/scanmodul.com\/fr\/wp-json\/wp\/v2\/comments?post=2769"}],"version-history":[{"count":31,"href":"https:\/\/scanmodul.com\/fr\/wp-json\/wp\/v2\/pages\/2769\/revisions"}],"predecessor-version":[{"id":12967,"href":"https:\/\/scanmodul.com\/fr\/wp-json\/wp\/v2\/pages\/2769\/revisions\/12967"}],"wp:attachment":[{"href":"https:\/\/scanmodul.com\/fr\/wp-json\/wp\/v2\/media?parent=2769"}],"curies":[{"name":"wp","href":"https:\/\/api.w.org\/{rel}","templated":true}]}}