{"id":11707,"date":"2024-02-22T16:32:48","date_gmt":"2024-02-22T15:32:48","guid":{"rendered":"https:\/\/scanmodul.com\/gamme-de-produits-belintra\/"},"modified":"2024-02-22T16:33:03","modified_gmt":"2024-02-22T15:33:03","slug":"gamme-de-produits-belintra","status":"publish","type":"page","link":"https:\/\/scanmodul.com\/fr\/gamme-de-produits-belintra\/","title":{"rendered":"Gamme de produits Belintra"},"content":{"rendered":"<div class=\"wpb-content-wrapper\"><p>[vc_row gap=\u00a0\u00bb30&Prime;][vc_column width=\u00a0\u00bb1\/4&Prime; css=\u00a0\u00bb.vc_custom_1708597623192{background-color: #f9f9f9 !important;}\u00a0\u00bb][vc_single_image image=\u00a0\u00bb11666&Prime; img_size=\u00a0\u00bb200&#215;200&Prime; alignment=\u00a0\u00bbcenter\u00a0\u00bb onclick=\u00a0\u00bbcustom_link\u00a0\u00bb img_link_target=\u00a0\u00bb_blank\u00a0\u00bb css_animation=\u00a0\u00bbnone\u00a0\u00bb link=\u00a0\u00bbhttps:\/\/belintra.com\/fr\/product-department\/it-mobile-distribution-securisee-de-medicaments-chariots-de-soin\/\u00a0\u00bb][vc_column_text]<\/p>\n<h4 style=\"text-align: center;\"><a href=\"https:\/\/belintra.com\/fr\/product-department\/it-mobile-distribution-securisee-de-medicaments-chariots-de-soin\/\" target=\"_blank\" rel=\"noopener\">IT Mobile, Distribution S\u00e9curis\u00e9e de M\u00e9dicaments &amp; Chariots de Soin<\/a><\/h4>\n<p>[\/vc_column_text][\/vc_column][vc_column width=\u00a0\u00bb1\/4&Prime; css=\u00a0\u00bb.vc_custom_1708597615408{background-color: #f9f9f9 !important;}\u00a0\u00bb][vc_single_image image=\u00a0\u00bb11659&Prime; img_size=\u00a0\u00bb200&#215;200&Prime; alignment=\u00a0\u00bbcenter\u00a0\u00bb onclick=\u00a0\u00bbcustom_link\u00a0\u00bb img_link_target=\u00a0\u00bb_blank\u00a0\u00bb link=\u00a0\u00bbhttps:\/\/belintra.com\/fr\/product-department\/sterilisation-bo\/\u00a0\u00bb][vc_column_text]<\/p>\n<h4 style=\"text-align: center;\"><a href=\"https:\/\/belintra.com\/fr\/product-department\/sterilisation-bo\/\" target=\"_blank\" rel=\"noopener\">St\u00e9rilisation &amp; BO<\/a><\/h4>\n<p>[\/vc_column_text][\/vc_column][vc_column width=\u00a0\u00bb1\/4&Prime; css=\u00a0\u00bb.vc_custom_1708597495359{background-color: #f9f9f9 !important;}\u00a0\u00bb][vc_single_image image=\u00a0\u00bb11652&Prime; img_size=\u00a0\u00bb200&#215;200&Prime; alignment=\u00a0\u00bbcenter\u00a0\u00bb onclick=\u00a0\u00bbcustom_link\u00a0\u00bb img_link_target=\u00a0\u00bb_blank\u00a0\u00bb link=\u00a0\u00bbhttps:\/\/belintra.com\/fr\/product-department\/transport-stockage-modulaires\/\u00a0\u00bb][vc_column_text]<\/p>\n<h4 style=\"text-align: center;\"><a href=\"https:\/\/belintra.com\/fr\/product-department\/transport-stockage-modulaires\/\" target=\"_blank\" rel=\"noopener\">Transport &amp; Stockage Modulaires<\/a><\/h4>\n<p>[\/vc_column_text][\/vc_column][vc_column width=\u00a0\u00bb1\/4&Prime; css=\u00a0\u00bb.vc_custom_1708597503493{background-color: #f9f9f9 !important;}\u00a0\u00bb][vc_single_image image=\u00a0\u00bb11645&Prime; img_size=\u00a0\u00bb200&#215;200&Prime; alignment=\u00a0\u00bbcenter\u00a0\u00bb onclick=\u00a0\u00bbcustom_link\u00a0\u00bb img_link_target=\u00a0\u00bb_blank\u00a0\u00bb link=\u00a0\u00bbhttps:\/\/belintra.com\/fr\/product-department\/traitement-de-linge-dechets\/\u00a0\u00bb][vc_column_text]<\/p>\n<h4 style=\"text-align: center;\"><a href=\"https:\/\/belintra.com\/fr\/product-department\/traitement-de-linge-dechets\/\" target=\"_blank\" rel=\"noopener\">Traitement de Linge &amp; D\u00e9chets<\/a><\/h4>\n<p>[\/vc_column_text][\/vc_column][\/vc_row]<\/p>\n<\/div>","protected":false},"excerpt":{"rendered":"<p>[vc_row gap=\u00a0\u00bb30&Prime;][vc_column width=\u00a0\u00bb1\/4&Prime; css=\u00a0\u00bb.vc_custom_1708597623192{background-color: #f9f9f9 !important;}\u00a0\u00bb][vc_single_image image=\u00a0\u00bb11666&Prime; img_size=\u00a0\u00bb200&#215;200&Prime; alignment=\u00a0\u00bbcenter\u00a0\u00bb onclick=\u00a0\u00bbcustom_link\u00a0\u00bb img_link_target=\u00a0\u00bb_blank\u00a0\u00bb css_animation=\u00a0\u00bbnone\u00a0\u00bb link=\u00a0\u00bbhttps:\/\/belintra.com\/fr\/product-department\/it-mobile-distribution-securisee-de-medicaments-chariots-de-soin\/\u00a0\u00bb][vc_column_text] IT Mobile, Distribution S\u00e9curis\u00e9e de M\u00e9dicaments &amp; Chariots de Soin [\/vc_column_text][\/vc_column][vc_column width=\u00a0\u00bb1\/4&Prime; css=\u00a0\u00bb.vc_custom_1708597615408{background-color: #f9f9f9 !important;}\u00a0\u00bb][vc_single_image image=\u00a0\u00bb11659&Prime; img_size=\u00a0\u00bb200&#215;200&Prime; alignment=\u00a0\u00bbcenter\u00a0\u00bb onclick=\u00a0\u00bbcustom_link\u00a0\u00bb img_link_target=\u00a0\u00bb_blank\u00a0\u00bb link=\u00a0\u00bbhttps:\/\/belintra.com\/fr\/product-department\/sterilisation-bo\/\u00a0\u00bb][vc_column_text] St\u00e9rilisation &amp; BO [\/vc_column_text][\/vc_column][vc_column width=\u00a0\u00bb1\/4&Prime; css=\u00a0\u00bb.vc_custom_1708597495359{background-color: #f9f9f9 !important;}\u00a0\u00bb][vc_single_image image=\u00a0\u00bb11652&Prime; img_size=\u00a0\u00bb200&#215;200&Prime; alignment=\u00a0\u00bbcenter\u00a0\u00bb onclick=\u00a0\u00bbcustom_link\u00a0\u00bb img_link_target=\u00a0\u00bb_blank\u00a0\u00bb link=\u00a0\u00bbhttps:\/\/belintra.com\/fr\/product-department\/transport-stockage-modulaires\/\u00a0\u00bb][vc_column_text] Transport &amp; Stockage Modulaires [\/vc_column_text][\/vc_column][vc_column width=\u00a0\u00bb1\/4&Prime; css=\u00a0\u00bb.vc_custom_1708597503493{background-color: [&hellip;]<\/p>\n","protected":false},"author":14,"featured_media":0,"parent":0,"menu_order":0,"comment_status":"closed","ping_status":"closed","template":"","meta":{"_acf_changed":false,"footnotes":""},"class_list":["post-11707","page","type-page","status-publish","hentry"],"acf":[],"yoast_head":"<!-- This site is optimized with the Yoast SEO plugin v27.4 - https:\/\/yoast.com\/product\/yoast-seo-wordpress\/ -->\n<title>Gamme de produits Belintra - Scanmodul<\/title>\n<meta name=\"robots\" content=\"index, follow, max-snippet:-1, max-image-preview:large, max-video-preview:-1\" \/>\n<link rel=\"canonical\" href=\"https:\/\/scanmodul.com\/fr\/gamme-de-produits-belintra\/\" \/>\n<meta property=\"og:locale\" content=\"fr_FR\" \/>\n<meta property=\"og:type\" content=\"article\" \/>\n<meta property=\"og:title\" content=\"Gamme de produits Belintra - Scanmodul\" \/>\n<meta property=\"og:description\" content=\"[vc_row gap=\u00a0\u00bb30&Prime;][vc_column width=\u00a0\u00bb1\/4&Prime; css=\u00a0\u00bb.vc_custom_1708597623192{background-color: #f9f9f9 !important;}\u00a0\u00bb][vc_single_image image=\u00a0\u00bb11666&Prime; img_size=\u00a0\u00bb200&#215;200&Prime; alignment=\u00a0\u00bbcenter\u00a0\u00bb onclick=\u00a0\u00bbcustom_link\u00a0\u00bb img_link_target=\u00a0\u00bb_blank\u00a0\u00bb css_animation=\u00a0\u00bbnone\u00a0\u00bb link=\u00a0\u00bbhttps:\/\/belintra.com\/fr\/product-department\/it-mobile-distribution-securisee-de-medicaments-chariots-de-soin\/\u00a0\u00bb][vc_column_text] IT Mobile, Distribution S\u00e9curis\u00e9e de M\u00e9dicaments &amp; Chariots de Soin [\/vc_column_text][\/vc_column][vc_column width=\u00a0\u00bb1\/4&Prime; css=\u00a0\u00bb.vc_custom_1708597615408{background-color: #f9f9f9 !important;}\u00a0\u00bb][vc_single_image image=\u00a0\u00bb11659&Prime; img_size=\u00a0\u00bb200&#215;200&Prime; alignment=\u00a0\u00bbcenter\u00a0\u00bb onclick=\u00a0\u00bbcustom_link\u00a0\u00bb img_link_target=\u00a0\u00bb_blank\u00a0\u00bb link=\u00a0\u00bbhttps:\/\/belintra.com\/fr\/product-department\/sterilisation-bo\/\u00a0\u00bb][vc_column_text] St\u00e9rilisation &amp; BO [\/vc_column_text][\/vc_column][vc_column width=\u00a0\u00bb1\/4&Prime; css=\u00a0\u00bb.vc_custom_1708597495359{background-color: #f9f9f9 !important;}\u00a0\u00bb][vc_single_image image=\u00a0\u00bb11652&Prime; img_size=\u00a0\u00bb200&#215;200&Prime; alignment=\u00a0\u00bbcenter\u00a0\u00bb onclick=\u00a0\u00bbcustom_link\u00a0\u00bb img_link_target=\u00a0\u00bb_blank\u00a0\u00bb link=\u00a0\u00bbhttps:\/\/belintra.com\/fr\/product-department\/transport-stockage-modulaires\/\u00a0\u00bb][vc_column_text] Transport &amp; Stockage Modulaires [\/vc_column_text][\/vc_column][vc_column width=\u00a0\u00bb1\/4&Prime; css=\u00a0\u00bb.vc_custom_1708597503493{background-color: [&hellip;]\" \/>\n<meta property=\"og:url\" content=\"https:\/\/scanmodul.com\/fr\/gamme-de-produits-belintra\/\" \/>\n<meta property=\"og:site_name\" content=\"Scanmodul\" \/>\n<meta property=\"article:modified_time\" content=\"2024-02-22T15:33:03+00:00\" \/>\n<meta name=\"twitter:card\" content=\"summary_large_image\" \/>\n<meta name=\"twitter:label1\" content=\"Dur\u00e9e de lecture estim\u00e9e\" \/>\n\t<meta name=\"twitter:data1\" content=\"1 minute\" \/>\n<script type=\"application\/ld+json\" class=\"yoast-schema-graph\">{\"@context\":\"https:\\\/\\\/schema.org\",\"@graph\":[{\"@type\":\"WebPage\",\"@id\":\"https:\\\/\\\/scanmodul.com\\\/fr\\\/gamme-de-produits-belintra\\\/\",\"url\":\"https:\\\/\\\/scanmodul.com\\\/fr\\\/gamme-de-produits-belintra\\\/\",\"name\":\"Gamme de produits Belintra - Scanmodul\",\"isPartOf\":{\"@id\":\"https:\\\/\\\/scanmodul.com\\\/#website\"},\"datePublished\":\"2024-02-22T15:32:48+00:00\",\"dateModified\":\"2024-02-22T15:33:03+00:00\",\"breadcrumb\":{\"@id\":\"https:\\\/\\\/scanmodul.com\\\/fr\\\/gamme-de-produits-belintra\\\/#breadcrumb\"},\"inLanguage\":\"fr-FR\",\"potentialAction\":[{\"@type\":\"ReadAction\",\"target\":[\"https:\\\/\\\/scanmodul.com\\\/fr\\\/gamme-de-produits-belintra\\\/\"]}]},{\"@type\":\"BreadcrumbList\",\"@id\":\"https:\\\/\\\/scanmodul.com\\\/fr\\\/gamme-de-produits-belintra\\\/#breadcrumb\",\"itemListElement\":[{\"@type\":\"ListItem\",\"position\":1,\"name\":\"Startseite\",\"item\":\"https:\\\/\\\/scanmodul.com\\\/fr\\\/\"},{\"@type\":\"ListItem\",\"position\":2,\"name\":\"Gamme de produits Belintra\"}]},{\"@type\":\"WebSite\",\"@id\":\"https:\\\/\\\/scanmodul.com\\\/#website\",\"url\":\"https:\\\/\\\/scanmodul.com\\\/\",\"name\":\"Scanmodul\",\"description\":\"\",\"potentialAction\":[{\"@type\":\"SearchAction\",\"target\":{\"@type\":\"EntryPoint\",\"urlTemplate\":\"https:\\\/\\\/scanmodul.com\\\/?s={search_term_string}\"},\"query-input\":{\"@type\":\"PropertyValueSpecification\",\"valueRequired\":true,\"valueName\":\"search_term_string\"}}],\"inLanguage\":\"fr-FR\"}]}<\/script>\n<!-- \/ Yoast SEO plugin. -->","yoast_head_json":{"title":"Gamme de produits Belintra - Scanmodul","robots":{"index":"index","follow":"follow","max-snippet":"max-snippet:-1","max-image-preview":"max-image-preview:large","max-video-preview":"max-video-preview:-1"},"canonical":"https:\/\/scanmodul.com\/fr\/gamme-de-produits-belintra\/","og_locale":"fr_FR","og_type":"article","og_title":"Gamme de produits Belintra - Scanmodul","og_description":"[vc_row gap=\u00a0\u00bb30&Prime;][vc_column width=\u00a0\u00bb1\/4&Prime; css=\u00a0\u00bb.vc_custom_1708597623192{background-color: #f9f9f9 !important;}\u00a0\u00bb][vc_single_image image=\u00a0\u00bb11666&Prime; img_size=\u00a0\u00bb200&#215;200&Prime; alignment=\u00a0\u00bbcenter\u00a0\u00bb onclick=\u00a0\u00bbcustom_link\u00a0\u00bb img_link_target=\u00a0\u00bb_blank\u00a0\u00bb css_animation=\u00a0\u00bbnone\u00a0\u00bb link=\u00a0\u00bbhttps:\/\/belintra.com\/fr\/product-department\/it-mobile-distribution-securisee-de-medicaments-chariots-de-soin\/\u00a0\u00bb][vc_column_text] IT Mobile, Distribution S\u00e9curis\u00e9e de M\u00e9dicaments &amp; Chariots de Soin [\/vc_column_text][\/vc_column][vc_column width=\u00a0\u00bb1\/4&Prime; css=\u00a0\u00bb.vc_custom_1708597615408{background-color: #f9f9f9 !important;}\u00a0\u00bb][vc_single_image image=\u00a0\u00bb11659&Prime; img_size=\u00a0\u00bb200&#215;200&Prime; alignment=\u00a0\u00bbcenter\u00a0\u00bb onclick=\u00a0\u00bbcustom_link\u00a0\u00bb img_link_target=\u00a0\u00bb_blank\u00a0\u00bb link=\u00a0\u00bbhttps:\/\/belintra.com\/fr\/product-department\/sterilisation-bo\/\u00a0\u00bb][vc_column_text] St\u00e9rilisation &amp; BO [\/vc_column_text][\/vc_column][vc_column width=\u00a0\u00bb1\/4&Prime; css=\u00a0\u00bb.vc_custom_1708597495359{background-color: #f9f9f9 !important;}\u00a0\u00bb][vc_single_image image=\u00a0\u00bb11652&Prime; img_size=\u00a0\u00bb200&#215;200&Prime; alignment=\u00a0\u00bbcenter\u00a0\u00bb onclick=\u00a0\u00bbcustom_link\u00a0\u00bb img_link_target=\u00a0\u00bb_blank\u00a0\u00bb link=\u00a0\u00bbhttps:\/\/belintra.com\/fr\/product-department\/transport-stockage-modulaires\/\u00a0\u00bb][vc_column_text] Transport &amp; Stockage Modulaires [\/vc_column_text][\/vc_column][vc_column width=\u00a0\u00bb1\/4&Prime; css=\u00a0\u00bb.vc_custom_1708597503493{background-color: [&hellip;]","og_url":"https:\/\/scanmodul.com\/fr\/gamme-de-produits-belintra\/","og_site_name":"Scanmodul","article_modified_time":"2024-02-22T15:33:03+00:00","twitter_card":"summary_large_image","twitter_misc":{"Dur\u00e9e de lecture estim\u00e9e":"1 minute"},"schema":{"@context":"https:\/\/schema.org","@graph":[{"@type":"WebPage","@id":"https:\/\/scanmodul.com\/fr\/gamme-de-produits-belintra\/","url":"https:\/\/scanmodul.com\/fr\/gamme-de-produits-belintra\/","name":"Gamme de produits Belintra - Scanmodul","isPartOf":{"@id":"https:\/\/scanmodul.com\/#website"},"datePublished":"2024-02-22T15:32:48+00:00","dateModified":"2024-02-22T15:33:03+00:00","breadcrumb":{"@id":"https:\/\/scanmodul.com\/fr\/gamme-de-produits-belintra\/#breadcrumb"},"inLanguage":"fr-FR","potentialAction":[{"@type":"ReadAction","target":["https:\/\/scanmodul.com\/fr\/gamme-de-produits-belintra\/"]}]},{"@type":"BreadcrumbList","@id":"https:\/\/scanmodul.com\/fr\/gamme-de-produits-belintra\/#breadcrumb","itemListElement":[{"@type":"ListItem","position":1,"name":"Startseite","item":"https:\/\/scanmodul.com\/fr\/"},{"@type":"ListItem","position":2,"name":"Gamme de produits Belintra"}]},{"@type":"WebSite","@id":"https:\/\/scanmodul.com\/#website","url":"https:\/\/scanmodul.com\/","name":"Scanmodul","description":"","potentialAction":[{"@type":"SearchAction","target":{"@type":"EntryPoint","urlTemplate":"https:\/\/scanmodul.com\/?s={search_term_string}"},"query-input":{"@type":"PropertyValueSpecification","valueRequired":true,"valueName":"search_term_string"}}],"inLanguage":"fr-FR"}]}},"_links":{"self":[{"href":"https:\/\/scanmodul.com\/fr\/wp-json\/wp\/v2\/pages\/11707","targetHints":{"allow":["GET"]}}],"collection":[{"href":"https:\/\/scanmodul.com\/fr\/wp-json\/wp\/v2\/pages"}],"about":[{"href":"https:\/\/scanmodul.com\/fr\/wp-json\/wp\/v2\/types\/page"}],"author":[{"embeddable":true,"href":"https:\/\/scanmodul.com\/fr\/wp-json\/wp\/v2\/users\/14"}],"replies":[{"embeddable":true,"href":"https:\/\/scanmodul.com\/fr\/wp-json\/wp\/v2\/comments?post=11707"}],"version-history":[{"count":3,"href":"https:\/\/scanmodul.com\/fr\/wp-json\/wp\/v2\/pages\/11707\/revisions"}],"predecessor-version":[{"id":11710,"href":"https:\/\/scanmodul.com\/fr\/wp-json\/wp\/v2\/pages\/11707\/revisions\/11710"}],"wp:attachment":[{"href":"https:\/\/scanmodul.com\/fr\/wp-json\/wp\/v2\/media?parent=11707"}],"curies":[{"name":"wp","href":"https:\/\/api.w.org\/{rel}","templated":true}]}}