{"id":2859,"date":"2016-12-12T22:51:16","date_gmt":"2016-12-12T21:51:16","guid":{"rendered":"http:\/\/scanmodul.com\/es\/?page_id=2859"},"modified":"2017-03-02T09:12:27","modified_gmt":"2017-03-02T08:12:27","slug":"scanservices","status":"publish","type":"page","link":"https:\/\/scanmodul.com\/es\/scanservices\/","title":{"rendered":"SCANservices"},"content":{"rendered":"<div class=\"wpb-content-wrapper\"><p>[vc_row][vc_column][vc_column_text]<\/p>\n<h2>SCAN<em>renta<\/em><em>l<\/em><\/h2>\n<p>[\/vc_column_text][vc_separator color=\u00bbcustom\u00bb accent_color=\u00bb#002d5e\u00bb][vc_empty_space height=\u00bb20px\u00bb][vc_column_text]<\/p>\n<h3>Alquile productos ScanModul en lugar de comprarlos<\/h3>\n<p>Numerosos productos de ScanModul (sistema modular, carros ScanCell y accesorios, racks ScanMo y accesorios) tambi\u00e9n se pueden alquilar mediante financiaci\u00f3n sin inter\u00e9s y flexibles plazos de uso de hasta 30 meses.<\/p>\n<p>SCAN<em>rental<\/em> brinda la oportunidad de obtener productos de alta calidad a unas condiciones favorables.<\/p>\n<p>Al t\u00e9rmino del plazo del contrato, los productos se pueden devolver o cambiar por nuevos productos.<\/p>\n<p>El cambio por nuevos productos al t\u00e9rmino de dicho plazo resulta \u00f3ptimo, ya que en todas las \u00e1reas pueden usarse productos actualizados en cuanto a estado t\u00e9cnico y funcional.[\/vc_column_text][\/vc_column][\/vc_row][vc_row][vc_column][vc_empty_space height=\u00bb40px\u00bb][vc_column_text]<\/p>\n<h2>SCAN<em>guaranty<\/em><\/h2>\n<p>[\/vc_column_text][vc_separator color=\u00bbcustom\u00bb accent_color=\u00bb#002d5e\u00bb][vc_empty_space height=\u00bb20px\u00bb][vc_column_text]<\/p>\n<h3>5 a\u00f1os de garant\u00eda en la gama de productos<\/h3>\n<p>ScanModul ofrece una garant\u00eda de 5 a\u00f1os para la gama de productos ScanModul (sistema modular, carros ScanCell y accesorios, racks ScanMo y accesorios). \u00danicamente quedan exceptuadas de esta garant\u00eda las ruedas.<\/p>\n<p>Si surgiera un problema durante el plazo de garant\u00eda, ser\u00e1 subsanado por ScanModul. Se llevar\u00e1 a cabo una reparaci\u00f3n o una sustituci\u00f3n por un producto nuevo y equivalente.<\/p>\n<p>&nbsp;<\/p>\n<h3>Garant\u00eda de 10 a\u00f1os en bisagras ScanModul\u00ae<\/h3>\n<p>Adem\u00e1s ScanModul\u00ae garantiza una garant\u00eda de 10 a\u00f1os en las bisagras ScanModul\u00ae.<\/p>\n<p>&nbsp;<\/p>\n<p>En caso de surgir un problema durante el per\u00edodo de garant\u00eda, ser\u00e1 corregido por ScanModul\u00ae. Habr\u00e1 una reparaci\u00f3n o un reemplazo, con un producto nuevo y equivalent.[\/vc_column_text][\/vc_column][\/vc_row]<\/p>\n<\/div>","protected":false},"excerpt":{"rendered":"<p>[vc_row][vc_column][vc_column_text] SCANrental [\/vc_column_text][vc_separator color=\u00bbcustom\u00bb accent_color=\u00bb#002d5e\u00bb][vc_empty_space height=\u00bb20px\u00bb][vc_column_text] Alquile productos ScanModul en lugar de comprarlos Numerosos productos de ScanModul (sistema modular, carros ScanCell y accesorios, racks ScanMo y accesorios) tambi\u00e9n se pueden alquilar mediante financiaci\u00f3n sin inter\u00e9s y flexibles plazos de uso de hasta 30 meses. SCANrental brinda la oportunidad de obtener productos de alta calidad a [&hellip;]<\/p>\n","protected":false},"author":14,"featured_media":0,"parent":0,"menu_order":0,"comment_status":"closed","ping_status":"closed","template":"","meta":{"_acf_changed":false,"footnotes":""},"class_list":["post-2859","page","type-page","status-publish","hentry"],"acf":[],"yoast_head":"<!-- This site is optimized with the Yoast SEO plugin v27.5 - https:\/\/yoast.com\/product\/yoast-seo-wordpress\/ -->\n<title>SCANservices - Scanmodul<\/title>\n<meta name=\"robots\" content=\"index, follow, max-snippet:-1, max-image-preview:large, max-video-preview:-1\" \/>\n<link rel=\"canonical\" href=\"https:\/\/scanmodul.com\/es\/scanservices\/\" \/>\n<meta property=\"og:locale\" content=\"es_ES\" \/>\n<meta property=\"og:type\" content=\"article\" \/>\n<meta property=\"og:title\" content=\"SCANservices - Scanmodul\" \/>\n<meta property=\"og:description\" content=\"[vc_row][vc_column][vc_column_text] SCANrental [\/vc_column_text][vc_separator color=\u00bbcustom\u00bb accent_color=\u00bb#002d5e\u00bb][vc_empty_space height=\u00bb20px\u00bb][vc_column_text] Alquile productos ScanModul en lugar de comprarlos Numerosos productos de ScanModul (sistema modular, carros ScanCell y accesorios, racks ScanMo y accesorios) tambi\u00e9n se pueden alquilar mediante financiaci\u00f3n sin inter\u00e9s y flexibles plazos de uso de hasta 30 meses. SCANrental brinda la oportunidad de obtener productos de alta calidad a [&hellip;]\" \/>\n<meta property=\"og:url\" content=\"https:\/\/scanmodul.com\/es\/scanservices\/\" \/>\n<meta property=\"og:site_name\" content=\"Scanmodul\" \/>\n<meta property=\"article:modified_time\" content=\"2017-03-02T08:12:27+00:00\" \/>\n<meta name=\"twitter:card\" content=\"summary_large_image\" \/>\n<meta name=\"twitter:label1\" content=\"Tiempo de lectura\" \/>\n\t<meta name=\"twitter:data1\" content=\"2 minutos\" \/>\n<script type=\"application\/ld+json\" class=\"yoast-schema-graph\">{\"@context\":\"https:\\\/\\\/schema.org\",\"@graph\":[{\"@type\":\"WebPage\",\"@id\":\"https:\\\/\\\/scanmodul.com\\\/es\\\/scanservices\\\/\",\"url\":\"https:\\\/\\\/scanmodul.com\\\/es\\\/scanservices\\\/\",\"name\":\"SCANservices - Scanmodul\",\"isPartOf\":{\"@id\":\"https:\\\/\\\/scanmodul.com\\\/#website\"},\"datePublished\":\"2016-12-12T21:51:16+00:00\",\"dateModified\":\"2017-03-02T08:12:27+00:00\",\"breadcrumb\":{\"@id\":\"https:\\\/\\\/scanmodul.com\\\/es\\\/scanservices\\\/#breadcrumb\"},\"inLanguage\":\"es\",\"potentialAction\":[{\"@type\":\"ReadAction\",\"target\":[\"https:\\\/\\\/scanmodul.com\\\/es\\\/scanservices\\\/\"]}]},{\"@type\":\"BreadcrumbList\",\"@id\":\"https:\\\/\\\/scanmodul.com\\\/es\\\/scanservices\\\/#breadcrumb\",\"itemListElement\":[{\"@type\":\"ListItem\",\"position\":1,\"name\":\"Startseite\",\"item\":\"https:\\\/\\\/scanmodul.com\\\/es\\\/\"},{\"@type\":\"ListItem\",\"position\":2,\"name\":\"SCANservices\"}]},{\"@type\":\"WebSite\",\"@id\":\"https:\\\/\\\/scanmodul.com\\\/#website\",\"url\":\"https:\\\/\\\/scanmodul.com\\\/\",\"name\":\"Scanmodul\",\"description\":\"\",\"potentialAction\":[{\"@type\":\"SearchAction\",\"target\":{\"@type\":\"EntryPoint\",\"urlTemplate\":\"https:\\\/\\\/scanmodul.com\\\/?s={search_term_string}\"},\"query-input\":{\"@type\":\"PropertyValueSpecification\",\"valueRequired\":true,\"valueName\":\"search_term_string\"}}],\"inLanguage\":\"es\"}]}<\/script>\n<!-- \/ Yoast SEO plugin. -->","yoast_head_json":{"title":"SCANservices - Scanmodul","robots":{"index":"index","follow":"follow","max-snippet":"max-snippet:-1","max-image-preview":"max-image-preview:large","max-video-preview":"max-video-preview:-1"},"canonical":"https:\/\/scanmodul.com\/es\/scanservices\/","og_locale":"es_ES","og_type":"article","og_title":"SCANservices - Scanmodul","og_description":"[vc_row][vc_column][vc_column_text] SCANrental [\/vc_column_text][vc_separator color=\u00bbcustom\u00bb accent_color=\u00bb#002d5e\u00bb][vc_empty_space height=\u00bb20px\u00bb][vc_column_text] Alquile productos ScanModul en lugar de comprarlos Numerosos productos de ScanModul (sistema modular, carros ScanCell y accesorios, racks ScanMo y accesorios) tambi\u00e9n se pueden alquilar mediante financiaci\u00f3n sin inter\u00e9s y flexibles plazos de uso de hasta 30 meses. SCANrental brinda la oportunidad de obtener productos de alta calidad a [&hellip;]","og_url":"https:\/\/scanmodul.com\/es\/scanservices\/","og_site_name":"Scanmodul","article_modified_time":"2017-03-02T08:12:27+00:00","twitter_card":"summary_large_image","twitter_misc":{"Tiempo de lectura":"2 minutos"},"schema":{"@context":"https:\/\/schema.org","@graph":[{"@type":"WebPage","@id":"https:\/\/scanmodul.com\/es\/scanservices\/","url":"https:\/\/scanmodul.com\/es\/scanservices\/","name":"SCANservices - Scanmodul","isPartOf":{"@id":"https:\/\/scanmodul.com\/#website"},"datePublished":"2016-12-12T21:51:16+00:00","dateModified":"2017-03-02T08:12:27+00:00","breadcrumb":{"@id":"https:\/\/scanmodul.com\/es\/scanservices\/#breadcrumb"},"inLanguage":"es","potentialAction":[{"@type":"ReadAction","target":["https:\/\/scanmodul.com\/es\/scanservices\/"]}]},{"@type":"BreadcrumbList","@id":"https:\/\/scanmodul.com\/es\/scanservices\/#breadcrumb","itemListElement":[{"@type":"ListItem","position":1,"name":"Startseite","item":"https:\/\/scanmodul.com\/es\/"},{"@type":"ListItem","position":2,"name":"SCANservices"}]},{"@type":"WebSite","@id":"https:\/\/scanmodul.com\/#website","url":"https:\/\/scanmodul.com\/","name":"Scanmodul","description":"","potentialAction":[{"@type":"SearchAction","target":{"@type":"EntryPoint","urlTemplate":"https:\/\/scanmodul.com\/?s={search_term_string}"},"query-input":{"@type":"PropertyValueSpecification","valueRequired":true,"valueName":"search_term_string"}}],"inLanguage":"es"}]}},"_links":{"self":[{"href":"https:\/\/scanmodul.com\/es\/wp-json\/wp\/v2\/pages\/2859","targetHints":{"allow":["GET"]}}],"collection":[{"href":"https:\/\/scanmodul.com\/es\/wp-json\/wp\/v2\/pages"}],"about":[{"href":"https:\/\/scanmodul.com\/es\/wp-json\/wp\/v2\/types\/page"}],"author":[{"embeddable":true,"href":"https:\/\/scanmodul.com\/es\/wp-json\/wp\/v2\/users\/14"}],"replies":[{"embeddable":true,"href":"https:\/\/scanmodul.com\/es\/wp-json\/wp\/v2\/comments?post=2859"}],"version-history":[{"count":5,"href":"https:\/\/scanmodul.com\/es\/wp-json\/wp\/v2\/pages\/2859\/revisions"}],"predecessor-version":[{"id":3665,"href":"https:\/\/scanmodul.com\/es\/wp-json\/wp\/v2\/pages\/2859\/revisions\/3665"}],"wp:attachment":[{"href":"https:\/\/scanmodul.com\/es\/wp-json\/wp\/v2\/media?parent=2859"}],"curies":[{"name":"wp","href":"https:\/\/api.w.org\/{rel}","templated":true}]}}