{"id":2851,"date":"2016-12-12T22:38:53","date_gmt":"2016-12-12T21:38:53","guid":{"rendered":"http:\/\/scanmodul.com\/es\/?page_id=2851"},"modified":"2024-06-25T14:30:48","modified_gmt":"2024-06-25T12:30:48","slug":"profile","status":"publish","type":"page","link":"https:\/\/scanmodul.com\/es\/","title":{"rendered":"Perfil"},"content":{"rendered":"<div class=\"wpb-content-wrapper\"><p>[vc_row disable_element=\u00bbyes\u00bb css=\u00bb.vc_custom_1719319023964{margin-top: 5px !important;}\u00bb][vc_column][vc_column_text]<\/p>\n<div class=\"tlid-input input\">\n<div class=\"source-wrap\">\n<div class=\"input-full-height-wrapper tlid-input-full-height-wrapper\">\n<div class=\"source-input\">\n<div class=\"source-footer-wrap source-or-target-footer\">\n<div class=\"character-count tlid-character-count\">\n<div class=\"tlid-input input\">\n<div class=\"source-wrap\">\n<div class=\"input-full-height-wrapper tlid-input-full-height-wrapper\">\n<div class=\"source-input\">\n<div class=\"source-footer-wrap source-or-target-footer\">\n<div class=\"character-count tlid-character-count\"><\/div>\n<\/div>\n<\/div>\n<\/div>\n<\/div>\n<\/div>\n<div class=\"tlid-results-container results-container\">\n<div class=\"tlid-result result-dict-wrapper\">\n<div class=\"result tlid-copy-target\">\n<div class=\"text-wrap tlid-copy-target\">\n<h1 class=\"result-shield-container tlid-copy-target\" tabindex=\"0\"><span class=\"tlid-translation translation\" lang=\"es\"><span title=\"\">Noticias<\/span><\/span><\/h1>\n<\/div>\n<\/div>\n<\/div>\n<\/div>\n<\/div>\n<\/div>\n<\/div>\n<\/div>\n<\/div>\n<\/div>\n<p>[\/vc_column_text][\/vc_column][\/vc_row][vc_row content_placement=\u00bbmiddle\u00bb disable_element=\u00bbyes\u00bb css=\u00bb.vc_custom_1719319030092{background-color: #ececec !important;}\u00bb el_id=\u00bbAktuell\u00bb][vc_column][vc_single_image image=\u00bb11014&#8243; img_size=\u00bbfull\u00bb onclick=\u00bbcustom_link\u00bb css_animation=\u00bbnone\u00bb link=\u00bbhttps:\/\/scanmodul.com\/es\/news\/scanmodul-certificado-iso-90012015\/\u00bb][\/vc_column][\/vc_row][vc_row][vc_column][vc_column_text]<\/p>\n<div class=\"tlid-input input\">\n<div class=\"source-wrap\">\n<div class=\"input-full-height-wrapper tlid-input-full-height-wrapper\">\n<div class=\"source-input\">\n<div class=\"source-footer-wrap source-or-target-footer\">\n<div class=\"character-count tlid-character-count\">\n<div class=\"tlid-input input\">\n<div class=\"source-wrap\">\n<div class=\"input-full-height-wrapper tlid-input-full-height-wrapper\">\n<div class=\"source-input\">\n<div class=\"source-footer-wrap source-or-target-footer\">\n<div class=\"character-count tlid-character-count\"><\/div>\n<\/div>\n<\/div>\n<\/div>\n<\/div>\n<\/div>\n<div class=\"tlid-results-container results-container\">\n<div class=\"tlid-result result-dict-wrapper\">\n<div class=\"result tlid-copy-target\">\n<div class=\"text-wrap tlid-copy-target\">\n<h1 class=\"result-shield-container tlid-copy-target\" tabindex=\"0\"><span class=\"tlid-translation translation\" lang=\"es\"><span title=\"\">Perfil<\/span><\/span><\/h1>\n<\/div>\n<\/div>\n<\/div>\n<\/div>\n<\/div>\n<\/div>\n<\/div>\n<\/div>\n<\/div>\n<\/div>\n<p>[\/vc_column_text][vc_separator color=\u00bbcustom\u00bb css=\u00bb.vc_custom_1460972310249{padding-top: 0px !important;}\u00bb accent_color=\u00bb#002d5e\u00bb][\/vc_column][\/vc_row][vc_row el_class=\u00bbmin-height-2-rows\u00bb][vc_column width=\u00bb1\/3&#8243;][vc_single_image image=\u00bb4592&#8243; img_size=\u00bb400&#215;400&#8243;][vc_column_text]<\/p>\n<h2>Experiencia y valores<\/h2>\n<p>[\/vc_column_text][vc_empty_space height=\u00bb10px\u00bb][vc_separator color=\u00bbcustom\u00bb css=\u00bb.vc_custom_1460972173208{padding-top: 0px !important;}\u00bb accent_color=\u00bb#002d5e\u00bb][vc_empty_space height=\u00bb10px\u00bb][vc_column_text]M\u00e1s de 100 a\u00f1os de presencia en el mercado sanitario, m\u00e1s de 40 a\u00f1os de experiencia con sistemas de log\u00edstica y m\u00e1s de 2000 proyectos finalizados en todo el mundo hablan por s\u00ed solos de la experiencia de ScanModul. Huelga decir que la gesti\u00f3n profesional de proyectos, del an\u00e1lisis y la evaluaci\u00f3n a la realizaci\u00f3n, pasando por la concepci\u00f3n, es algo que damos por sentado. Siempre nos orientamos a usted, el cliente: porque su satisfacci\u00f3n es nuestro principal objetivo.[\/vc_column_text][vc_empty_space height=\u00bb20px\u00bb][\/vc_column][vc_column width=\u00bb1\/3&#8243;][vc_single_image image=\u00bb5213&#8243; img_size=\u00bbfull\u00bb css=\u00bb.vc_custom_1551689892055{padding-top: 0px !important;padding-bottom: 0px !important;}\u00bb][vc_column_text]<\/p>\n<h2>Liderazgo de mercado<\/h2>\n<p>[\/vc_column_text][vc_empty_space height=\u00bb10px\u00bb][vc_separator color=\u00bbcustom\u00bb css=\u00bb.vc_custom_1460972187705{padding-top: 0px !important;}\u00bb accent_color=\u00bb#002d5e\u00bb][vc_empty_space height=\u00bb10px\u00bb][vc_column_text]Como inventor y mayor vendedor en el \u00e1mbito del sistema modular, ScanModul ocupa con orgullo su posici\u00f3n de liderazgo. Somos plenamente conscientes de la responsabilidad que la posici\u00f3n de l\u00edder de mercado comporta para nosotros. Aceptamos los retos diarios en t\u00e9rminos de calidad e innovaci\u00f3n que de esto se derivan: con compromiso pleno.[\/vc_column_text][vc_empty_space height=\u00bb20px\u00bb][\/vc_column][vc_column width=\u00bb1\/3&#8243;][vc_single_image image=\u00bb4599&#8243; img_size=\u00bbfull\u00bb css=\u00bb.vc_custom_1551689905978{padding-top: 0px !important;padding-bottom: 0px !important;}\u00bb][vc_column_text]<\/p>\n<h2>Extensa cartera y calidad<\/h2>\n<p>[\/vc_column_text][vc_empty_space height=\u00bb10px\u00bb][vc_separator color=\u00bbcustom\u00bb css=\u00bb.vc_custom_1460972197077{padding-top: 0px !important;}\u00bb accent_color=\u00bb#002d5e\u00bb][vc_empty_space height=\u00bb10px\u00bb][vc_column_text]ScanModul se enorgullece de contar con una excelente calidad y con la cartera de productos m\u00e1s extensa de la industria. Seguimos innovando y ampliando nuestra gama de productos al tiempo que mantenemos el m\u00e1ximo nivel de calidad. Nuestra meta es proporcionarle con ScanModul todas las soluciones de almacenamiento que usted, como cliente, necesite, esforz\u00e1ndonos por conseguirlo con un nivel de servicio de primera calidad. Le ofrecemos en todo momento una amplia gama de productos, alta calidad y servicio de primera.[\/vc_column_text][vc_empty_space height=\u00bb20px\u00bb][\/vc_column][\/vc_row][vc_row][vc_column][vc_column_text]<\/p>\n<h1>Sede central y producci\u00f3n<\/h1>\n<p>[\/vc_column_text][vc_separator color=\u00bbcustom\u00bb css=\u00bb.vc_custom_1460972310249{padding-top: 0px !important;}\u00bb accent_color=\u00bb#002d5e\u00bb][vc_empty_space height=\u00bb40px\u00bb][vc_images_carousel images=\u00bb1727,1728,1729,1730&#8243; img_size=\u00bbfull\u00bb onclick=\u00bblink_no\u00bb speed=\u00bb3000&#8243; autoplay=\u00bbyes\u00bb hide_pagination_control=\u00bbyes\u00bb hide_prev_next_buttons=\u00bbyes\u00bb wrap=\u00bbyes\u00bb][vc_empty_space height=\u00bb20px\u00bb][vc_column_text]Las instalaciones de producci\u00f3n y almacenamiento de ScanModul est\u00e1n ubicadas en Houten, Pa\u00edses Bajos. Albergan 4200\u00a0m\u00b2 de superficie de almacenamiento y una capacidad para 1950 pal\u00e9s. Adem\u00e1s, aqu\u00ed se encuentra la superficie de producci\u00f3n de aprox. 700\u00a0m\u00b2 destinada a los carros ScanCell. Las mercanc\u00edas se despachan a todo el mundo directamente desde el centro log\u00edstico de Houten.[\/vc_column_text][\/vc_column][\/vc_row]<\/p>\n<\/div>","protected":false},"excerpt":{"rendered":"<p>[vc_row disable_element=\u00bbyes\u00bb css=\u00bb.vc_custom_1719319023964{margin-top: 5px !important;}\u00bb][vc_column][vc_column_text] Noticias [\/vc_column_text][\/vc_column][\/vc_row][vc_row content_placement=\u00bbmiddle\u00bb disable_element=\u00bbyes\u00bb css=\u00bb.vc_custom_1719319030092{background-color: #ececec !important;}\u00bb el_id=\u00bbAktuell\u00bb][vc_column][vc_single_image image=\u00bb11014&#8243; img_size=\u00bbfull\u00bb onclick=\u00bbcustom_link\u00bb css_animation=\u00bbnone\u00bb link=\u00bbhttps:\/\/scanmodul.com\/es\/news\/scanmodul-certificado-iso-90012015\/\u00bb][\/vc_column][\/vc_row][vc_row][vc_column][vc_column_text] Perfil [\/vc_column_text][vc_separator color=\u00bbcustom\u00bb css=\u00bb.vc_custom_1460972310249{padding-top: 0px !important;}\u00bb accent_color=\u00bb#002d5e\u00bb][\/vc_column][\/vc_row][vc_row el_class=\u00bbmin-height-2-rows\u00bb][vc_column width=\u00bb1\/3&#8243;][vc_single_image image=\u00bb4592&#8243; img_size=\u00bb400&#215;400&#8243;][vc_column_text] Experiencia y valores [\/vc_column_text][vc_empty_space height=\u00bb10px\u00bb][vc_separator color=\u00bbcustom\u00bb css=\u00bb.vc_custom_1460972173208{padding-top: 0px !important;}\u00bb accent_color=\u00bb#002d5e\u00bb][vc_empty_space height=\u00bb10px\u00bb][vc_column_text]M\u00e1s de 100 a\u00f1os de presencia en el mercado sanitario, m\u00e1s de 40 a\u00f1os de experiencia [&hellip;]<\/p>\n","protected":false},"author":14,"featured_media":0,"parent":0,"menu_order":0,"comment_status":"closed","ping_status":"closed","template":"","meta":{"_acf_changed":false,"footnotes":""},"class_list":["post-2851","page","type-page","status-publish","hentry"],"acf":[],"yoast_head":"<!-- This site is optimized with the Yoast SEO plugin v27.5 - https:\/\/yoast.com\/product\/yoast-seo-wordpress\/ -->\n<title>Perfil - Scanmodul<\/title>\n<meta name=\"robots\" content=\"index, follow, max-snippet:-1, max-image-preview:large, max-video-preview:-1\" \/>\n<link rel=\"canonical\" href=\"https:\/\/scanmodul.com\/es\/\" \/>\n<meta property=\"og:locale\" content=\"es_ES\" \/>\n<meta property=\"og:type\" content=\"article\" \/>\n<meta property=\"og:title\" content=\"Perfil - Scanmodul\" \/>\n<meta property=\"og:description\" content=\"[vc_row disable_element=\u00bbyes\u00bb css=\u00bb.vc_custom_1719319023964{margin-top: 5px !important;}\u00bb][vc_column][vc_column_text] Noticias [\/vc_column_text][\/vc_column][\/vc_row][vc_row content_placement=\u00bbmiddle\u00bb disable_element=\u00bbyes\u00bb css=\u00bb.vc_custom_1719319030092{background-color: #ececec !important;}\u00bb el_id=\u00bbAktuell\u00bb][vc_column][vc_single_image image=\u00bb11014&#8243; img_size=\u00bbfull\u00bb onclick=\u00bbcustom_link\u00bb css_animation=\u00bbnone\u00bb link=\u00bbhttps:\/\/scanmodul.com\/es\/news\/scanmodul-certificado-iso-90012015\/\u00bb][\/vc_column][\/vc_row][vc_row][vc_column][vc_column_text] Perfil [\/vc_column_text][vc_separator color=\u00bbcustom\u00bb css=\u00bb.vc_custom_1460972310249{padding-top: 0px !important;}\u00bb accent_color=\u00bb#002d5e\u00bb][\/vc_column][\/vc_row][vc_row el_class=\u00bbmin-height-2-rows\u00bb][vc_column width=\u00bb1\/3&#8243;][vc_single_image image=\u00bb4592&#8243; img_size=\u00bb400&#215;400&#8243;][vc_column_text] Experiencia y valores [\/vc_column_text][vc_empty_space height=\u00bb10px\u00bb][vc_separator color=\u00bbcustom\u00bb css=\u00bb.vc_custom_1460972173208{padding-top: 0px !important;}\u00bb accent_color=\u00bb#002d5e\u00bb][vc_empty_space height=\u00bb10px\u00bb][vc_column_text]M\u00e1s de 100 a\u00f1os de presencia en el mercado sanitario, m\u00e1s de 40 a\u00f1os de experiencia [&hellip;]\" \/>\n<meta property=\"og:url\" content=\"https:\/\/scanmodul.com\/es\/\" \/>\n<meta property=\"og:site_name\" content=\"Scanmodul\" \/>\n<meta property=\"article:modified_time\" content=\"2024-06-25T12:30:48+00:00\" \/>\n<meta name=\"twitter:card\" content=\"summary_large_image\" \/>\n<meta name=\"twitter:label1\" content=\"Tiempo de lectura\" \/>\n\t<meta name=\"twitter:data1\" content=\"4 minutos\" \/>\n<script type=\"application\/ld+json\" class=\"yoast-schema-graph\">{\"@context\":\"https:\\\/\\\/schema.org\",\"@graph\":[{\"@type\":\"WebPage\",\"@id\":\"https:\\\/\\\/scanmodul.com\\\/es\\\/\",\"url\":\"https:\\\/\\\/scanmodul.com\\\/es\\\/\",\"name\":\"Perfil - Scanmodul\",\"isPartOf\":{\"@id\":\"https:\\\/\\\/scanmodul.com\\\/#website\"},\"datePublished\":\"2016-12-12T21:38:53+00:00\",\"dateModified\":\"2024-06-25T12:30:48+00:00\",\"breadcrumb\":{\"@id\":\"https:\\\/\\\/scanmodul.com\\\/es\\\/#breadcrumb\"},\"inLanguage\":\"es\",\"potentialAction\":[{\"@type\":\"ReadAction\",\"target\":[\"https:\\\/\\\/scanmodul.com\\\/es\\\/\"]}]},{\"@type\":\"BreadcrumbList\",\"@id\":\"https:\\\/\\\/scanmodul.com\\\/es\\\/#breadcrumb\",\"itemListElement\":[{\"@type\":\"ListItem\",\"position\":1,\"name\":\"Startseite\",\"item\":\"https:\\\/\\\/scanmodul.com\\\/es\\\/\"},{\"@type\":\"ListItem\",\"position\":2,\"name\":\"Perfil\"}]},{\"@type\":\"WebSite\",\"@id\":\"https:\\\/\\\/scanmodul.com\\\/#website\",\"url\":\"https:\\\/\\\/scanmodul.com\\\/\",\"name\":\"Scanmodul\",\"description\":\"\",\"potentialAction\":[{\"@type\":\"SearchAction\",\"target\":{\"@type\":\"EntryPoint\",\"urlTemplate\":\"https:\\\/\\\/scanmodul.com\\\/?s={search_term_string}\"},\"query-input\":{\"@type\":\"PropertyValueSpecification\",\"valueRequired\":true,\"valueName\":\"search_term_string\"}}],\"inLanguage\":\"es\"}]}<\/script>\n<!-- \/ Yoast SEO plugin. -->","yoast_head_json":{"title":"Perfil - Scanmodul","robots":{"index":"index","follow":"follow","max-snippet":"max-snippet:-1","max-image-preview":"max-image-preview:large","max-video-preview":"max-video-preview:-1"},"canonical":"https:\/\/scanmodul.com\/es\/","og_locale":"es_ES","og_type":"article","og_title":"Perfil - Scanmodul","og_description":"[vc_row disable_element=\u00bbyes\u00bb css=\u00bb.vc_custom_1719319023964{margin-top: 5px !important;}\u00bb][vc_column][vc_column_text] Noticias [\/vc_column_text][\/vc_column][\/vc_row][vc_row content_placement=\u00bbmiddle\u00bb disable_element=\u00bbyes\u00bb css=\u00bb.vc_custom_1719319030092{background-color: #ececec !important;}\u00bb el_id=\u00bbAktuell\u00bb][vc_column][vc_single_image image=\u00bb11014&#8243; img_size=\u00bbfull\u00bb onclick=\u00bbcustom_link\u00bb css_animation=\u00bbnone\u00bb link=\u00bbhttps:\/\/scanmodul.com\/es\/news\/scanmodul-certificado-iso-90012015\/\u00bb][\/vc_column][\/vc_row][vc_row][vc_column][vc_column_text] Perfil [\/vc_column_text][vc_separator color=\u00bbcustom\u00bb css=\u00bb.vc_custom_1460972310249{padding-top: 0px !important;}\u00bb accent_color=\u00bb#002d5e\u00bb][\/vc_column][\/vc_row][vc_row el_class=\u00bbmin-height-2-rows\u00bb][vc_column width=\u00bb1\/3&#8243;][vc_single_image image=\u00bb4592&#8243; img_size=\u00bb400&#215;400&#8243;][vc_column_text] Experiencia y valores [\/vc_column_text][vc_empty_space height=\u00bb10px\u00bb][vc_separator color=\u00bbcustom\u00bb css=\u00bb.vc_custom_1460972173208{padding-top: 0px !important;}\u00bb accent_color=\u00bb#002d5e\u00bb][vc_empty_space height=\u00bb10px\u00bb][vc_column_text]M\u00e1s de 100 a\u00f1os de presencia en el mercado sanitario, m\u00e1s de 40 a\u00f1os de experiencia [&hellip;]","og_url":"https:\/\/scanmodul.com\/es\/","og_site_name":"Scanmodul","article_modified_time":"2024-06-25T12:30:48+00:00","twitter_card":"summary_large_image","twitter_misc":{"Tiempo de lectura":"4 minutos"},"schema":{"@context":"https:\/\/schema.org","@graph":[{"@type":"WebPage","@id":"https:\/\/scanmodul.com\/es\/","url":"https:\/\/scanmodul.com\/es\/","name":"Perfil - Scanmodul","isPartOf":{"@id":"https:\/\/scanmodul.com\/#website"},"datePublished":"2016-12-12T21:38:53+00:00","dateModified":"2024-06-25T12:30:48+00:00","breadcrumb":{"@id":"https:\/\/scanmodul.com\/es\/#breadcrumb"},"inLanguage":"es","potentialAction":[{"@type":"ReadAction","target":["https:\/\/scanmodul.com\/es\/"]}]},{"@type":"BreadcrumbList","@id":"https:\/\/scanmodul.com\/es\/#breadcrumb","itemListElement":[{"@type":"ListItem","position":1,"name":"Startseite","item":"https:\/\/scanmodul.com\/es\/"},{"@type":"ListItem","position":2,"name":"Perfil"}]},{"@type":"WebSite","@id":"https:\/\/scanmodul.com\/#website","url":"https:\/\/scanmodul.com\/","name":"Scanmodul","description":"","potentialAction":[{"@type":"SearchAction","target":{"@type":"EntryPoint","urlTemplate":"https:\/\/scanmodul.com\/?s={search_term_string}"},"query-input":{"@type":"PropertyValueSpecification","valueRequired":true,"valueName":"search_term_string"}}],"inLanguage":"es"}]}},"_links":{"self":[{"href":"https:\/\/scanmodul.com\/es\/wp-json\/wp\/v2\/pages\/2851","targetHints":{"allow":["GET"]}}],"collection":[{"href":"https:\/\/scanmodul.com\/es\/wp-json\/wp\/v2\/pages"}],"about":[{"href":"https:\/\/scanmodul.com\/es\/wp-json\/wp\/v2\/types\/page"}],"author":[{"embeddable":true,"href":"https:\/\/scanmodul.com\/es\/wp-json\/wp\/v2\/users\/14"}],"replies":[{"embeddable":true,"href":"https:\/\/scanmodul.com\/es\/wp-json\/wp\/v2\/comments?post=2851"}],"version-history":[{"count":25,"href":"https:\/\/scanmodul.com\/es\/wp-json\/wp\/v2\/pages\/2851\/revisions"}],"predecessor-version":[{"id":12975,"href":"https:\/\/scanmodul.com\/es\/wp-json\/wp\/v2\/pages\/2851\/revisions\/12975"}],"wp:attachment":[{"href":"https:\/\/scanmodul.com\/es\/wp-json\/wp\/v2\/media?parent=2851"}],"curies":[{"name":"wp","href":"https:\/\/api.w.org\/{rel}","templated":true}]}}