{"id":2840,"date":"2016-12-12T22:23:05","date_gmt":"2016-12-12T21:23:05","guid":{"rendered":"http:\/\/scanmodul.com\/es\/?page_id=2840"},"modified":"2025-04-17T09:15:06","modified_gmt":"2025-04-17T07:15:06","slug":"management","status":"publish","type":"page","link":"https:\/\/scanmodul.com\/es\/management\/","title":{"rendered":"Equipo directivo"},"content":{"rendered":"<div class=\"wpb-content-wrapper\"><p>[vc_row][vc_column][vc_empty_space height=\u00bb10px\u00bb][vc_separator color=\u00bbcustom\u00bb accent_color=\u00bb#002d5e\u00bb][vc_empty_space height=\u00bb40px\u00bb][\/vc_column][\/vc_row][vc_row][vc_column width=\u00bb1\/3&#8243;][vc_empty_space height=\u00bb40px\u00bb][vc_single_image image=\u00bb6945&#8243; img_size=\u00bb600&#215;800&#8243;][\/vc_column][vc_column width=\u00bb2\/3&#8243;][vc_column_text css=\u00bb\u00bb]<\/p>\n<h2>Patrick Bark<\/h2>\n<h4><strong>Director General de ScanModul\u00ae International Holding B.V.<\/strong><\/h4>\n<p>[\/vc_column_text][vc_empty_space height=\u00bb20px\u00bb][vc_column_text css=\u00bb\u00bb]Antes de unirse a ScanModul\u00ae, Patrick fue CEO y accionista de Life Safety Products B.V., l\u00edder del mercado de martillos de seguridad y productos de seguridad para la industria del autom\u00f3vil bajo la marca LIFEHAMMER\u00ae. Antes de Life Safety Products, Patrick pas\u00f3 13 a\u00f1os en Poppers Holding B.V., fabricante y distribuidor de herramientas neum\u00e1ticas y elementos de fijaci\u00f3n. En Poppers, Patrick ocup\u00f3 varios cargos en el Consejo de Administraci\u00f3n y tambi\u00e9n lleg\u00f3 a ser accionista. Patrick comenz\u00f3 su carrera en 1991 como aprendiz de gesti\u00f3n en Metabowerke GmbH &amp; Co KG en Alemania, fabricante de herramientas el\u00e9ctricas manuales y fijas, y desempe\u00f1\u00f3 diversas funciones en gesti\u00f3n de productos, ventas y marketing hasta 1998. Patrick es licenciado en Administraci\u00f3n de Empresas por la Hogeschool Haarlem. A lo largo de su carrera, Patrick pas\u00f3 m\u00e1s de 11 a\u00f1os en el extranjero y se convirti\u00f3 en un CEO emprendedor, experto en desarrollo de negocios internacionales, distribuci\u00f3n, fabricaci\u00f3n y abastecimiento, construyendo una s\u00f3lida trayectoria y una excelente reputaci\u00f3n.[\/vc_column_text][\/vc_column][\/vc_row][vc_row][vc_column][vc_empty_space height=\u00bb40px\u00bb][vc_separator color=\u00bbcustom\u00bb accent_color=\u00bb#002d5e\u00bb][vc_empty_space height=\u00bb40px\u00bb][\/vc_column][\/vc_row][vc_row][vc_column width=\u00bb1\/3&#8243;][vc_empty_space height=\u00bb40px\u00bb][vc_single_image image=\u00bb14047&#8243; img_size=\u00bb600&#215;800&#8243; css=\u00bb\u00bb][\/vc_column][vc_column width=\u00bb2\/3&#8243;][vc_column_text css=\u00bb\u00bb]<\/p>\n<h2><span lang=\"ES\">Guillaume Mamman<\/span><\/h2>\n<h4><b><span lang=\"ES\">Director de Ventas y Marketing<\/span><\/b><\/h4>\n<p>[\/vc_column_text][vc_empty_space height=\u00bb20px\u00bb][vc_column_text css=\u00bb\u00bb]<span lang=\"ES\">Guillaume aporta m\u00e1s de 20 a\u00f1os de experiencia en ventas y marketing y tiene una amplia experiencia en el desarrollo de estrategias que hacen crecer los negocios. En ScanModul\u00ae, es responsable de dirigir los equipos de ventas y marketing para establecer relaciones duraderas con los clientes y lograr resultados comerciales. Anteriormente, dirigi\u00f3 y optimiz\u00f3 con \u00e9xito actividades de marketing y ventas en varias organizaciones, incluida Manutan.<\/span><\/p>\n<p>Guillaume es licenciado en Marketing y Comunicaci\u00f3n por la HBO y posee la certificaci\u00f3n B2B Marketing &amp; Sales Professional. Profundiz\u00f3 sus conocimientos con un curso Post HBO en estrategias digitales.<\/p>\n<p>Su pasi\u00f3n es conectar eficazmente las necesidades de los clientes con soluciones innovadoras y desarrollar potentes campa\u00f1as de marketing para crear un valor a\u00f1adido duradero.[\/vc_column_text][\/vc_column][\/vc_row][vc_row][vc_column][vc_empty_space height=\u00bb40px\u00bb][vc_separator color=\u00bbcustom\u00bb accent_color=\u00bb#002d5e\u00bb][vc_empty_space height=\u00bb40px\u00bb][\/vc_column][\/vc_row][vc_row][vc_column width=\u00bb1\/3&#8243;][vc_empty_space height=\u00bb40px\u00bb][vc_single_image image=\u00bb8037&#8243; img_size=\u00bb600&#215;800&#8243;][\/vc_column][vc_column width=\u00bb2\/3&#8243;][vc_column_text css=\u00bb\u00bb]<\/p>\n<h2>Robbert van Woerden<\/h2>\n<h4><strong><span lang=\"ES\">Director Financiero<\/span><\/strong><\/h4>\n<p>[\/vc_column_text][vc_empty_space height=\u00bb20px\u00bb][vc_column_text css=\u00bb\u00bb]Robbert van Woerden cuenta con m\u00e1s de 12 a\u00f1os de experiencia en auditor\u00eda y fusiones y adquisiciones. Antes de unirse a ScanModul\u00ae, Robbert trabaj\u00f3 como consultor de fusiones y adquisiciones para BDO prestando servicios a una amplia gama de clientes que operan en los sectores mayorista, TMT y de la construcci\u00f3n. Robbert comenz\u00f3 su carrera como auditor en pr\u00e1cticas y ascendi\u00f3 hasta convertirse en gestor especializado en empresas del mercado medio. Es licenciado en Contabilidad por la Nyenrode Business University de los Pa\u00edses Bajos.[\/vc_column_text][vc_column_text][\/vc_column_text][\/vc_column][\/vc_row][vc_row][vc_column][vc_empty_space height=\u00bb40px\u00bb][vc_separator color=\u00bbcustom\u00bb accent_color=\u00bb#002d5e\u00bb][vc_empty_space height=\u00bb40px\u00bb][\/vc_column][\/vc_row][vc_row][vc_column width=\u00bb1\/3&#8243;][vc_empty_space height=\u00bb40px\u00bb][vc_single_image image=\u00bb9182&#8243; img_size=\u00bb600&#215;800&#8243;][\/vc_column][vc_column width=\u00bb2\/3&#8243;][vc_column_text css=\u00bb\u00bb]<\/p>\n<h2>Michel van Paassen<\/h2>\n<h4><strong><span lang=\"ES\">Director de Operaciones<\/span><\/strong><\/h4>\n<p>[\/vc_column_text][vc_empty_space height=\u00bb20px\u00bb][vc_column_text css=\u00bb\u00bb]<\/p>\n<p style=\"font-weight: 400;\">Michel van Paassen cuenta con una amplia y dilatada experiencia (m\u00e1s de 25 a\u00f1os) en el \u00e1mbito de la log\u00edstica, el almacenamiento, la producci\u00f3n y el tratamiento de la calidad. Comenz\u00f3 su carrera como Jefe de Almac\u00e9n en Solar, una empresa europea de suministro y servicio de soluciones el\u00e9ctricas, de calefacci\u00f3n y fontaner\u00eda.<\/p>\n<p style=\"font-weight: 400;\">Antes de su trabajo en ScanModul\u00ae, Michel fue Director de Log\u00edstica y Producci\u00f3n de la organizaci\u00f3n Kyocera Senco, anteriormente conocida como Verpa Senco, el principal proveedor experto de elementos de fijaci\u00f3n y herramientas en la zona EMEA. Durante su carrera en Kyocera, Michel ha desempe\u00f1ado adem\u00e1s las funciones de Responsable de Calidad (ISO 9001 e IATF 16949) y usuario clave de SAP para Log\u00edstica y Producci\u00f3n. Como usuario clave de SAP, form\u00f3 parte del equipo del proyecto de implantaci\u00f3n de SAP en las distintas plantas europeas.<\/p>\n<p style=\"font-weight: 400;\">Michel es licenciado en Log\u00edstica y Econom\u00eda por la Hogeschool voor Economische Studies de Rotterdam. Adem\u00e1s, tiene una licenciatura en Ingenier\u00eda y Gesti\u00f3n Industrial.<\/p>\n<p>[\/vc_column_text][\/vc_column][\/vc_row][vc_row][vc_column][vc_empty_space height=\u00bb40px\u00bb][vc_separator color=\u00bbcustom\u00bb accent_color=\u00bb#002d5e\u00bb][vc_empty_space height=\u00bb40px\u00bb][\/vc_column][\/vc_row][vc_row][vc_column width=\u00bb1\/3&#8243;][vc_empty_space height=\u00bb40px\u00bb][vc_single_image image=\u00bb4128&#8243; img_size=\u00bbfull\u00bb][\/vc_column][vc_column width=\u00bb2\/3&#8243;][vc_column_text css=\u00bb\u00bb]<\/p>\n<h2>Oded Yoseph<\/h2>\n<h4>Director de Tecnolog\u00eda<\/h4>\n<p>[\/vc_column_text][vc_empty_space height=\u00bb20px\u00bb][vc_column_text css=\u00bb\u00bb]<\/p>\n<p style=\"font-weight: 400;\">Oded Yoseph tiene una amplia experiencia trabajando para empresas sanitarias en los campos de desarrollo de productos y estrategia de producci\u00f3n.<\/p>\n<p style=\"font-weight: 400;\">Como Director de Tecnolog\u00eda, Oded supervisa todos los productos de ScanModul\u00ae, impulsando la innovaci\u00f3n y los est\u00e1ndares de alta calidad, as\u00ed como la comunicaci\u00f3n diaria con los fabricantes de ScanModul\u00ae, ayudando a resolver problemas y estableciendo directrices de producci\u00f3n.<\/p>\n<p style=\"font-weight: 400;\">Oded es licenciado en dise\u00f1o industrial por HIT IL y ha seguido varios cursos de dise\u00f1o, ingenier\u00eda y fabricaci\u00f3n ajustada.<\/p>\n<p>[\/vc_column_text][\/vc_column][\/vc_row][vc_row][vc_column][vc_empty_space height=\u00bb40px\u00bb][vc_separator color=\u00bbcustom\u00bb accent_color=\u00bb#002d5e\u00bb][vc_empty_space height=\u00bb40px\u00bb][\/vc_column][\/vc_row][vc_row][vc_column width=\u00bb1\/3&#8243;][vc_empty_space height=\u00bb40px\u00bb][vc_single_image image=\u00bb12851&#8243; img_size=\u00bb600&#215;800&#8243; css=\u00bb\u00bb][\/vc_column][vc_column width=\u00bb2\/3&#8243;][vc_column_text css=\u00bb\u00bb]<\/p>\n<h2>Charlotte Vanliefde<\/h2>\n<h4><strong><span lang=\"FR\">Manager Innovation &amp; Products<\/span><\/strong><\/h4>\n<p>[\/vc_column_text][vc_empty_space height=\u00bb20px\u00bb][vc_column_text css=\u00bb\u00bb]<\/p>\n<p style=\"font-weight: 400;\">Charlotte se uni\u00f3 a Belintra en 2012 y actualmente es manager de Innovaci\u00f3n y Productos para la cartera combinada de Belintra y ScanModul\u00ae.<\/p>\n<p style=\"font-weight: 400;\"><strong>Antecedentes<\/strong><\/p>\n<ul>\n<li style=\"font-weight: 400;\">Ingeniera de desarrollo de productos Belintra<\/li>\n<li style=\"font-weight: 400;\">Asesora de innovaci\u00f3n Fedustria\/Optimo<\/li>\n<li style=\"font-weight: 400;\">Desarrollo de productos KBT NV<\/li>\n<li style=\"font-weight: 400;\">Msc Desarrollo de Producto Universidad de Amberes<\/li>\n<\/ul>\n<p>[\/vc_column_text][\/vc_column][\/vc_row][vc_row][vc_column][vc_empty_space height=\u00bb40px\u00bb][vc_separator color=\u00bbcustom\u00bb accent_color=\u00bb#002d5e\u00bb][vc_empty_space height=\u00bb40px\u00bb][\/vc_column][\/vc_row][vc_row][vc_column width=\u00bb1\/3&#8243;][vc_empty_space height=\u00bb40px\u00bb][vc_single_image image=\u00bb2267&#8243; img_size=\u00bbfull\u00bb][\/vc_column][vc_column width=\u00bb2\/3&#8243;][vc_column_text css=\u00bb\u00bb]<\/p>\n<h2>Christophe Boc\u00e9no<\/h2>\n<h4><strong>Gerente \u2013 Francia e Iberia<\/strong><\/h4>\n<p>[\/vc_column_text][vc_empty_space height=\u00bb20px\u00bb][vc_column_text css=\u00bb\u00bb]Christophe Boc\u00e9no cuenta con dilatada experiencia en la industria del almacenamiento sanitario con una carrera profesional de m\u00e1s de 20 a\u00f1os. Christophe Boc\u00e9no posee extensos conocimientos en materia de soluciones y estrategias para la optimizaci\u00f3n del almacenamiento hospitalario y de la cadena de suministro interno. Como Gerente de ScanModul\u00ae para Francia, Christophe es responsable de la ejecuci\u00f3n del despliegue, ventas y estrategia para el territorio. Antes de incorporarse a ScanModul\u00ae en 2004, Christophe fue director en Cap G, responsable de dise\u00f1o e implementaci\u00f3n de diversos sistemas inform\u00e1ticos avanzados. Christophe Boc\u00e9no cuenta con un m\u00e1ster en Econom\u00eda por la Universidad de Paris I.[\/vc_column_text][\/vc_column][\/vc_row][vc_row][vc_column][vc_empty_space height=\u00bb40px\u00bb][vc_separator color=\u00bbcustom\u00bb accent_color=\u00bb#002d5e\u00bb][vc_empty_space height=\u00bb40px\u00bb][\/vc_column][\/vc_row][vc_row][vc_column width=\u00bb1\/3&#8243;][vc_empty_space height=\u00bb40px\u00bb][vc_single_image image=\u00bb14184&#8243; img_size=\u00bbfull\u00bb css=\u00bb\u00bb][\/vc_column][vc_column width=\u00bb2\/3&#8243;][vc_column_text css=\u00bb\u00bb]<\/p>\n<h2>Kim Lange<\/h2>\n<h4><strong>Gerente Pa\u00edses N\u00f3rdicos<\/strong><\/h4>\n<p>[\/vc_column_text][vc_empty_space height=\u00bb20px\u00bb][vc_column_text css=\u00bb\u00bb]Kim Lange cuenta con dilatada experiencia en el sector sanitario. Como gerente de ScanModul\u00ae en los pa\u00edses n\u00f3rdicos, Kim Lange es responsable de la ejecuci\u00f3n del despliegue, ventas y estrategia para el territorio, as\u00ed como de gestionar las relaciones con asociados globales de ScanModul\u00ae. Antes de incorporarse a ScanModul\u00ae, Kim Lange ocup\u00f3 diversos puestos de gesti\u00f3n de proyectos y ventas con empresas en los \u00e1mbitos de la cadena de suministro sanitario y del espacio de inventario de laboratorio, incluyendo Labflex, Byrum y ByrumLabflex, donde dirigi\u00f3 varios de los mayores proyectos desplegados en Escandinavia durante la pasada d\u00e9cada. Kim Lange es licenciado por la Danish Business Academy y tambi\u00e9n es licenciado por la Norwegian School of Business en Econ\u00f3micas y Gesti\u00f3n de Recursos Humanos.[\/vc_column_text][\/vc_column][\/vc_row][vc_row][vc_column][vc_empty_space height=\u00bb40px\u00bb][vc_separator color=\u00bbcustom\u00bb accent_color=\u00bb#002d5e\u00bb][vc_empty_space height=\u00bb40px\u00bb][\/vc_column][\/vc_row][vc_row][vc_column width=\u00bb1\/3&#8243;][vc_empty_space height=\u00bb40px\u00bb][vc_single_image image=\u00bb4208&#8243; img_size=\u00bbfull\u00bb][\/vc_column][vc_column width=\u00bb2\/3&#8243;][vc_column_text css=\u00bb\u00bb]<\/p>\n<h2>Peter van der Hoorn<\/h2>\n<h4><strong>Director Comercial &#8211; Holanda<\/strong><\/h4>\n<p>[\/vc_column_text][vc_empty_space height=\u00bb20px\u00bb][vc_column_text css=\u00bb\u00bb]Peter tiene m\u00e1s de 20 a\u00f1os de experiencia en la industria de la salud, \u00a0en la introducci\u00f3n de nuevos productos en el mercado, as\u00ed como en el desarrollo de mercados para reconocidas marcas mundiales.<\/p>\n<p>Como Sales Manager Netherlands de ScanModul\u00ae, Peter van der Hoorn es responsable de las estrategias comerciales dentro de la organizaci\u00f3n y la ejecuci\u00f3n e implementaci\u00f3n de proyectos.<\/p>\n<p>Peter van der Hoorn ha realizado varios cursos en las \u00e1reas de gesti\u00f3n, industria de procesos y administraci\u00f3n de empresas.[\/vc_column_text][\/vc_column][\/vc_row][vc_row][vc_column][vc_empty_space height=\u00bb40px\u00bb][vc_separator color=\u00bbcustom\u00bb accent_color=\u00bb#002d5e\u00bb][vc_empty_space height=\u00bb40px\u00bb][\/vc_column][\/vc_row][vc_row][vc_column width=\u00bb1\/3&#8243;][vc_empty_space height=\u00bb40px\u00bb][vc_single_image image=\u00bb13031&#8243; img_size=\u00bbfull\u00bb css=\u00bb\u00bb][\/vc_column][vc_column width=\u00bb2\/3&#8243;][vc_column_text css=\u00bb\u00bb]<\/p>\n<h2><b><span lang=\"ES\">Georgios Kopanidis<\/span><\/b><\/h2>\n<h4><strong><span lang=\"ES\">Director de ventas D-A-CH<\/span><\/strong><\/h4>\n<p>[\/vc_column_text][vc_empty_space height=\u00bb20px\u00bb][vc_column_text css=\u00bb\u00bb]Georgios es un experimentado profesional de las ventas con m\u00e1s de 25 a\u00f1os de \u00e9xito en ventas directas y gesti\u00f3n de ventas en los sectores m\u00e9dico, farmac\u00e9utico y qu\u00edmico. Su amplia experiencia en la navegaci\u00f3n por mercados internacionales complejos y en la direcci\u00f3n de equipos internacionales aporta a la empresa una gran experiencia y visi\u00f3n estrat\u00e9gica. Como Director de Ventas de D-A-CH, es responsable de gestionar el personal de ventas, impulsar el desarrollo continuo y aplicar s\u00f3lidas estrategias de ventas. Georgios es licenciado en Biolog\u00eda por la Universidad de Erlangen.[\/vc_column_text][\/vc_column][\/vc_row][vc_row][vc_column][vc_empty_space height=\u00bb40px\u00bb][vc_separator color=\u00bbcustom\u00bb accent_color=\u00bb#002d5e\u00bb][vc_empty_space height=\u00bb40px\u00bb][\/vc_column][\/vc_row]<\/p>\n<\/div>","protected":false},"excerpt":{"rendered":"<p>[vc_row][vc_column][vc_empty_space height=\u00bb10px\u00bb][vc_separator color=\u00bbcustom\u00bb accent_color=\u00bb#002d5e\u00bb][vc_empty_space height=\u00bb40px\u00bb][\/vc_column][\/vc_row][vc_row][vc_column width=\u00bb1\/3&#8243;][vc_empty_space height=\u00bb40px\u00bb][vc_single_image image=\u00bb6945&#8243; img_size=\u00bb600&#215;800&#8243;][\/vc_column][vc_column width=\u00bb2\/3&#8243;][vc_column_text css=\u00bb\u00bb] Patrick Bark Director General de ScanModul\u00ae International Holding B.V. [\/vc_column_text][vc_empty_space height=\u00bb20px\u00bb][vc_column_text css=\u00bb\u00bb]Antes de unirse a ScanModul\u00ae, Patrick fue CEO y accionista de Life Safety Products B.V., l\u00edder del mercado de martillos de seguridad y productos de seguridad para la industria del autom\u00f3vil bajo la [&hellip;]<\/p>\n","protected":false},"author":14,"featured_media":0,"parent":0,"menu_order":0,"comment_status":"closed","ping_status":"closed","template":"","meta":{"_acf_changed":false,"footnotes":""},"class_list":["post-2840","page","type-page","status-publish","hentry"],"acf":[],"yoast_head":"<!-- This site is optimized with the Yoast SEO plugin v27.4 - https:\/\/yoast.com\/product\/yoast-seo-wordpress\/ -->\n<title>Equipo directivo - Scanmodul<\/title>\n<meta name=\"robots\" content=\"index, follow, max-snippet:-1, max-image-preview:large, max-video-preview:-1\" \/>\n<link rel=\"canonical\" href=\"https:\/\/scanmodul.com\/es\/management\/\" \/>\n<meta property=\"og:locale\" content=\"es_ES\" \/>\n<meta property=\"og:type\" content=\"article\" \/>\n<meta property=\"og:title\" content=\"Equipo directivo - Scanmodul\" \/>\n<meta property=\"og:description\" content=\"[vc_row][vc_column][vc_empty_space height=\u00bb10px\u00bb][vc_separator color=\u00bbcustom\u00bb accent_color=\u00bb#002d5e\u00bb][vc_empty_space height=\u00bb40px\u00bb][\/vc_column][\/vc_row][vc_row][vc_column width=\u00bb1\/3&#8243;][vc_empty_space height=\u00bb40px\u00bb][vc_single_image image=\u00bb6945&#8243; img_size=\u00bb600&#215;800&#8243;][\/vc_column][vc_column width=\u00bb2\/3&#8243;][vc_column_text css=\u00bb\u00bb] Patrick Bark Director General de ScanModul\u00ae International Holding B.V. [\/vc_column_text][vc_empty_space height=\u00bb20px\u00bb][vc_column_text css=\u00bb\u00bb]Antes de unirse a ScanModul\u00ae, Patrick fue CEO y accionista de Life Safety Products B.V., l\u00edder del mercado de martillos de seguridad y productos de seguridad para la industria del autom\u00f3vil bajo la [&hellip;]\" \/>\n<meta property=\"og:url\" content=\"https:\/\/scanmodul.com\/es\/management\/\" \/>\n<meta property=\"og:site_name\" content=\"Scanmodul\" \/>\n<meta property=\"article:modified_time\" content=\"2025-04-17T07:15:06+00:00\" \/>\n<meta name=\"twitter:card\" content=\"summary_large_image\" \/>\n<meta name=\"twitter:label1\" content=\"Tiempo de lectura\" \/>\n\t<meta name=\"twitter:data1\" content=\"7 minutos\" \/>\n<script type=\"application\/ld+json\" class=\"yoast-schema-graph\">{\"@context\":\"https:\\\/\\\/schema.org\",\"@graph\":[{\"@type\":\"WebPage\",\"@id\":\"https:\\\/\\\/scanmodul.com\\\/es\\\/management\\\/\",\"url\":\"https:\\\/\\\/scanmodul.com\\\/es\\\/management\\\/\",\"name\":\"Equipo directivo - Scanmodul\",\"isPartOf\":{\"@id\":\"https:\\\/\\\/scanmodul.com\\\/#website\"},\"datePublished\":\"2016-12-12T21:23:05+00:00\",\"dateModified\":\"2025-04-17T07:15:06+00:00\",\"breadcrumb\":{\"@id\":\"https:\\\/\\\/scanmodul.com\\\/es\\\/management\\\/#breadcrumb\"},\"inLanguage\":\"es\",\"potentialAction\":[{\"@type\":\"ReadAction\",\"target\":[\"https:\\\/\\\/scanmodul.com\\\/es\\\/management\\\/\"]}]},{\"@type\":\"BreadcrumbList\",\"@id\":\"https:\\\/\\\/scanmodul.com\\\/es\\\/management\\\/#breadcrumb\",\"itemListElement\":[{\"@type\":\"ListItem\",\"position\":1,\"name\":\"Startseite\",\"item\":\"https:\\\/\\\/scanmodul.com\\\/es\\\/\"},{\"@type\":\"ListItem\",\"position\":2,\"name\":\"Equipo directivo\"}]},{\"@type\":\"WebSite\",\"@id\":\"https:\\\/\\\/scanmodul.com\\\/#website\",\"url\":\"https:\\\/\\\/scanmodul.com\\\/\",\"name\":\"Scanmodul\",\"description\":\"\",\"potentialAction\":[{\"@type\":\"SearchAction\",\"target\":{\"@type\":\"EntryPoint\",\"urlTemplate\":\"https:\\\/\\\/scanmodul.com\\\/?s={search_term_string}\"},\"query-input\":{\"@type\":\"PropertyValueSpecification\",\"valueRequired\":true,\"valueName\":\"search_term_string\"}}],\"inLanguage\":\"es\"}]}<\/script>\n<!-- \/ Yoast SEO plugin. -->","yoast_head_json":{"title":"Equipo directivo - Scanmodul","robots":{"index":"index","follow":"follow","max-snippet":"max-snippet:-1","max-image-preview":"max-image-preview:large","max-video-preview":"max-video-preview:-1"},"canonical":"https:\/\/scanmodul.com\/es\/management\/","og_locale":"es_ES","og_type":"article","og_title":"Equipo directivo - Scanmodul","og_description":"[vc_row][vc_column][vc_empty_space height=\u00bb10px\u00bb][vc_separator color=\u00bbcustom\u00bb accent_color=\u00bb#002d5e\u00bb][vc_empty_space height=\u00bb40px\u00bb][\/vc_column][\/vc_row][vc_row][vc_column width=\u00bb1\/3&#8243;][vc_empty_space height=\u00bb40px\u00bb][vc_single_image image=\u00bb6945&#8243; img_size=\u00bb600&#215;800&#8243;][\/vc_column][vc_column width=\u00bb2\/3&#8243;][vc_column_text css=\u00bb\u00bb] Patrick Bark Director General de ScanModul\u00ae International Holding B.V. [\/vc_column_text][vc_empty_space height=\u00bb20px\u00bb][vc_column_text css=\u00bb\u00bb]Antes de unirse a ScanModul\u00ae, Patrick fue CEO y accionista de Life Safety Products B.V., l\u00edder del mercado de martillos de seguridad y productos de seguridad para la industria del autom\u00f3vil bajo la [&hellip;]","og_url":"https:\/\/scanmodul.com\/es\/management\/","og_site_name":"Scanmodul","article_modified_time":"2025-04-17T07:15:06+00:00","twitter_card":"summary_large_image","twitter_misc":{"Tiempo de lectura":"7 minutos"},"schema":{"@context":"https:\/\/schema.org","@graph":[{"@type":"WebPage","@id":"https:\/\/scanmodul.com\/es\/management\/","url":"https:\/\/scanmodul.com\/es\/management\/","name":"Equipo directivo - Scanmodul","isPartOf":{"@id":"https:\/\/scanmodul.com\/#website"},"datePublished":"2016-12-12T21:23:05+00:00","dateModified":"2025-04-17T07:15:06+00:00","breadcrumb":{"@id":"https:\/\/scanmodul.com\/es\/management\/#breadcrumb"},"inLanguage":"es","potentialAction":[{"@type":"ReadAction","target":["https:\/\/scanmodul.com\/es\/management\/"]}]},{"@type":"BreadcrumbList","@id":"https:\/\/scanmodul.com\/es\/management\/#breadcrumb","itemListElement":[{"@type":"ListItem","position":1,"name":"Startseite","item":"https:\/\/scanmodul.com\/es\/"},{"@type":"ListItem","position":2,"name":"Equipo directivo"}]},{"@type":"WebSite","@id":"https:\/\/scanmodul.com\/#website","url":"https:\/\/scanmodul.com\/","name":"Scanmodul","description":"","potentialAction":[{"@type":"SearchAction","target":{"@type":"EntryPoint","urlTemplate":"https:\/\/scanmodul.com\/?s={search_term_string}"},"query-input":{"@type":"PropertyValueSpecification","valueRequired":true,"valueName":"search_term_string"}}],"inLanguage":"es"}]}},"_links":{"self":[{"href":"https:\/\/scanmodul.com\/es\/wp-json\/wp\/v2\/pages\/2840","targetHints":{"allow":["GET"]}}],"collection":[{"href":"https:\/\/scanmodul.com\/es\/wp-json\/wp\/v2\/pages"}],"about":[{"href":"https:\/\/scanmodul.com\/es\/wp-json\/wp\/v2\/types\/page"}],"author":[{"embeddable":true,"href":"https:\/\/scanmodul.com\/es\/wp-json\/wp\/v2\/users\/14"}],"replies":[{"embeddable":true,"href":"https:\/\/scanmodul.com\/es\/wp-json\/wp\/v2\/comments?post=2840"}],"version-history":[{"count":50,"href":"https:\/\/scanmodul.com\/es\/wp-json\/wp\/v2\/pages\/2840\/revisions"}],"predecessor-version":[{"id":14219,"href":"https:\/\/scanmodul.com\/es\/wp-json\/wp\/v2\/pages\/2840\/revisions\/14219"}],"wp:attachment":[{"href":"https:\/\/scanmodul.com\/es\/wp-json\/wp\/v2\/media?parent=2840"}],"curies":[{"name":"wp","href":"https:\/\/api.w.org\/{rel}","templated":true}]}}