{"id":2543,"date":"2016-11-30T08:43:12","date_gmt":"2016-11-30T07:43:12","guid":{"rendered":"http:\/\/scanmodul.com\/da\/?page_id=2543"},"modified":"2017-01-30T15:04:53","modified_gmt":"2017-01-30T14:04:53","slug":"scanservices","status":"publish","type":"page","link":"https:\/\/scanmodul.com\/da\/scanservices\/","title":{"rendered":"SCANservices"},"content":{"rendered":"<div class=\"wpb-content-wrapper\"><p>[vc_row][vc_column][vc_column_text]<\/p>\n<h2>SCAN<em>renta<\/em><em>l<\/em><\/h2>\n<p>[\/vc_column_text][vc_separator color=&#8221;custom&#8221; accent_color=&#8221;#002d5e&#8221;][vc_empty_space height=&#8221;20px&#8221;][vc_column_text]<\/p>\n<h3>Lej ScanModul-produkter i stedet for at k\u00f8be dem<\/h3>\n<p>Mange produkter fra ScanModul (modulsystem, ScanCell-vogne og tilbeh\u00f8r, ScanMo-reoler og tilbeh\u00f8r) kan ogs\u00e5 lejes via en rentefri finansiering og med fleksible transitperioder p\u00e5 op til 30 m\u00e5neder. SCAN<em>-leje\u00a0<\/em>tilbyder en mulighed for at f\u00e5 h\u00f8jkvalitetsprodukter p\u00e5 favorable vilk\u00e5r.<\/p>\n<p>Efter transitperioderne kan produkterne returneres eller erstattes med nye.<\/p>\n<p>Udskiftningen til nye produkter efter transitperioden er valgfri, idet der kan etableres produkter med opdateret teknisk og funktionel status i alle omr\u00e5der.[\/vc_column_text][\/vc_column][\/vc_row][vc_row][vc_column][vc_empty_space height=&#8221;40px&#8221;][vc_column_text]<\/p>\n<h2>SCAN<em>guaranty<\/em><\/h2>\n<p>[\/vc_column_text][vc_separator color=&#8221;custom&#8221; accent_color=&#8221;#002d5e&#8221;][vc_empty_space height=&#8221;20px&#8221;][vc_column_text]<\/p>\n<h3>5 \u00e5rs garanti p\u00e5 produktsortimentet<\/h3>\n<p>ScanModul yder 5 \u00e5rs garanti p\u00e5 ScanModul-produktsortimentet (modulsystem, ScanCell-vogne og tilbeh\u00f8r, ScanMo-reoler og tilbeh\u00f8r). Kun hjulene er undtaget fra denne.<\/p>\n<p>&nbsp;<\/p>\n<h3>10 \u00e5rs garanti p\u00e5 ScanModul h\u00e6ngsler<\/h3>\n<p>Herudover yder ScanModul en 10 \u00e5rs garanti p\u00e5 vores standard ScanModul h\u00e6ngsler.<\/p>\n<p>&nbsp;<\/p>\n<p>Skulle der opst\u00e5 et problem i garantiperioden, afhj\u00e6lpes dette af ScanModul. Der vil enten blive tale om reparation eller udskiftning til et nyt og tilsvarende Produkt.[\/vc_column_text][\/vc_column][\/vc_row]<\/p>\n<\/div>","protected":false},"excerpt":{"rendered":"<p>[vc_row][vc_column][vc_column_text] SCANrental [\/vc_column_text][vc_separator color=&#8221;custom&#8221; accent_color=&#8221;#002d5e&#8221;][vc_empty_space height=&#8221;20px&#8221;][vc_column_text] Lej ScanModul-produkter i stedet for at k\u00f8be dem Mange produkter fra ScanModul (modulsystem, ScanCell-vogne og tilbeh\u00f8r, ScanMo-reoler og tilbeh\u00f8r) kan ogs\u00e5 lejes via en rentefri finansiering og med fleksible transitperioder p\u00e5 op til 30 m\u00e5neder. SCAN-leje\u00a0tilbyder en mulighed for at f\u00e5 h\u00f8jkvalitetsprodukter p\u00e5 favorable vilk\u00e5r. Efter transitperioderne kan produkterne [&hellip;]<\/p>\n","protected":false},"author":2,"featured_media":0,"parent":0,"menu_order":0,"comment_status":"closed","ping_status":"closed","template":"","meta":{"_acf_changed":false,"footnotes":""},"class_list":["post-2543","page","type-page","status-publish","hentry"],"acf":[],"yoast_head":"<!-- This site is optimized with the Yoast SEO plugin v27.4 - https:\/\/yoast.com\/product\/yoast-seo-wordpress\/ -->\n<title>SCANservices - Scanmodul<\/title>\n<meta name=\"robots\" content=\"index, follow, max-snippet:-1, max-image-preview:large, max-video-preview:-1\" \/>\n<link rel=\"canonical\" href=\"https:\/\/scanmodul.com\/da\/scanservices\/\" \/>\n<meta property=\"og:locale\" content=\"da_DK\" \/>\n<meta property=\"og:type\" content=\"article\" \/>\n<meta property=\"og:title\" content=\"SCANservices - Scanmodul\" \/>\n<meta property=\"og:description\" content=\"[vc_row][vc_column][vc_column_text] SCANrental [\/vc_column_text][vc_separator color=&#8221;custom&#8221; accent_color=&#8221;#002d5e&#8221;][vc_empty_space height=&#8221;20px&#8221;][vc_column_text] Lej ScanModul-produkter i stedet for at k\u00f8be dem Mange produkter fra ScanModul (modulsystem, ScanCell-vogne og tilbeh\u00f8r, ScanMo-reoler og tilbeh\u00f8r) kan ogs\u00e5 lejes via en rentefri finansiering og med fleksible transitperioder p\u00e5 op til 30 m\u00e5neder. SCAN-leje\u00a0tilbyder en mulighed for at f\u00e5 h\u00f8jkvalitetsprodukter p\u00e5 favorable vilk\u00e5r. Efter transitperioderne kan produkterne [&hellip;]\" \/>\n<meta property=\"og:url\" content=\"https:\/\/scanmodul.com\/da\/scanservices\/\" \/>\n<meta property=\"og:site_name\" content=\"Scanmodul\" \/>\n<meta property=\"article:modified_time\" content=\"2017-01-30T14:04:53+00:00\" \/>\n<meta name=\"twitter:card\" content=\"summary_large_image\" \/>\n<meta name=\"twitter:label1\" content=\"Estimeret l\u00e6setid\" \/>\n\t<meta name=\"twitter:data1\" content=\"1 minut\" \/>\n<script type=\"application\/ld+json\" class=\"yoast-schema-graph\">{\"@context\":\"https:\\\/\\\/schema.org\",\"@graph\":[{\"@type\":\"WebPage\",\"@id\":\"https:\\\/\\\/scanmodul.com\\\/da\\\/scanservices\\\/\",\"url\":\"https:\\\/\\\/scanmodul.com\\\/da\\\/scanservices\\\/\",\"name\":\"SCANservices - Scanmodul\",\"isPartOf\":{\"@id\":\"https:\\\/\\\/scanmodul.com\\\/#website\"},\"datePublished\":\"2016-11-30T07:43:12+00:00\",\"dateModified\":\"2017-01-30T14:04:53+00:00\",\"breadcrumb\":{\"@id\":\"https:\\\/\\\/scanmodul.com\\\/da\\\/scanservices\\\/#breadcrumb\"},\"inLanguage\":\"da-DK\",\"potentialAction\":[{\"@type\":\"ReadAction\",\"target\":[\"https:\\\/\\\/scanmodul.com\\\/da\\\/scanservices\\\/\"]}]},{\"@type\":\"BreadcrumbList\",\"@id\":\"https:\\\/\\\/scanmodul.com\\\/da\\\/scanservices\\\/#breadcrumb\",\"itemListElement\":[{\"@type\":\"ListItem\",\"position\":1,\"name\":\"Startseite\",\"item\":\"https:\\\/\\\/scanmodul.com\\\/da\\\/\"},{\"@type\":\"ListItem\",\"position\":2,\"name\":\"SCANservices\"}]},{\"@type\":\"WebSite\",\"@id\":\"https:\\\/\\\/scanmodul.com\\\/#website\",\"url\":\"https:\\\/\\\/scanmodul.com\\\/\",\"name\":\"Scanmodul\",\"description\":\"\",\"potentialAction\":[{\"@type\":\"SearchAction\",\"target\":{\"@type\":\"EntryPoint\",\"urlTemplate\":\"https:\\\/\\\/scanmodul.com\\\/?s={search_term_string}\"},\"query-input\":{\"@type\":\"PropertyValueSpecification\",\"valueRequired\":true,\"valueName\":\"search_term_string\"}}],\"inLanguage\":\"da-DK\"}]}<\/script>\n<!-- \/ Yoast SEO plugin. -->","yoast_head_json":{"title":"SCANservices - Scanmodul","robots":{"index":"index","follow":"follow","max-snippet":"max-snippet:-1","max-image-preview":"max-image-preview:large","max-video-preview":"max-video-preview:-1"},"canonical":"https:\/\/scanmodul.com\/da\/scanservices\/","og_locale":"da_DK","og_type":"article","og_title":"SCANservices - Scanmodul","og_description":"[vc_row][vc_column][vc_column_text] SCANrental [\/vc_column_text][vc_separator color=&#8221;custom&#8221; accent_color=&#8221;#002d5e&#8221;][vc_empty_space height=&#8221;20px&#8221;][vc_column_text] Lej ScanModul-produkter i stedet for at k\u00f8be dem Mange produkter fra ScanModul (modulsystem, ScanCell-vogne og tilbeh\u00f8r, ScanMo-reoler og tilbeh\u00f8r) kan ogs\u00e5 lejes via en rentefri finansiering og med fleksible transitperioder p\u00e5 op til 30 m\u00e5neder. SCAN-leje\u00a0tilbyder en mulighed for at f\u00e5 h\u00f8jkvalitetsprodukter p\u00e5 favorable vilk\u00e5r. Efter transitperioderne kan produkterne [&hellip;]","og_url":"https:\/\/scanmodul.com\/da\/scanservices\/","og_site_name":"Scanmodul","article_modified_time":"2017-01-30T14:04:53+00:00","twitter_card":"summary_large_image","twitter_misc":{"Estimeret l\u00e6setid":"1 minut"},"schema":{"@context":"https:\/\/schema.org","@graph":[{"@type":"WebPage","@id":"https:\/\/scanmodul.com\/da\/scanservices\/","url":"https:\/\/scanmodul.com\/da\/scanservices\/","name":"SCANservices - Scanmodul","isPartOf":{"@id":"https:\/\/scanmodul.com\/#website"},"datePublished":"2016-11-30T07:43:12+00:00","dateModified":"2017-01-30T14:04:53+00:00","breadcrumb":{"@id":"https:\/\/scanmodul.com\/da\/scanservices\/#breadcrumb"},"inLanguage":"da-DK","potentialAction":[{"@type":"ReadAction","target":["https:\/\/scanmodul.com\/da\/scanservices\/"]}]},{"@type":"BreadcrumbList","@id":"https:\/\/scanmodul.com\/da\/scanservices\/#breadcrumb","itemListElement":[{"@type":"ListItem","position":1,"name":"Startseite","item":"https:\/\/scanmodul.com\/da\/"},{"@type":"ListItem","position":2,"name":"SCANservices"}]},{"@type":"WebSite","@id":"https:\/\/scanmodul.com\/#website","url":"https:\/\/scanmodul.com\/","name":"Scanmodul","description":"","potentialAction":[{"@type":"SearchAction","target":{"@type":"EntryPoint","urlTemplate":"https:\/\/scanmodul.com\/?s={search_term_string}"},"query-input":{"@type":"PropertyValueSpecification","valueRequired":true,"valueName":"search_term_string"}}],"inLanguage":"da-DK"}]}},"_links":{"self":[{"href":"https:\/\/scanmodul.com\/da\/wp-json\/wp\/v2\/pages\/2543","targetHints":{"allow":["GET"]}}],"collection":[{"href":"https:\/\/scanmodul.com\/da\/wp-json\/wp\/v2\/pages"}],"about":[{"href":"https:\/\/scanmodul.com\/da\/wp-json\/wp\/v2\/types\/page"}],"author":[{"embeddable":true,"href":"https:\/\/scanmodul.com\/da\/wp-json\/wp\/v2\/users\/2"}],"replies":[{"embeddable":true,"href":"https:\/\/scanmodul.com\/da\/wp-json\/wp\/v2\/comments?post=2543"}],"version-history":[{"count":5,"href":"https:\/\/scanmodul.com\/da\/wp-json\/wp\/v2\/pages\/2543\/revisions"}],"predecessor-version":[{"id":3347,"href":"https:\/\/scanmodul.com\/da\/wp-json\/wp\/v2\/pages\/2543\/revisions\/3347"}],"wp:attachment":[{"href":"https:\/\/scanmodul.com\/da\/wp-json\/wp\/v2\/media?parent=2543"}],"curies":[{"name":"wp","href":"https:\/\/api.w.org\/{rel}","templated":true}]}}