{"id":2531,"date":"2016-11-23T12:29:18","date_gmt":"2016-11-23T11:29:18","guid":{"rendered":"http:\/\/scanmodul.com\/da\/?page_id=2531"},"modified":"2026-01-06T13:42:13","modified_gmt":"2026-01-06T12:42:13","slug":"management","status":"publish","type":"page","link":"https:\/\/scanmodul.com\/da\/management\/","title":{"rendered":"Direktion"},"content":{"rendered":"<div class=\"wpb-content-wrapper\"><p>[vc_row][vc_column][vc_empty_space height=&#8221;10px&#8221;][vc_separator color=&#8221;custom&#8221; accent_color=&#8221;#002d5e&#8221;][vc_empty_space height=&#8221;40px&#8221;][\/vc_column][\/vc_row][vc_row][vc_column width=&#8221;1\/3&#8243;][vc_empty_space height=&#8221;40px&#8221;][vc_single_image image=&#8221;6941&#8243; img_size=&#8221;600&#215;800&#8243;][\/vc_column][vc_column width=&#8221;2\/3&#8243;][vc_column_text css=&#8221;&#8221;]<\/p>\n<h2>Patrick Bark<\/h2>\n<h4><strong>CEO ScanModul\u00ae International Holding B.V.<\/strong><\/h4>\n<p>[\/vc_column_text][vc_empty_space height=&#8221;20px&#8221;][vc_column_text css=&#8221;&#8221;]F\u00f8r han kom til ScanModul\u00ae, var Patrick Bark CEO og aktion\u00e6r i Life Safety Products B.V., markedsleder inden for sikkerhedshamre og sikkerhedsprodukter til bilindustrien under m\u00e6rket LIFEHAMMER\u00ae. F\u00f8r Life Safety Products var Patrick 13 \u00e5r hos Poppers Holding B.V., en producent og distribut\u00f8r af pneumatiske v\u00e6rkt\u00f8jer og fastg\u00f8relsesmidler. Hos Poppers havde Patrick forskellige bestyrelsesposter og blev ogs\u00e5 aktion\u00e6r. Patrick startede sin karriere i 1991 som Management Trainee hos Metabowerke GmbH &amp; Co KG i Tyskland, en producent af elektrisk h\u00e5ndholdt og station\u00e6rt elv\u00e6rkt\u00f8j, og havde forskellige roller inden for produktstyring, salg og marketing indtil 1998. Patrick har en bachelor i Business Administration fra Hogeschool Haarlem. I l\u00f8bet af sin karriere tilbragte Patrick mere end 11 \u00e5r i udlandet og udviklede sig til en entreprenant CEO, der er dygtig til international forretningsudvikling, distribution, produktion og indk\u00f8b, og som har opbygget en solid track record og et fremragende omd\u00f8mme.[\/vc_column_text][\/vc_column][\/vc_row][vc_row][vc_column][vc_empty_space height=&#8221;40px&#8221;][vc_separator color=&#8221;custom&#8221; accent_color=&#8221;#002d5e&#8221;][vc_empty_space height=&#8221;40px&#8221;][\/vc_column][\/vc_row][vc_row][vc_column width=&#8221;1\/3&#8243;][vc_empty_space height=&#8221;40px&#8221;][vc_single_image image=&#8221;14042&#8243; img_size=&#8221;600&#215;800&#8243; css=&#8221;&#8221;][\/vc_column][vc_column width=&#8221;2\/3&#8243;][vc_column_text css=&#8221;&#8221;]<\/p>\n<h2><span lang=\"DA\">Guillaume Mamman<\/span><\/h2>\n<h4><b><span lang=\"DA\">Salgs- og marketingdirekt\u00f8r<\/span><\/b><\/h4>\n<p>[\/vc_column_text][vc_empty_space height=&#8221;20px&#8221;][vc_column_text css=&#8221;&#8221;]Guillaume har over 20 \u00e5rs erfaring inden for salg og marketing og har stor ekspertise i at udvikle strategier for v\u00e6kst. Hos ScanModul\u00ae har han ansvaret for at styre salgs- og marketingaktiviteter med det form\u00e5l at skabe langvarige kunderelationer og sikre kommercielle succeser. Han har tidligere med stor succes ledet og optimeret salgs- og marketingindsatser i flere virksomheder, herunder Manutan.<\/p>\n<p>Guillaume har afsluttet en HBO-uddannelse i marketing og kommunikation og er certificeret B2B Marketing &amp; Sales Professional. Han har yderligere udbygget sin viden med et Post HBO-kursus i digitale strategier.<\/p>\n<p>Guillaumes passion er at forbinde kundernes behov med innovative l\u00f8sninger p\u00e5 en effektiv m\u00e5de og skabe st\u00e6rke marketingkampagner, der genererer langvarig merv\u00e6rdi.[\/vc_column_text][\/vc_column][\/vc_row][vc_row][vc_column][vc_empty_space height=&#8221;40px&#8221;][vc_separator color=&#8221;custom&#8221; accent_color=&#8221;#002d5e&#8221;][vc_empty_space height=&#8221;40px&#8221;][\/vc_column][\/vc_row][vc_row][vc_column width=&#8221;1\/3&#8243;][vc_empty_space height=&#8221;40px&#8221;][vc_single_image image=&#8221;8032&#8243; img_size=&#8221;600&#215;800&#8243;][\/vc_column][vc_column width=&#8221;2\/3&#8243;][vc_column_text css=&#8221;&#8221;]<\/p>\n<h2>Robbert van Woerden<\/h2>\n<h4><strong>CFO<\/strong><\/h4>\n<p>[\/vc_column_text][vc_empty_space height=&#8221;20px&#8221;][vc_column_text css=&#8221;&#8221;]Robbert van Woerden har over 12 \u00e5rs erfaring inden for revision og M&amp;A. F\u00f8r han startede hos ScanModul\u00ae, arbejdede Robbert som M&amp;A-konsulent for BDO, der servicerede en bred vifte af kunder, indenfor engros-, TMT- og bygningsindustrien. Robbert startede sin karriere som revisorelev og arbejdede op til manager, med speciale i mellemstore virksomheder. Han har en kandidatgrad i regnskab fra Nyenrode Business University i Holland.[\/vc_column_text][\/vc_column][\/vc_row][vc_row disable_element=&#8221;yes&#8221;][vc_column][vc_empty_space height=&#8221;40px&#8221;][vc_separator color=&#8221;custom&#8221; accent_color=&#8221;#002d5e&#8221;][vc_empty_space height=&#8221;40px&#8221;][\/vc_column][\/vc_row][vc_row disable_element=&#8221;yes&#8221;][vc_column width=&#8221;1\/3&#8243;][vc_empty_space height=&#8221;40px&#8221;][vc_single_image image=&#8221;9177&#8243; img_size=&#8221;600&#215;800&#8243;][\/vc_column][vc_column width=&#8221;2\/3&#8243;][vc_column_text css=&#8221;&#8221;]<\/p>\n<h2>Michel van Paassen<\/h2>\n<h4><b><span lang=\"DA\">Direkt\u00f8r for Operations<\/span><\/b><\/h4>\n<p>[\/vc_column_text][vc_empty_space height=&#8221;20px&#8221;][vc_column_text css=&#8221;&#8221;]<\/p>\n<p style=\"font-weight: 400;\">Michel van Paassen har en bred og omfattende erfaring (over 25 \u00e5r) inden for logistik, lager, produktion og kvalitetsbehandling. Han startede sin karriere som lagerchef hos Solar, et europ\u00e6isk indk\u00f8bs- og servicefirma inden for el-, varme- og VVS-l\u00f8sninger.<\/p>\n<p style=\"font-weight: 400;\">F\u00f8r sit job hos ScanModul\u00ae var Michel logistik- og produktionschef for Kyocera Senco-organisationen, tidligere kendt som Verpa Senco, den f\u00f8rende ekspertleverand\u00f8r af bef\u00e6stelseselementer og v\u00e6rkt\u00f8j i EMEA-omr\u00e5det. I l\u00f8bet af sin karriere hos Kyocera har Michel desuden udfyldt rollerne som kvalitetschef (ISO 9001 og IATF 16949) og SAP-n\u00f8glebruger for logistik og produktion. I rollen som SAP-n\u00f8glebruger var han medlem af projektteamet, der implementerede SAP p\u00e5 de forskellige europ\u00e6iske fabrikker.<\/p>\n<p style=\"font-weight: 400;\">Michel har en bachelor i logistik og \u00f8konomi fra Hogeschool voor Economische Studies i Rotterdam. Derudover har han en post-bachelorgrad i Industrial Engineering &amp; Management.<\/p>\n<p>[\/vc_column_text][\/vc_column][\/vc_row][vc_row][vc_column][vc_empty_space height=&#8221;40px&#8221;][vc_separator color=&#8221;custom&#8221; accent_color=&#8221;#002d5e&#8221;][vc_empty_space height=&#8221;40px&#8221;][\/vc_column][\/vc_row][vc_row][vc_column width=&#8221;1\/3&#8243;][vc_empty_space height=&#8221;40px&#8221;][vc_single_image image=&#8221;5999&#8243; img_size=&#8221;full&#8221;][\/vc_column][vc_column width=&#8221;2\/3&#8243;][vc_column_text css=&#8221;&#8221;]<\/p>\n<h2>Oded Yoseph<\/h2>\n<h4><strong>Teknologidirekt\u00f8r<\/strong><\/h4>\n<p>[\/vc_column_text][vc_empty_space height=&#8221;20px&#8221;][vc_column_text css=&#8221;&#8221;]<\/p>\n<p style=\"font-weight: 400;\">Oded Yoseph har en bred erfaring med at arbejde for sundhedsvirksomheder inden for produktudvikling og produktionsstrategi.<\/p>\n<p style=\"font-weight: 400;\">Som Teknologidirekt\u00f8r overv\u00e5ger Oded alle ScanModul\u00aes produkter, driver innovation og h\u00f8je kvalitetsstandarder samt den daglige kommunikation med ScanModul\u00aes producenter og hj\u00e6lper med at l\u00f8se problemer og opstille produktionsretningslinjer.<\/p>\n<p style=\"font-weight: 400;\">Oded har en B.sc. i industrielt design fra HIT IL og har fulgt forskellige kurser i design, teknik og lean-produktion.<\/p>\n<p>[\/vc_column_text][\/vc_column][\/vc_row][vc_row][vc_column][vc_empty_space height=&#8221;40px&#8221;][vc_separator color=&#8221;custom&#8221; accent_color=&#8221;#002d5e&#8221;][vc_empty_space height=&#8221;40px&#8221;][\/vc_column][\/vc_row][vc_row][vc_column width=&#8221;1\/3&#8243;][vc_empty_space height=&#8221;40px&#8221;][vc_single_image image=&#8221;12852&#8243; img_size=&#8221;600&#215;800&#8243; css=&#8221;&#8221;][\/vc_column][vc_column width=&#8221;2\/3&#8243;][vc_column_text css=&#8221;&#8221;]<\/p>\n<h2>Charlotte Vanliefde<\/h2>\n<h4><strong><span lang=\"FR\">Manager Innovation &amp; Products<\/span><\/strong><\/h4>\n<p>[\/vc_column_text][vc_empty_space height=&#8221;20px&#8221;][vc_column_text css=&#8221;&#8221;]<\/p>\n<p style=\"font-weight: 400;\">Charlotte kom til Belintra i 2012 og er i \u00f8jeblikket leder af Innovation &amp; Products for den kombinerede portef\u00f8lje af Belintra og ScanModul\u00ae.<\/p>\n<p style=\"font-weight: 400;\"><strong>Baggrund<\/strong><\/p>\n<ul>\n<li style=\"font-weight: 400;\">Produktudviklingsingeni\u00f8r Belintra<\/li>\n<li style=\"font-weight: 400;\">Innovationsr\u00e5dgiver Fedustria\/Optimo<\/li>\n<li style=\"font-weight: 400;\">Produktudvikling KBT NV<\/li>\n<li style=\"font-weight: 400;\">Msc Produktudvikling Universitetet i Antwerpen<\/li>\n<\/ul>\n<p>[\/vc_column_text][\/vc_column][\/vc_row][vc_row][vc_column][vc_empty_space height=&#8221;40px&#8221;][vc_separator color=&#8221;custom&#8221; accent_color=&#8221;#002d5e&#8221;][vc_empty_space height=&#8221;40px&#8221;][\/vc_column][\/vc_row][vc_row][vc_column width=&#8221;1\/3&#8243;][vc_empty_space height=&#8221;40px&#8221;][vc_single_image image=&#8221;14179&#8243; img_size=&#8221;full&#8221; css=&#8221;&#8221;][\/vc_column][vc_column width=&#8221;2\/3&#8243;][vc_column_text css=&#8221;&#8221;]<\/p>\n<h2>Kim Lange<\/h2>\n<h4><strong>General Manager &#8211; Nordics<\/strong><\/h4>\n<p>[\/vc_column_text][vc_empty_space height=&#8221;20px&#8221;][vc_column_text css=&#8221;&#8221;]Kim Lange har en bred erfaring inden for sundhedsplejen. Som General Manager hos ScanModul\u00ae i Norden er Kim Lange ansvarlig for territoriernes strategi, salg og implementering samt administration af relationer med globale ScanModul\u00ae-partnere. F\u00f8r Kim Lange kom til ScanModul\u00ae, havde han forskellige salgs- og projektledelsesstillinger hos virksomheder inden for sundhedsplejeforsyningsk\u00e6de og laboratorielagerstyring, herunder Labflex, Byrum og ByrumLabflex, hvor han ledte flere af de st\u00f8rste projekter, der er udviklet i Scandinavien i de sidste 10 \u00e5r. Kim Lange har er uddannet fra Danish Business Academy og derudover har han en eksamen fra Norwegian School of Business i erhvervs\u00f8konomi og Human Resource Management.[\/vc_column_text][\/vc_column][\/vc_row][vc_row][vc_column][vc_empty_space height=&#8221;40px&#8221;][vc_separator color=&#8221;custom&#8221; accent_color=&#8221;#002d5e&#8221;][vc_empty_space height=&#8221;40px&#8221;][\/vc_column][\/vc_row][vc_row][vc_column width=&#8221;1\/3&#8243;][vc_empty_space height=&#8221;40px&#8221;][vc_single_image image=&#8221;5514&#8243; img_size=&#8221;full&#8221;][\/vc_column][vc_column width=&#8221;2\/3&#8243;][vc_column_text css=&#8221;&#8221;]<\/p>\n<h2>Christophe Boc\u00e9no<\/h2>\n<h4><strong>General Manager &#8211; France and Iberia<\/strong><\/h4>\n<p>[\/vc_column_text][vc_empty_space height=&#8221;20px&#8221;][vc_column_text css=&#8221;&#8221;]Christophe Boc\u00e9no har lang erfaring indenfor sundhedssektoren, hvor han har arbejdet med opbevaring og logistik i mere end 20 \u00e5r. Christophe Boc\u00e9no har omfattende viden om l\u00f8sninger og strategier til at optimere et hospitals opbevarings og interne forsyningsk\u00e6de. Som General Manager for ScanModul\u00ae Frankrig, er Christophe ansvarlig for de omr\u00e5der der vedr\u00f8rer strategi, salg, udf\u00f8relse og implementering. F\u00f8r han kom til ScanModul\u00ae i 2004, var Christophe direkt\u00f8r i Cap G, ansvarlig for design og implementering af forskellige avancerede IT-systemer. Christophe Boc\u00e9no har en kandidatgrad i \u00f8konomi fra Paris I.[\/vc_column_text][\/vc_column][\/vc_row][vc_row][vc_column][vc_empty_space height=&#8221;40px&#8221;][vc_separator color=&#8221;custom&#8221; accent_color=&#8221;#002d5e&#8221;][vc_empty_space height=&#8221;40px&#8221;][\/vc_column][\/vc_row][vc_row][vc_column width=&#8221;1\/3&#8243;][vc_empty_space height=&#8221;40px&#8221;][vc_single_image image=&#8221;6044&#8243; img_size=&#8221;full&#8221;][\/vc_column][vc_column width=&#8221;2\/3&#8243;][vc_column_text css=&#8221;&#8221;]<\/p>\n<h2>Peter van der Hoorn<\/h2>\n<h4><strong>Sales Manager \u2013 Netherlands<\/strong><\/h4>\n<p>[\/vc_column_text][vc_empty_space height=&#8221;20px&#8221;][vc_column_text css=&#8221;&#8221;]Peter har mere end 20 \u00e5rs erfaring inden for sundhedssektoren, herunder stor erfaring med introduktion af nye produkter til markedet samt markedsudvikling for velkendte globale m\u00e6rker.<\/p>\n<p>Peter van der Hoorn er som salgschef for ScanModul\u00ae i Holland, ansvarlig for kommercielle strategier inden for organisation, samt salg og gennemf\u00f8relse af projekter.<\/p>\n<p>Peter van der Hoorn har taget forskellige kurser inden for ledelse, procesindustri og erhvervsadministration.[\/vc_column_text][\/vc_column][\/vc_row][vc_row][vc_column][vc_empty_space height=&#8221;40px&#8221;][vc_separator color=&#8221;custom&#8221; accent_color=&#8221;#002d5e&#8221;][vc_empty_space height=&#8221;40px&#8221;][\/vc_column][\/vc_row][vc_row][vc_column width=&#8221;1\/3&#8243;][vc_empty_space height=&#8221;40px&#8221;][vc_single_image image=&#8221;13026&#8243; img_size=&#8221;full&#8221; css=&#8221;&#8221;][\/vc_column][vc_column width=&#8221;2\/3&#8243;][vc_column_text css=&#8221;&#8221;]<\/p>\n<h2><b>Georgios Kopanidis<\/b><\/h2>\n<h4><strong>Sales Manager D-A-CH<\/strong><\/h4>\n<p>[\/vc_column_text][vc_empty_space height=&#8221;20px&#8221;][vc_column_text css=&#8221;&#8221;]Georgios er en erfaren salgsprofessionel med over 25 \u00e5rs succes inden for direkte salg og salgsledelse i den medicinske, farmaceutiske og kemiske industri. Hans omfattende baggrund i at navigere p\u00e5 komplekse internationale markeder og lede internationale teams bringer et v\u00e6ld af ekspertise og strategisk vision til virksomheden. Som Sales Manager D-A-CH er han ansvarlig for at lede salgspersonalet, drive kontinuerlig udvikling og implementere robuste salgsstrategier. Georgios har en grad i biologi fra universitetet i Erlangen.[\/vc_column_text][\/vc_column][\/vc_row]<\/p>\n<\/div>","protected":false},"excerpt":{"rendered":"<p>[vc_row][vc_column][vc_empty_space height=&#8221;10px&#8221;][vc_separator color=&#8221;custom&#8221; accent_color=&#8221;#002d5e&#8221;][vc_empty_space height=&#8221;40px&#8221;][\/vc_column][\/vc_row][vc_row][vc_column width=&#8221;1\/3&#8243;][vc_empty_space height=&#8221;40px&#8221;][vc_single_image image=&#8221;6941&#8243; img_size=&#8221;600&#215;800&#8243;][\/vc_column][vc_column width=&#8221;2\/3&#8243;][vc_column_text css=&#8221;&#8221;] Patrick Bark CEO ScanModul\u00ae International Holding B.V. [\/vc_column_text][vc_empty_space height=&#8221;20px&#8221;][vc_column_text css=&#8221;&#8221;]F\u00f8r han kom til ScanModul\u00ae, var Patrick Bark CEO og aktion\u00e6r i Life Safety Products B.V., markedsleder inden for sikkerhedshamre og sikkerhedsprodukter til bilindustrien under m\u00e6rket LIFEHAMMER\u00ae. F\u00f8r Life Safety Products var Patrick 13 \u00e5r [&hellip;]<\/p>\n","protected":false},"author":2,"featured_media":0,"parent":0,"menu_order":0,"comment_status":"closed","ping_status":"closed","template":"","meta":{"_acf_changed":false,"footnotes":""},"class_list":["post-2531","page","type-page","status-publish","hentry"],"acf":[],"yoast_head":"<!-- This site is optimized with the Yoast SEO plugin v27.4 - https:\/\/yoast.com\/product\/yoast-seo-wordpress\/ -->\n<title>Direktion - Scanmodul<\/title>\n<meta name=\"robots\" content=\"index, follow, max-snippet:-1, max-image-preview:large, max-video-preview:-1\" \/>\n<link rel=\"canonical\" href=\"https:\/\/scanmodul.com\/da\/management\/\" \/>\n<meta property=\"og:locale\" content=\"da_DK\" \/>\n<meta property=\"og:type\" content=\"article\" \/>\n<meta property=\"og:title\" content=\"Direktion - Scanmodul\" \/>\n<meta property=\"og:description\" content=\"[vc_row][vc_column][vc_empty_space height=&#8221;10px&#8221;][vc_separator color=&#8221;custom&#8221; accent_color=&#8221;#002d5e&#8221;][vc_empty_space height=&#8221;40px&#8221;][\/vc_column][\/vc_row][vc_row][vc_column width=&#8221;1\/3&#8243;][vc_empty_space height=&#8221;40px&#8221;][vc_single_image image=&#8221;6941&#8243; img_size=&#8221;600&#215;800&#8243;][\/vc_column][vc_column width=&#8221;2\/3&#8243;][vc_column_text css=&#8221;&#8221;] Patrick Bark CEO ScanModul\u00ae International Holding B.V. [\/vc_column_text][vc_empty_space height=&#8221;20px&#8221;][vc_column_text css=&#8221;&#8221;]F\u00f8r han kom til ScanModul\u00ae, var Patrick Bark CEO og aktion\u00e6r i Life Safety Products B.V., markedsleder inden for sikkerhedshamre og sikkerhedsprodukter til bilindustrien under m\u00e6rket LIFEHAMMER\u00ae. F\u00f8r Life Safety Products var Patrick 13 \u00e5r [&hellip;]\" \/>\n<meta property=\"og:url\" content=\"https:\/\/scanmodul.com\/da\/management\/\" \/>\n<meta property=\"og:site_name\" content=\"Scanmodul\" \/>\n<meta property=\"article:modified_time\" content=\"2026-01-06T12:42:13+00:00\" \/>\n<meta name=\"twitter:card\" content=\"summary_large_image\" \/>\n<meta name=\"twitter:label1\" content=\"Estimeret l\u00e6setid\" \/>\n\t<meta name=\"twitter:data1\" content=\"8 minutter\" \/>\n<script type=\"application\/ld+json\" class=\"yoast-schema-graph\">{\"@context\":\"https:\\\/\\\/schema.org\",\"@graph\":[{\"@type\":\"WebPage\",\"@id\":\"https:\\\/\\\/scanmodul.com\\\/da\\\/management\\\/\",\"url\":\"https:\\\/\\\/scanmodul.com\\\/da\\\/management\\\/\",\"name\":\"Direktion - Scanmodul\",\"isPartOf\":{\"@id\":\"https:\\\/\\\/scanmodul.com\\\/#website\"},\"datePublished\":\"2016-11-23T11:29:18+00:00\",\"dateModified\":\"2026-01-06T12:42:13+00:00\",\"breadcrumb\":{\"@id\":\"https:\\\/\\\/scanmodul.com\\\/da\\\/management\\\/#breadcrumb\"},\"inLanguage\":\"da-DK\",\"potentialAction\":[{\"@type\":\"ReadAction\",\"target\":[\"https:\\\/\\\/scanmodul.com\\\/da\\\/management\\\/\"]}]},{\"@type\":\"BreadcrumbList\",\"@id\":\"https:\\\/\\\/scanmodul.com\\\/da\\\/management\\\/#breadcrumb\",\"itemListElement\":[{\"@type\":\"ListItem\",\"position\":1,\"name\":\"Startseite\",\"item\":\"https:\\\/\\\/scanmodul.com\\\/da\\\/\"},{\"@type\":\"ListItem\",\"position\":2,\"name\":\"Direktion\"}]},{\"@type\":\"WebSite\",\"@id\":\"https:\\\/\\\/scanmodul.com\\\/#website\",\"url\":\"https:\\\/\\\/scanmodul.com\\\/\",\"name\":\"Scanmodul\",\"description\":\"\",\"potentialAction\":[{\"@type\":\"SearchAction\",\"target\":{\"@type\":\"EntryPoint\",\"urlTemplate\":\"https:\\\/\\\/scanmodul.com\\\/?s={search_term_string}\"},\"query-input\":{\"@type\":\"PropertyValueSpecification\",\"valueRequired\":true,\"valueName\":\"search_term_string\"}}],\"inLanguage\":\"da-DK\"}]}<\/script>\n<!-- \/ Yoast SEO plugin. -->","yoast_head_json":{"title":"Direktion - Scanmodul","robots":{"index":"index","follow":"follow","max-snippet":"max-snippet:-1","max-image-preview":"max-image-preview:large","max-video-preview":"max-video-preview:-1"},"canonical":"https:\/\/scanmodul.com\/da\/management\/","og_locale":"da_DK","og_type":"article","og_title":"Direktion - Scanmodul","og_description":"[vc_row][vc_column][vc_empty_space height=&#8221;10px&#8221;][vc_separator color=&#8221;custom&#8221; accent_color=&#8221;#002d5e&#8221;][vc_empty_space height=&#8221;40px&#8221;][\/vc_column][\/vc_row][vc_row][vc_column width=&#8221;1\/3&#8243;][vc_empty_space height=&#8221;40px&#8221;][vc_single_image image=&#8221;6941&#8243; img_size=&#8221;600&#215;800&#8243;][\/vc_column][vc_column width=&#8221;2\/3&#8243;][vc_column_text css=&#8221;&#8221;] Patrick Bark CEO ScanModul\u00ae International Holding B.V. [\/vc_column_text][vc_empty_space height=&#8221;20px&#8221;][vc_column_text css=&#8221;&#8221;]F\u00f8r han kom til ScanModul\u00ae, var Patrick Bark CEO og aktion\u00e6r i Life Safety Products B.V., markedsleder inden for sikkerhedshamre og sikkerhedsprodukter til bilindustrien under m\u00e6rket LIFEHAMMER\u00ae. F\u00f8r Life Safety Products var Patrick 13 \u00e5r [&hellip;]","og_url":"https:\/\/scanmodul.com\/da\/management\/","og_site_name":"Scanmodul","article_modified_time":"2026-01-06T12:42:13+00:00","twitter_card":"summary_large_image","twitter_misc":{"Estimeret l\u00e6setid":"8 minutter"},"schema":{"@context":"https:\/\/schema.org","@graph":[{"@type":"WebPage","@id":"https:\/\/scanmodul.com\/da\/management\/","url":"https:\/\/scanmodul.com\/da\/management\/","name":"Direktion - Scanmodul","isPartOf":{"@id":"https:\/\/scanmodul.com\/#website"},"datePublished":"2016-11-23T11:29:18+00:00","dateModified":"2026-01-06T12:42:13+00:00","breadcrumb":{"@id":"https:\/\/scanmodul.com\/da\/management\/#breadcrumb"},"inLanguage":"da-DK","potentialAction":[{"@type":"ReadAction","target":["https:\/\/scanmodul.com\/da\/management\/"]}]},{"@type":"BreadcrumbList","@id":"https:\/\/scanmodul.com\/da\/management\/#breadcrumb","itemListElement":[{"@type":"ListItem","position":1,"name":"Startseite","item":"https:\/\/scanmodul.com\/da\/"},{"@type":"ListItem","position":2,"name":"Direktion"}]},{"@type":"WebSite","@id":"https:\/\/scanmodul.com\/#website","url":"https:\/\/scanmodul.com\/","name":"Scanmodul","description":"","potentialAction":[{"@type":"SearchAction","target":{"@type":"EntryPoint","urlTemplate":"https:\/\/scanmodul.com\/?s={search_term_string}"},"query-input":{"@type":"PropertyValueSpecification","valueRequired":true,"valueName":"search_term_string"}}],"inLanguage":"da-DK"}]}},"_links":{"self":[{"href":"https:\/\/scanmodul.com\/da\/wp-json\/wp\/v2\/pages\/2531","targetHints":{"allow":["GET"]}}],"collection":[{"href":"https:\/\/scanmodul.com\/da\/wp-json\/wp\/v2\/pages"}],"about":[{"href":"https:\/\/scanmodul.com\/da\/wp-json\/wp\/v2\/types\/page"}],"author":[{"embeddable":true,"href":"https:\/\/scanmodul.com\/da\/wp-json\/wp\/v2\/users\/2"}],"replies":[{"embeddable":true,"href":"https:\/\/scanmodul.com\/da\/wp-json\/wp\/v2\/comments?post=2531"}],"version-history":[{"count":58,"href":"https:\/\/scanmodul.com\/da\/wp-json\/wp\/v2\/pages\/2531\/revisions"}],"predecessor-version":[{"id":14548,"href":"https:\/\/scanmodul.com\/da\/wp-json\/wp\/v2\/pages\/2531\/revisions\/14548"}],"wp:attachment":[{"href":"https:\/\/scanmodul.com\/da\/wp-json\/wp\/v2\/media?parent=2531"}],"curies":[{"name":"wp","href":"https:\/\/api.w.org\/{rel}","templated":true}]}}