{"id":2521,"date":"2016-11-23T12:15:30","date_gmt":"2016-11-23T11:15:30","guid":{"rendered":"http:\/\/scanmodul.com\/da\/?page_id=2521"},"modified":"2024-02-22T09:26:23","modified_gmt":"2024-02-22T08:26:23","slug":"bestyrelse","status":"publish","type":"page","link":"https:\/\/scanmodul.com\/da\/bestyrelse\/","title":{"rendered":"Bestyrelse"},"content":{"rendered":"<div class=\"wpb-content-wrapper\"><p>[vc_row][vc_column][vc_empty_space height=&#8221;10px&#8221;][vc_separator color=&#8221;custom&#8221; accent_color=&#8221;#002d5e&#8221;][vc_empty_space height=&#8221;20px&#8221;][\/vc_column][\/vc_row][vc_row][vc_column width=&#8221;1\/3&#8243;][vc_empty_space height=&#8221;40px&#8221;][vc_single_image image=&#8221;6941&#8243; img_size=&#8221;600&#215;800&#8243;][\/vc_column][vc_column width=&#8221;2\/3&#8243;][vc_column_text]<\/p>\n<h2><span style=\"color: #002d5e;\">Patrick Bark<\/span><\/h2>\n<h4><span style=\"color: #333333;\">CEO Scan Modul International Holding B.V.<\/span><\/h4>\n<p>[\/vc_column_text][vc_empty_space height=&#8221;20px&#8221;][vc_column_text]Prior to joining Scan Modul, Patrick was CEO and shareholder of Life Safety Products B.V., market leader for safety hammers and safety products for the automotive industry under the brand LIFEHAMMER\u00ae. Prior to Life Safety Products, Patrick spent 13 years at Poppers Holding B.V., a manufacturer and distributor of pneumatic tools and fasteners. At Poppers, Patrick held various Board Member positions and also became shareholder. Patrick started his career in 1991 as a Management Trainee at Metabowerke GmbH &amp; Co KG in Germany, a manufacturer of electric hand held and stationary power tools, and served in various roles in product management, sales and marketing until 1998. Patrick holds a Bachelor in Business Administration from Hogeschool Haarlem. During his career Patrick spent more than 11 years abroad and developed himself into an entrepreneurial CEO, skilled in international business development, distribution, manufacturing and sourcing, building a solid track record and excellent reputation.<br \/>\n[\/vc_column_text][\/vc_column][\/vc_row][vc_row][vc_column width=&#8221;1\/3&#8243;][vc_empty_space height=&#8221;40px&#8221;][vc_single_image image=&#8221;8032&#8243; img_size=&#8221;600&#215;800&#8243;][\/vc_column][vc_column width=&#8221;2\/3&#8243;][vc_column_text]<\/p>\n<h2><span style=\"color: #002d5e;\">Robbert van Woerden<\/span><\/h2>\n<h4><span style=\"color: #333333;\">CFO<\/span><\/h4>\n<p>[\/vc_column_text][vc_empty_space height=&#8221;20px&#8221;][vc_column_text]Robbert van Woerden har over 12 \u00e5rs erfaring inden for revision og M&amp;A. F\u00f8r han startede hos Scan Modul, arbejdede Robbert som M&amp;A-konsulent for BDO, der servicerede en bred vifte af kunder, indenfor engros-, TMT- og bygningsindustrien. Robbert startede sin karriere som revisorelev og arbejdede op til manager, med speciale i mellemstore virksomheder. Han har en kandidatgrad i regnskab fra Nyenrode Business University i Holland.[\/vc_column_text][\/vc_column][\/vc_row][vc_row disable_element=&#8221;yes&#8221;][vc_column width=&#8221;1\/3&#8243;][vc_empty_space height=&#8221;40px&#8221;][vc_single_image image=&#8221;2046&#8243; img_size=&#8221;full&#8221;][\/vc_column][vc_column width=&#8221;2\/3&#8243;][vc_column_text]<\/p>\n<h2>Ahikam Kaufman<\/h2>\n<p>[\/vc_column_text][vc_empty_space height=&#8221;20px&#8221;][vc_column_text]Ahikam bringer mere end 20 \u00e5rs erfaring i corporate finance og virksomhedsdrift, herunder salg, drift, business analyse, M &amp; A, regnskabsafl\u00e6ggelse og finansielle systemer. Ahikam var medstifter og CFO i Check Inc. Tjek Inc. blev erhvervet af Intuit (NASDAQ: Intu) i juni 2014. F\u00f8r det var Ahikam GM i Stanley Healthcare Europe, et datterselskab af Stanley, Black &amp; Decker (NYSE: SWK) et S&amp;P 500-selskab, hvor han var leder for 150 ansatte og ansvarlig for mere end 100 millioner i \u00e5rlig oms\u00e6tning. Forud for Stanley, var Ahikam CFO i AeroScout, Inc. erhvervet af Stanley, Black&amp;Decker (NYSE:SWK).<\/p>\n<p>Ahikam havde ogs\u00e5 centrale finansielle roller hos HP (NYSE: HPQ) og Mercury Interactive (NASDAQ: MERQ). F\u00f8r det, arbejdede Ahikam som CFO of Conduct Software Inc. en virksomhed, der blev overtaget af Mercury Interactive i november 1999. Ahikam er statsautoriseret revisor og har en B.A. i \u00f8konomi og en Masters i Jura.[\/vc_column_text][\/vc_column][\/vc_row][vc_row disable_element=&#8221;yes&#8221;][vc_column width=&#8221;1\/3&#8243;][vc_empty_space height=&#8221;40px&#8221;][vc_single_image image=&#8221;2050&#8243; img_size=&#8221;full&#8221;][\/vc_column][vc_column width=&#8221;2\/3&#8243;][vc_column_text]<\/p>\n<h2>Uri Yaffe<\/h2>\n<p>[\/vc_column_text][vc_empty_space height=&#8221;20px&#8221;][vc_column_text]<\/p>\n<div class=\"wpb_text_column wpb_content_element \">\n<div class=\"wpb_wrapper\">\n<p>Uri Yaffe har en omfattende global ledererfaring. Som leder p\u00e5 C-niveau i teknologivirksomheder har Uri haft en lange r\u00e6kke ansvarsomr\u00e5der, herunder generel ledelse, virksomhedsudvikling, salg og drift. F\u00f8r Uri kom til ScanModul ledte han virksomhedsudviklingsaktiviteter inden for det tr\u00e5dl\u00f8se og virksomhedsorienterede sikkerhedsmarked.<\/p>\n<p>Uri Yaffe fungerede som CEO hos e-SIM, en virksomhed, der leverer et f\u00f8rende udviklingsmilj\u00f8 for mobiltelefonproducenter. Efter at have solgt virksomheden til Sky Mobile Media fungerede Uri som VP for det globale salg.<\/p>\n<p>F\u00f8r sine roller hos e-SIM ledte Uri en afdeling af BVR-systemer, som fremstillede og markedsf\u00f8rte debriefingsystemer, flyveintegrerede systemer og simulatorer. Uri Yaffe har en B.Sc. i Air Transportation Management fra University of New Haven, USA.<\/p>\n<\/div>\n<\/div>\n<p>[\/vc_column_text][\/vc_column][\/vc_row]<\/p>\n<\/div>","protected":false},"excerpt":{"rendered":"<p>[vc_row][vc_column][vc_empty_space height=&#8221;10px&#8221;][vc_separator color=&#8221;custom&#8221; accent_color=&#8221;#002d5e&#8221;][vc_empty_space height=&#8221;20px&#8221;][\/vc_column][\/vc_row][vc_row][vc_column width=&#8221;1\/3&#8243;][vc_empty_space height=&#8221;40px&#8221;][vc_single_image image=&#8221;6941&#8243; img_size=&#8221;600&#215;800&#8243;][\/vc_column][vc_column width=&#8221;2\/3&#8243;][vc_column_text] Patrick Bark CEO Scan Modul International Holding B.V. [\/vc_column_text][vc_empty_space height=&#8221;20px&#8221;][vc_column_text]Prior to joining Scan Modul, Patrick was CEO and shareholder of Life Safety Products B.V., market leader for safety hammers and safety products for the automotive industry under the brand LIFEHAMMER\u00ae. Prior to Life Safety Products, [&hellip;]<\/p>\n","protected":false},"author":2,"featured_media":0,"parent":0,"menu_order":0,"comment_status":"closed","ping_status":"closed","template":"","meta":{"_acf_changed":false,"footnotes":""},"class_list":["post-2521","page","type-page","status-publish","hentry"],"acf":[],"yoast_head":"<!-- This site is optimized with the Yoast SEO plugin v27.5 - https:\/\/yoast.com\/product\/yoast-seo-wordpress\/ -->\n<title>Bestyrelse - Scanmodul<\/title>\n<meta name=\"robots\" content=\"index, follow, max-snippet:-1, max-image-preview:large, max-video-preview:-1\" \/>\n<link rel=\"canonical\" href=\"https:\/\/scanmodul.com\/da\/bestyrelse\/\" \/>\n<meta property=\"og:locale\" content=\"da_DK\" \/>\n<meta property=\"og:type\" content=\"article\" \/>\n<meta property=\"og:title\" content=\"Bestyrelse - Scanmodul\" \/>\n<meta property=\"og:description\" content=\"[vc_row][vc_column][vc_empty_space height=&#8221;10px&#8221;][vc_separator color=&#8221;custom&#8221; accent_color=&#8221;#002d5e&#8221;][vc_empty_space height=&#8221;20px&#8221;][\/vc_column][\/vc_row][vc_row][vc_column width=&#8221;1\/3&#8243;][vc_empty_space height=&#8221;40px&#8221;][vc_single_image image=&#8221;6941&#8243; img_size=&#8221;600&#215;800&#8243;][\/vc_column][vc_column width=&#8221;2\/3&#8243;][vc_column_text] Patrick Bark CEO Scan Modul International Holding B.V. [\/vc_column_text][vc_empty_space height=&#8221;20px&#8221;][vc_column_text]Prior to joining Scan Modul, Patrick was CEO and shareholder of Life Safety Products B.V., market leader for safety hammers and safety products for the automotive industry under the brand LIFEHAMMER\u00ae. Prior to Life Safety Products, [&hellip;]\" \/>\n<meta property=\"og:url\" content=\"https:\/\/scanmodul.com\/da\/bestyrelse\/\" \/>\n<meta property=\"og:site_name\" content=\"Scanmodul\" \/>\n<meta property=\"article:modified_time\" content=\"2024-02-22T08:26:23+00:00\" \/>\n<meta name=\"twitter:card\" content=\"summary_large_image\" \/>\n<meta name=\"twitter:label1\" content=\"Estimeret l\u00e6setid\" \/>\n\t<meta name=\"twitter:data1\" content=\"4 minutter\" \/>\n<script type=\"application\/ld+json\" class=\"yoast-schema-graph\">{\"@context\":\"https:\\\/\\\/schema.org\",\"@graph\":[{\"@type\":\"WebPage\",\"@id\":\"https:\\\/\\\/scanmodul.com\\\/da\\\/bestyrelse\\\/\",\"url\":\"https:\\\/\\\/scanmodul.com\\\/da\\\/bestyrelse\\\/\",\"name\":\"Bestyrelse - Scanmodul\",\"isPartOf\":{\"@id\":\"https:\\\/\\\/scanmodul.com\\\/#website\"},\"datePublished\":\"2016-11-23T11:15:30+00:00\",\"dateModified\":\"2024-02-22T08:26:23+00:00\",\"breadcrumb\":{\"@id\":\"https:\\\/\\\/scanmodul.com\\\/da\\\/bestyrelse\\\/#breadcrumb\"},\"inLanguage\":\"da-DK\",\"potentialAction\":[{\"@type\":\"ReadAction\",\"target\":[\"https:\\\/\\\/scanmodul.com\\\/da\\\/bestyrelse\\\/\"]}]},{\"@type\":\"BreadcrumbList\",\"@id\":\"https:\\\/\\\/scanmodul.com\\\/da\\\/bestyrelse\\\/#breadcrumb\",\"itemListElement\":[{\"@type\":\"ListItem\",\"position\":1,\"name\":\"Startseite\",\"item\":\"https:\\\/\\\/scanmodul.com\\\/da\\\/\"},{\"@type\":\"ListItem\",\"position\":2,\"name\":\"Bestyrelse\"}]},{\"@type\":\"WebSite\",\"@id\":\"https:\\\/\\\/scanmodul.com\\\/#website\",\"url\":\"https:\\\/\\\/scanmodul.com\\\/\",\"name\":\"Scanmodul\",\"description\":\"\",\"potentialAction\":[{\"@type\":\"SearchAction\",\"target\":{\"@type\":\"EntryPoint\",\"urlTemplate\":\"https:\\\/\\\/scanmodul.com\\\/?s={search_term_string}\"},\"query-input\":{\"@type\":\"PropertyValueSpecification\",\"valueRequired\":true,\"valueName\":\"search_term_string\"}}],\"inLanguage\":\"da-DK\"}]}<\/script>\n<!-- \/ Yoast SEO plugin. -->","yoast_head_json":{"title":"Bestyrelse - Scanmodul","robots":{"index":"index","follow":"follow","max-snippet":"max-snippet:-1","max-image-preview":"max-image-preview:large","max-video-preview":"max-video-preview:-1"},"canonical":"https:\/\/scanmodul.com\/da\/bestyrelse\/","og_locale":"da_DK","og_type":"article","og_title":"Bestyrelse - Scanmodul","og_description":"[vc_row][vc_column][vc_empty_space height=&#8221;10px&#8221;][vc_separator color=&#8221;custom&#8221; accent_color=&#8221;#002d5e&#8221;][vc_empty_space height=&#8221;20px&#8221;][\/vc_column][\/vc_row][vc_row][vc_column width=&#8221;1\/3&#8243;][vc_empty_space height=&#8221;40px&#8221;][vc_single_image image=&#8221;6941&#8243; img_size=&#8221;600&#215;800&#8243;][\/vc_column][vc_column width=&#8221;2\/3&#8243;][vc_column_text] Patrick Bark CEO Scan Modul International Holding B.V. [\/vc_column_text][vc_empty_space height=&#8221;20px&#8221;][vc_column_text]Prior to joining Scan Modul, Patrick was CEO and shareholder of Life Safety Products B.V., market leader for safety hammers and safety products for the automotive industry under the brand LIFEHAMMER\u00ae. Prior to Life Safety Products, [&hellip;]","og_url":"https:\/\/scanmodul.com\/da\/bestyrelse\/","og_site_name":"Scanmodul","article_modified_time":"2024-02-22T08:26:23+00:00","twitter_card":"summary_large_image","twitter_misc":{"Estimeret l\u00e6setid":"4 minutter"},"schema":{"@context":"https:\/\/schema.org","@graph":[{"@type":"WebPage","@id":"https:\/\/scanmodul.com\/da\/bestyrelse\/","url":"https:\/\/scanmodul.com\/da\/bestyrelse\/","name":"Bestyrelse - Scanmodul","isPartOf":{"@id":"https:\/\/scanmodul.com\/#website"},"datePublished":"2016-11-23T11:15:30+00:00","dateModified":"2024-02-22T08:26:23+00:00","breadcrumb":{"@id":"https:\/\/scanmodul.com\/da\/bestyrelse\/#breadcrumb"},"inLanguage":"da-DK","potentialAction":[{"@type":"ReadAction","target":["https:\/\/scanmodul.com\/da\/bestyrelse\/"]}]},{"@type":"BreadcrumbList","@id":"https:\/\/scanmodul.com\/da\/bestyrelse\/#breadcrumb","itemListElement":[{"@type":"ListItem","position":1,"name":"Startseite","item":"https:\/\/scanmodul.com\/da\/"},{"@type":"ListItem","position":2,"name":"Bestyrelse"}]},{"@type":"WebSite","@id":"https:\/\/scanmodul.com\/#website","url":"https:\/\/scanmodul.com\/","name":"Scanmodul","description":"","potentialAction":[{"@type":"SearchAction","target":{"@type":"EntryPoint","urlTemplate":"https:\/\/scanmodul.com\/?s={search_term_string}"},"query-input":{"@type":"PropertyValueSpecification","valueRequired":true,"valueName":"search_term_string"}}],"inLanguage":"da-DK"}]}},"_links":{"self":[{"href":"https:\/\/scanmodul.com\/da\/wp-json\/wp\/v2\/pages\/2521","targetHints":{"allow":["GET"]}}],"collection":[{"href":"https:\/\/scanmodul.com\/da\/wp-json\/wp\/v2\/pages"}],"about":[{"href":"https:\/\/scanmodul.com\/da\/wp-json\/wp\/v2\/types\/page"}],"author":[{"embeddable":true,"href":"https:\/\/scanmodul.com\/da\/wp-json\/wp\/v2\/users\/2"}],"replies":[{"embeddable":true,"href":"https:\/\/scanmodul.com\/da\/wp-json\/wp\/v2\/comments?post=2521"}],"version-history":[{"count":12,"href":"https:\/\/scanmodul.com\/da\/wp-json\/wp\/v2\/pages\/2521\/revisions"}],"predecessor-version":[{"id":11627,"href":"https:\/\/scanmodul.com\/da\/wp-json\/wp\/v2\/pages\/2521\/revisions\/11627"}],"wp:attachment":[{"href":"https:\/\/scanmodul.com\/da\/wp-json\/wp\/v2\/media?parent=2521"}],"curies":[{"name":"wp","href":"https:\/\/api.w.org\/{rel}","templated":true}]}}