{"id":2463,"date":"2016-11-23T12:36:42","date_gmt":"2016-11-23T11:36:42","guid":{"rendered":"http:\/\/scanmodul.com\/da\/?page_id=2463"},"modified":"2022-12-13T08:51:11","modified_gmt":"2022-12-13T07:51:11","slug":"modulaere-opbevaringsloesninger","status":"publish","type":"page","link":"https:\/\/scanmodul.com\/da\/modulaere-opbevaringsloesninger\/","title":{"rendered":"Modul\u00e6re opbevaringsl\u00f8sninger"},"content":{"rendered":"<div class=\"wpb-content-wrapper\"><p>[vc_row][vc_column][vc_column_text]<\/p>\n<h2>Markedsledende modul\u00e6rt opbevarings og transportsystem<\/h2>\n<p>[\/vc_column_text][vc_empty_space height=&#8221;7px&#8221;][\/vc_column][\/vc_row][vc_row][vc_column][vc_basic_grid post_type=&#8221;iso_module&#8221; max_items=&#8221;-1&#8243; order=&#8221;ASC&#8221; item=&#8221;3746&#8243; grid_id=&#8221;vc_gid:1670917853810-be941e31-e022-2&#8243;][\/vc_column][\/vc_row][vc_row equal_height=&#8221;yes&#8221; content_placement=&#8221;middle&#8221; css=&#8221;.vc_custom_1461744572570{background-color: #e3e3e3 !important;}&#8221; el_class=&#8221;download-row&#8221;][vc_column width=&#8221;1\/2&#8243;][vc_column_text]Katalog download[\/vc_column_text][\/vc_column][vc_column width=&#8221;1\/2&#8243;][vc_btn title=&#8221;Hovedkatalog&#8221; style=&#8221;custom&#8221; custom_background=&#8221;#002d5e&#8221; custom_text=&#8221;#ffffff&#8221; shape=&#8221;square&#8221; align=&#8221;center&#8221; i_icon_fontawesome=&#8221;far fa-file-pdf&#8221; button_block=&#8221;true&#8221; add_icon=&#8221;true&#8221; link=&#8221;url:https%3A%2F%2Fscanmodul.com%2Fwp-content%2Fuploads%2F2022%2F12%2FScanModul-Catalog_DK_LR.pdf|target:_blank&#8221;][\/vc_column][\/vc_row]<\/p>\n<\/div>","protected":false},"excerpt":{"rendered":"<p>[vc_row][vc_column][vc_column_text] Markedsledende modul\u00e6rt opbevarings og transportsystem [\/vc_column_text][vc_empty_space height=&#8221;7px&#8221;][\/vc_column][\/vc_row][vc_row][vc_column][vc_basic_grid post_type=&#8221;iso_module&#8221; max_items=&#8221;-1&#8243; order=&#8221;ASC&#8221; item=&#8221;3746&#8243; grid_id=&#8221;vc_gid:1670917853810-be941e31-e022-2&#8243;][\/vc_column][\/vc_row][vc_row equal_height=&#8221;yes&#8221; content_placement=&#8221;middle&#8221; css=&#8221;.vc_custom_1461744572570{background-color: #e3e3e3 !important;}&#8221; el_class=&#8221;download-row&#8221;][vc_column width=&#8221;1\/2&#8243;][vc_column_text]Katalog download[\/vc_column_text][\/vc_column][vc_column width=&#8221;1\/2&#8243;][vc_btn title=&#8221;Hovedkatalog&#8221; style=&#8221;custom&#8221; custom_background=&#8221;#002d5e&#8221; custom_text=&#8221;#ffffff&#8221; shape=&#8221;square&#8221; align=&#8221;center&#8221; i_icon_fontawesome=&#8221;far fa-file-pdf&#8221; button_block=&#8221;true&#8221; add_icon=&#8221;true&#8221; link=&#8221;url:https%3A%2F%2Fscanmodul.com%2Fwp-content%2Fuploads%2F2022%2F12%2FScanModul-Catalog_DK_LR.pdf|target:_blank&#8221;][\/vc_column][\/vc_row]<\/p>\n","protected":false},"author":2,"featured_media":0,"parent":0,"menu_order":0,"comment_status":"closed","ping_status":"closed","template":"","meta":{"_acf_changed":false,"footnotes":""},"class_list":["post-2463","page","type-page","status-publish","hentry"],"acf":[],"yoast_head":"<!-- This site is optimized with the Yoast SEO plugin v27.4 - https:\/\/yoast.com\/product\/yoast-seo-wordpress\/ -->\n<title>Modul\u00e6re opbevaringsl\u00f8sninger - Scanmodul<\/title>\n<meta name=\"robots\" content=\"index, follow, max-snippet:-1, max-image-preview:large, max-video-preview:-1\" \/>\n<link rel=\"canonical\" href=\"https:\/\/scanmodul.com\/da\/modulaere-opbevaringsloesninger\/\" \/>\n<meta property=\"og:locale\" content=\"da_DK\" \/>\n<meta property=\"og:type\" content=\"article\" \/>\n<meta property=\"og:title\" content=\"Modul\u00e6re opbevaringsl\u00f8sninger - Scanmodul\" \/>\n<meta property=\"og:description\" content=\"[vc_row][vc_column][vc_column_text] Markedsledende modul\u00e6rt opbevarings og transportsystem [\/vc_column_text][vc_empty_space height=&#8221;7px&#8221;][\/vc_column][\/vc_row][vc_row][vc_column][vc_basic_grid post_type=&#8221;iso_module&#8221; max_items=&#8221;-1&#8243; order=&#8221;ASC&#8221; item=&#8221;3746&#8243; grid_id=&#8221;vc_gid:1670917853810-be941e31-e022-2&#8243;][\/vc_column][\/vc_row][vc_row equal_height=&#8221;yes&#8221; content_placement=&#8221;middle&#8221; css=&#8221;.vc_custom_1461744572570{background-color: #e3e3e3 !important;}&#8221; el_class=&#8221;download-row&#8221;][vc_column width=&#8221;1\/2&#8243;][vc_column_text]Katalog download[\/vc_column_text][\/vc_column][vc_column width=&#8221;1\/2&#8243;][vc_btn title=&#8221;Hovedkatalog&#8221; style=&#8221;custom&#8221; custom_background=&#8221;#002d5e&#8221; custom_text=&#8221;#ffffff&#8221; shape=&#8221;square&#8221; align=&#8221;center&#8221; i_icon_fontawesome=&#8221;far fa-file-pdf&#8221; button_block=&#8221;true&#8221; add_icon=&#8221;true&#8221; link=&#8221;url:https%3A%2F%2Fscanmodul.com%2Fwp-content%2Fuploads%2F2022%2F12%2FScanModul-Catalog_DK_LR.pdf|target:_blank&#8221;][\/vc_column][\/vc_row]\" \/>\n<meta property=\"og:url\" content=\"https:\/\/scanmodul.com\/da\/modulaere-opbevaringsloesninger\/\" \/>\n<meta property=\"og:site_name\" content=\"Scanmodul\" \/>\n<meta property=\"article:modified_time\" content=\"2022-12-13T07:51:11+00:00\" \/>\n<meta name=\"twitter:card\" content=\"summary_large_image\" \/>\n<meta name=\"twitter:label1\" content=\"Estimeret l\u00e6setid\" \/>\n\t<meta name=\"twitter:data1\" content=\"1 minut\" \/>\n<script type=\"application\/ld+json\" class=\"yoast-schema-graph\">{\"@context\":\"https:\\\/\\\/schema.org\",\"@graph\":[{\"@type\":\"WebPage\",\"@id\":\"https:\\\/\\\/scanmodul.com\\\/da\\\/modulaere-opbevaringsloesninger\\\/\",\"url\":\"https:\\\/\\\/scanmodul.com\\\/da\\\/modulaere-opbevaringsloesninger\\\/\",\"name\":\"Modul\u00e6re opbevaringsl\u00f8sninger - Scanmodul\",\"isPartOf\":{\"@id\":\"https:\\\/\\\/scanmodul.com\\\/#website\"},\"datePublished\":\"2016-11-23T11:36:42+00:00\",\"dateModified\":\"2022-12-13T07:51:11+00:00\",\"breadcrumb\":{\"@id\":\"https:\\\/\\\/scanmodul.com\\\/da\\\/modulaere-opbevaringsloesninger\\\/#breadcrumb\"},\"inLanguage\":\"da-DK\",\"potentialAction\":[{\"@type\":\"ReadAction\",\"target\":[\"https:\\\/\\\/scanmodul.com\\\/da\\\/modulaere-opbevaringsloesninger\\\/\"]}]},{\"@type\":\"BreadcrumbList\",\"@id\":\"https:\\\/\\\/scanmodul.com\\\/da\\\/modulaere-opbevaringsloesninger\\\/#breadcrumb\",\"itemListElement\":[{\"@type\":\"ListItem\",\"position\":1,\"name\":\"Startseite\",\"item\":\"https:\\\/\\\/scanmodul.com\\\/da\\\/\"},{\"@type\":\"ListItem\",\"position\":2,\"name\":\"Modul\u00e6re opbevaringsl\u00f8sninger\"}]},{\"@type\":\"WebSite\",\"@id\":\"https:\\\/\\\/scanmodul.com\\\/#website\",\"url\":\"https:\\\/\\\/scanmodul.com\\\/\",\"name\":\"Scanmodul\",\"description\":\"\",\"potentialAction\":[{\"@type\":\"SearchAction\",\"target\":{\"@type\":\"EntryPoint\",\"urlTemplate\":\"https:\\\/\\\/scanmodul.com\\\/?s={search_term_string}\"},\"query-input\":{\"@type\":\"PropertyValueSpecification\",\"valueRequired\":true,\"valueName\":\"search_term_string\"}}],\"inLanguage\":\"da-DK\"}]}<\/script>\n<!-- \/ Yoast SEO plugin. -->","yoast_head_json":{"title":"Modul\u00e6re opbevaringsl\u00f8sninger - Scanmodul","robots":{"index":"index","follow":"follow","max-snippet":"max-snippet:-1","max-image-preview":"max-image-preview:large","max-video-preview":"max-video-preview:-1"},"canonical":"https:\/\/scanmodul.com\/da\/modulaere-opbevaringsloesninger\/","og_locale":"da_DK","og_type":"article","og_title":"Modul\u00e6re opbevaringsl\u00f8sninger - Scanmodul","og_description":"[vc_row][vc_column][vc_column_text] Markedsledende modul\u00e6rt opbevarings og transportsystem [\/vc_column_text][vc_empty_space height=&#8221;7px&#8221;][\/vc_column][\/vc_row][vc_row][vc_column][vc_basic_grid post_type=&#8221;iso_module&#8221; max_items=&#8221;-1&#8243; order=&#8221;ASC&#8221; item=&#8221;3746&#8243; grid_id=&#8221;vc_gid:1670917853810-be941e31-e022-2&#8243;][\/vc_column][\/vc_row][vc_row equal_height=&#8221;yes&#8221; content_placement=&#8221;middle&#8221; css=&#8221;.vc_custom_1461744572570{background-color: #e3e3e3 !important;}&#8221; el_class=&#8221;download-row&#8221;][vc_column width=&#8221;1\/2&#8243;][vc_column_text]Katalog download[\/vc_column_text][\/vc_column][vc_column width=&#8221;1\/2&#8243;][vc_btn title=&#8221;Hovedkatalog&#8221; style=&#8221;custom&#8221; custom_background=&#8221;#002d5e&#8221; custom_text=&#8221;#ffffff&#8221; shape=&#8221;square&#8221; align=&#8221;center&#8221; i_icon_fontawesome=&#8221;far fa-file-pdf&#8221; button_block=&#8221;true&#8221; add_icon=&#8221;true&#8221; link=&#8221;url:https%3A%2F%2Fscanmodul.com%2Fwp-content%2Fuploads%2F2022%2F12%2FScanModul-Catalog_DK_LR.pdf|target:_blank&#8221;][\/vc_column][\/vc_row]","og_url":"https:\/\/scanmodul.com\/da\/modulaere-opbevaringsloesninger\/","og_site_name":"Scanmodul","article_modified_time":"2022-12-13T07:51:11+00:00","twitter_card":"summary_large_image","twitter_misc":{"Estimeret l\u00e6setid":"1 minut"},"schema":{"@context":"https:\/\/schema.org","@graph":[{"@type":"WebPage","@id":"https:\/\/scanmodul.com\/da\/modulaere-opbevaringsloesninger\/","url":"https:\/\/scanmodul.com\/da\/modulaere-opbevaringsloesninger\/","name":"Modul\u00e6re opbevaringsl\u00f8sninger - Scanmodul","isPartOf":{"@id":"https:\/\/scanmodul.com\/#website"},"datePublished":"2016-11-23T11:36:42+00:00","dateModified":"2022-12-13T07:51:11+00:00","breadcrumb":{"@id":"https:\/\/scanmodul.com\/da\/modulaere-opbevaringsloesninger\/#breadcrumb"},"inLanguage":"da-DK","potentialAction":[{"@type":"ReadAction","target":["https:\/\/scanmodul.com\/da\/modulaere-opbevaringsloesninger\/"]}]},{"@type":"BreadcrumbList","@id":"https:\/\/scanmodul.com\/da\/modulaere-opbevaringsloesninger\/#breadcrumb","itemListElement":[{"@type":"ListItem","position":1,"name":"Startseite","item":"https:\/\/scanmodul.com\/da\/"},{"@type":"ListItem","position":2,"name":"Modul\u00e6re opbevaringsl\u00f8sninger"}]},{"@type":"WebSite","@id":"https:\/\/scanmodul.com\/#website","url":"https:\/\/scanmodul.com\/","name":"Scanmodul","description":"","potentialAction":[{"@type":"SearchAction","target":{"@type":"EntryPoint","urlTemplate":"https:\/\/scanmodul.com\/?s={search_term_string}"},"query-input":{"@type":"PropertyValueSpecification","valueRequired":true,"valueName":"search_term_string"}}],"inLanguage":"da-DK"}]}},"_links":{"self":[{"href":"https:\/\/scanmodul.com\/da\/wp-json\/wp\/v2\/pages\/2463","targetHints":{"allow":["GET"]}}],"collection":[{"href":"https:\/\/scanmodul.com\/da\/wp-json\/wp\/v2\/pages"}],"about":[{"href":"https:\/\/scanmodul.com\/da\/wp-json\/wp\/v2\/types\/page"}],"author":[{"embeddable":true,"href":"https:\/\/scanmodul.com\/da\/wp-json\/wp\/v2\/users\/2"}],"replies":[{"embeddable":true,"href":"https:\/\/scanmodul.com\/da\/wp-json\/wp\/v2\/comments?post=2463"}],"version-history":[{"count":12,"href":"https:\/\/scanmodul.com\/da\/wp-json\/wp\/v2\/pages\/2463\/revisions"}],"predecessor-version":[{"id":10434,"href":"https:\/\/scanmodul.com\/da\/wp-json\/wp\/v2\/pages\/2463\/revisions\/10434"}],"wp:attachment":[{"href":"https:\/\/scanmodul.com\/da\/wp-json\/wp\/v2\/media?parent=2463"}],"curies":[{"name":"wp","href":"https:\/\/api.w.org\/{rel}","templated":true}]}}